{"id":362,"date":"2014-07-17T09:33:40","date_gmt":"2014-07-17T09:33:40","guid":{"rendered":"http:\/\/blogg.folkuniversitetet.nu\/gunnas\/?page_id=362"},"modified":"2014-08-01T13:35:01","modified_gmt":"2014-08-01T13:35:01","slug":"fler-filmer-av-lasse-aberg","status":"publish","type":"page","link":"https:\/\/blogg.folkuniversitetet.nu\/gunnas\/fler-filmer-av-lasse-aberg\/","title":{"rendered":"Fler filmer av Lasse \u00c5berg"},"content":{"rendered":"<p><strong>Den ofrivillige golfaren<\/strong><\/p>\n<p>Stig-Helmers \u00e4ventyr tillsammans med sin v\u00e4n Ole Bramserud forts\u00e4tter i denna film\u00a0d\u00e4r Stig-Helmer \u00a0blir utmanad i en golft\u00e4vling och m\u00e5ste \u00e5ka till en expert i Skottland som hj\u00e4lper honom att bli &#8221;v\u00e4rldsb\u00e4st&#8221;.<\/p>\n<p>https:\/\/www.youtube.com\/watch?v=vHrg0aciz2Q<\/p>\n<p><strong>H\u00e4lsoresan<\/strong><\/p>\n<p>\u00c5ren har g\u00e5tt och Stig-Helmer har skilt sig och blivit deprimerad och fet. Han beh\u00f6ver en h\u00e4lsokur. H\u00e4r f\u00f6ljer han med Bramserud till Dalarna och r\u00e5kar naturligtvis ut f\u00f6r en massa konstiga saker som vanligt.<\/p>\n<p>https:\/\/www.youtube.com\/watch?v=es7qPh-Mz2U<\/p>\n","protected":false},"excerpt":{"rendered":"<p>Den ofrivillige golfaren Stig-Helmers \u00e4ventyr tillsammans med sin v\u00e4n Ole Bramserud forts\u00e4tter i denna film\u00a0d\u00e4r Stig-Helmer \u00a0blir utmanad i en golft\u00e4vling och m\u00e5ste \u00e5ka till en expert i Skottland som hj\u00e4lper honom att bli &#8221;v\u00e4rldsb\u00e4st&#8221;. https:\/\/www.youtube.com\/watch?v=vHrg0aciz2Q H\u00e4lsoresan \u00c5ren har g\u00e5tt och Stig-Helmer har skilt sig och blivit deprimerad och fet. Han beh\u00f6ver en h\u00e4lsokur. H\u00e4r [&#8230;]<\/p>\n","protected":false},"author":158,"featured_media":0,"parent":0,"menu_order":0,"comment_status":"open","ping_status":"open","template":"","meta":{"footnotes":""},"class_list":["post-362","page","type-page","status-publish","hentry"],"_links":{"self":[{"href":"https:\/\/blogg.folkuniversitetet.nu\/gunnas\/wp-json\/wp\/v2\/pages\/362","targetHints":{"allow":["GET"]}}],"collection":[{"href":"https:\/\/blogg.folkuniversitetet.nu\/gunnas\/wp-json\/wp\/v2\/pages"}],"about":[{"href":"https:\/\/blogg.folkuniversitetet.nu\/gunnas\/wp-json\/wp\/v2\/types\/page"}],"author":[{"embeddable":true,"href":"https:\/\/blogg.folkuniversitetet.nu\/gunnas\/wp-json\/wp\/v2\/users\/158"}],"replies":[{"embeddable":true,"href":"https:\/\/blogg.folkuniversitetet.nu\/gunnas\/wp-json\/wp\/v2\/comments?post=362"}],"version-history":[{"count":5,"href":"https:\/\/blogg.folkuniversitetet.nu\/gunnas\/wp-json\/wp\/v2\/pages\/362\/revisions"}],"predecessor-version":[{"id":607,"href":"https:\/\/blogg.folkuniversitetet.nu\/gunnas\/wp-json\/wp\/v2\/pages\/362\/revisions\/607"}],"wp:attachment":[{"href":"https:\/\/blogg.folkuniversitetet.nu\/gunnas\/wp-json\/wp\/v2\/media?parent=362"}],"curies":[{"name":"wp","href":"https:\/\/api.w.org\/{rel}","templated":true}]}}