{"id":358,"date":"2014-07-17T09:14:54","date_gmt":"2014-07-17T09:14:54","guid":{"rendered":"http:\/\/blogg.folkuniversitetet.nu\/gunnas\/?page_id=358"},"modified":"2014-08-01T09:31:18","modified_gmt":"2014-08-01T09:31:18","slug":"komedi-om-ett-par-som-har-aktenskapsproblem","status":"publish","type":"page","link":"https:\/\/blogg.folkuniversitetet.nu\/gunnas\/komedi-om-ett-par-som-har-aktenskapsproblem\/","title":{"rendered":"Komedi om ett par som har \u00e4ktenskapsproblem"},"content":{"rendered":"<p>Denna film har gjorts efter\u00a0 TV-serien Svensson Svensson,\u00a0som\u00a0gick p\u00e5 Svensk television under flera \u00e5r under 90-talet. TV-serien var mycket popul\u00e4r och varje jul sedan dess\u00a0visas ett avsnitt om familjen n\u00e4r de firar jul.<\/p>\n<p>Filmen \u00e4r textad, men ljudet \u00e4r dock lite l\u00e5gt s\u00e5 ni f\u00e5r skruva upp volymen!<\/p>\n<p>1h20min<\/p>\n<p>https:\/\/www.youtube.com\/watch?v=yzq9_dEpZJg<\/p>\n<p>&nbsp;<\/p>\n<p>&nbsp;<\/p>\n","protected":false},"excerpt":{"rendered":"<p>Denna film har gjorts efter\u00a0 TV-serien Svensson Svensson,\u00a0som\u00a0gick p\u00e5 Svensk television under flera \u00e5r under 90-talet. TV-serien var mycket popul\u00e4r och varje jul sedan dess\u00a0visas ett avsnitt om familjen n\u00e4r de firar jul. Filmen \u00e4r textad, men ljudet \u00e4r dock lite l\u00e5gt s\u00e5 ni f\u00e5r skruva upp volymen! 1h20min https:\/\/www.youtube.com\/watch?v=yzq9_dEpZJg &nbsp; &nbsp;<\/p>\n","protected":false},"author":158,"featured_media":0,"parent":0,"menu_order":0,"comment_status":"open","ping_status":"open","template":"","meta":{"footnotes":""},"class_list":["post-358","page","type-page","status-publish","hentry"],"_links":{"self":[{"href":"https:\/\/blogg.folkuniversitetet.nu\/gunnas\/wp-json\/wp\/v2\/pages\/358","targetHints":{"allow":["GET"]}}],"collection":[{"href":"https:\/\/blogg.folkuniversitetet.nu\/gunnas\/wp-json\/wp\/v2\/pages"}],"about":[{"href":"https:\/\/blogg.folkuniversitetet.nu\/gunnas\/wp-json\/wp\/v2\/types\/page"}],"author":[{"embeddable":true,"href":"https:\/\/blogg.folkuniversitetet.nu\/gunnas\/wp-json\/wp\/v2\/users\/158"}],"replies":[{"embeddable":true,"href":"https:\/\/blogg.folkuniversitetet.nu\/gunnas\/wp-json\/wp\/v2\/comments?post=358"}],"version-history":[{"count":5,"href":"https:\/\/blogg.folkuniversitetet.nu\/gunnas\/wp-json\/wp\/v2\/pages\/358\/revisions"}],"predecessor-version":[{"id":556,"href":"https:\/\/blogg.folkuniversitetet.nu\/gunnas\/wp-json\/wp\/v2\/pages\/358\/revisions\/556"}],"wp:attachment":[{"href":"https:\/\/blogg.folkuniversitetet.nu\/gunnas\/wp-json\/wp\/v2\/media?parent=358"}],"curies":[{"name":"wp","href":"https:\/\/api.w.org\/{rel}","templated":true}]}}