{"id":353,"date":"2014-07-17T09:01:03","date_gmt":"2014-07-17T09:01:03","guid":{"rendered":"http:\/\/blogg.folkuniversitetet.nu\/gunnas\/?page_id=353"},"modified":"2014-08-01T09:44:06","modified_gmt":"2014-08-01T09:44:06","slug":"dokumentar-om-svensk-glesbygd","status":"publish","type":"page","link":"https:\/\/blogg.folkuniversitetet.nu\/gunnas\/dokumentar-om-svensk-glesbygd\/","title":{"rendered":"Dokument\u00e4r om svensk glesbygd"},"content":{"rendered":"<p><strong>Byabussen<\/strong><\/p>\n<p>En film om en by d\u00e4r man sj\u00e4lva har ordnat med en buss f\u00f6r att komma till aff\u00e4rer och bank\/post, mm.<\/p>\n<p>Sv\u00e5righetsgrad B1-B2<\/p>\n<p>Filmen \u00e4r textad. Cirka 10 min l\u00e5ng.<\/p>\n<p><iframe loading=\"lazy\" title=\"Byabussen - med svensk text\" width=\"500\" height=\"281\" src=\"https:\/\/www.youtube.com\/embed\/ekkHhkxuDhc?feature=oembed\" frameborder=\"0\" allow=\"accelerometer; autoplay; clipboard-write; encrypted-media; gyroscope; picture-in-picture; web-share\" referrerpolicy=\"strict-origin-when-cross-origin\" allowfullscreen><\/iframe><\/p>\n<p>Exempel p\u00e5 uppgift att g\u00f6ra till filmen:<\/p>\n<ul>\n<li>Skriv en kort sammanfattning av dokument\u00e4ren.<\/li>\n<li>Diskutera skillnader mellan att bo p\u00e5 landsbygden j\u00e4mf\u00f6rt med i stan.<\/li>\n<li>Skriv om landsbygden i ditt eget land.<\/li>\n<\/ul>\n<p><a href=\"https:\/\/drive.google.com\/file\/d\/0B9z6HFlXjXQOWXNDd3ByZ3NjcWs\/edit?usp=sharing\">Vokabul\u00e4r<\/a><\/p>\n<p>&nbsp;<\/p>\n","protected":false},"excerpt":{"rendered":"<p>Byabussen En film om en by d\u00e4r man sj\u00e4lva har ordnat med en buss f\u00f6r att komma till aff\u00e4rer och bank\/post, mm. Sv\u00e5righetsgrad B1-B2 Filmen \u00e4r textad. Cirka 10 min l\u00e5ng. Exempel p\u00e5 uppgift att g\u00f6ra till filmen: Skriv en kort sammanfattning av dokument\u00e4ren. Diskutera skillnader mellan att bo p\u00e5 landsbygden j\u00e4mf\u00f6rt med i stan. [&#8230;]<\/p>\n","protected":false},"author":158,"featured_media":0,"parent":0,"menu_order":0,"comment_status":"open","ping_status":"open","template":"","meta":{"footnotes":""},"class_list":["post-353","page","type-page","status-publish","hentry"],"_links":{"self":[{"href":"https:\/\/blogg.folkuniversitetet.nu\/gunnas\/wp-json\/wp\/v2\/pages\/353","targetHints":{"allow":["GET"]}}],"collection":[{"href":"https:\/\/blogg.folkuniversitetet.nu\/gunnas\/wp-json\/wp\/v2\/pages"}],"about":[{"href":"https:\/\/blogg.folkuniversitetet.nu\/gunnas\/wp-json\/wp\/v2\/types\/page"}],"author":[{"embeddable":true,"href":"https:\/\/blogg.folkuniversitetet.nu\/gunnas\/wp-json\/wp\/v2\/users\/158"}],"replies":[{"embeddable":true,"href":"https:\/\/blogg.folkuniversitetet.nu\/gunnas\/wp-json\/wp\/v2\/comments?post=353"}],"version-history":[{"count":4,"href":"https:\/\/blogg.folkuniversitetet.nu\/gunnas\/wp-json\/wp\/v2\/pages\/353\/revisions"}],"predecessor-version":[{"id":563,"href":"https:\/\/blogg.folkuniversitetet.nu\/gunnas\/wp-json\/wp\/v2\/pages\/353\/revisions\/563"}],"wp:attachment":[{"href":"https:\/\/blogg.folkuniversitetet.nu\/gunnas\/wp-json\/wp\/v2\/media?parent=353"}],"curies":[{"name":"wp","href":"https:\/\/api.w.org\/{rel}","templated":true}]}}