{"id":346,"date":"2014-07-17T08:32:45","date_gmt":"2014-07-17T08:32:45","guid":{"rendered":"http:\/\/blogg.folkuniversitetet.nu\/gunnas\/?page_id=346"},"modified":"2014-08-01T09:55:54","modified_gmt":"2014-08-01T09:55:54","slug":"346-2","status":"publish","type":"page","link":"https:\/\/blogg.folkuniversitetet.nu\/gunnas\/346-2\/","title":{"rendered":"Kortfilm &#8211; sp\u00f6khistoria"},"content":{"rendered":"<p>P\u00e5\u00a0<strong>svtplay<\/strong> hittar man Utbildningsradions (UR) utbud av filmer f\u00f6r till exempel sfi och svenska som andra spr\u00e5k. H\u00e4r kan du titta p\u00e5 en kort animerad film som heter<\/p>\n<p><a href=\"http:\/\/www.ur.se\/Produkter\/178540-Moderna-spokhistorier-svenska-som-andrasprak-Vacker-utsikt\">Vacker utsikt<\/a>\u00a0&#8211; En sp\u00f6khistoria f\u00f6r ungdomar, men \u00e4nd\u00e5 ett bra material att anv\u00e4nda f\u00f6r att tr\u00e4na \u00f6rat.<\/p>\n<p>Ordlista till filmen finns\u00a0 <a title=\"H\u00c4R:\" href=\"https:\/\/drive.google.com\/file\/d\/0B9z6HFlXjXQOcDhzN1Uyc0RCMEE\/edit?usp=sharing\" target=\"_blank\">H\u00c4R<\/a><a href=\"https:\/\/drive.google.com\/file\/d\/0B9z6HFlXjXQOcDhzN1Uyc0RCMEE\/edit?usp=sharing\">.<\/a><\/p>\n<p>Fr\u00e5geblad finns\u00a0 <a title=\"H\u00c4R:\" href=\"https:\/\/drive.google.com\/file\/d\/0B9z6HFlXjXQOLVNvczVtQzZwWDQ\/edit?usp=sharing\" target=\"_blank\">H\u00c4R<\/a><a href=\"https:\/\/drive.google.com\/file\/d\/0B9z6HFlXjXQOLVNvczVtQzZwWDQ\/edit?usp=sharing\">:<\/a><\/p>\n<p>&nbsp;<\/p>\n","protected":false},"excerpt":{"rendered":"<p>P\u00e5\u00a0svtplay hittar man Utbildningsradions (UR) utbud av filmer f\u00f6r till exempel sfi och svenska som andra spr\u00e5k. H\u00e4r kan du titta p\u00e5 en kort animerad film som heter <a href=\"http:\/\/www.ur.se\/Produkter\/178540-Moderna-spokhistorier-svenska-som-andrasprak-Vacker-utsikt\">Vacker utsikt<\/a>\u00a0&#8211; En sp\u00f6khistoria f\u00f6r ungdomar, men \u00e4nd\u00e5 ett bra material att anv\u00e4nda f\u00f6r att tr\u00e4na \u00f6rat. Ordlista till filmen finns\u00a0 <a title=\"H\u00c4R:\" href=\"https:\/\/drive.google.com\/file\/d\/0B9z6HFlXjXQOcDhzN1Uyc0RCMEE\/edit?usp=sharing\" target=\"_blank\">H\u00c4R<\/a><a href=\"https:\/\/drive.google.com\/file\/d\/0B9z6HFlXjXQOcDhzN1Uyc0RCMEE\/edit?usp=sharing\">.<\/a> [&#8230;]<\/p>\n","protected":false},"author":158,"featured_media":0,"parent":0,"menu_order":0,"comment_status":"open","ping_status":"open","template":"","meta":{"footnotes":""},"class_list":["post-346","page","type-page","status-publish","hentry"],"_links":{"self":[{"href":"https:\/\/blogg.folkuniversitetet.nu\/gunnas\/wp-json\/wp\/v2\/pages\/346","targetHints":{"allow":["GET"]}}],"collection":[{"href":"https:\/\/blogg.folkuniversitetet.nu\/gunnas\/wp-json\/wp\/v2\/pages"}],"about":[{"href":"https:\/\/blogg.folkuniversitetet.nu\/gunnas\/wp-json\/wp\/v2\/types\/page"}],"author":[{"embeddable":true,"href":"https:\/\/blogg.folkuniversitetet.nu\/gunnas\/wp-json\/wp\/v2\/users\/158"}],"replies":[{"embeddable":true,"href":"https:\/\/blogg.folkuniversitetet.nu\/gunnas\/wp-json\/wp\/v2\/comments?post=346"}],"version-history":[{"count":5,"href":"https:\/\/blogg.folkuniversitetet.nu\/gunnas\/wp-json\/wp\/v2\/pages\/346\/revisions"}],"predecessor-version":[{"id":569,"href":"https:\/\/blogg.folkuniversitetet.nu\/gunnas\/wp-json\/wp\/v2\/pages\/346\/revisions\/569"}],"wp:attachment":[{"href":"https:\/\/blogg.folkuniversitetet.nu\/gunnas\/wp-json\/wp\/v2\/media?parent=346"}],"curies":[{"name":"wp","href":"https:\/\/api.w.org\/{rel}","templated":true}]}}