{"id":327,"date":"2014-07-03T12:52:04","date_gmt":"2014-07-03T12:52:04","guid":{"rendered":"http:\/\/blogg.folkuniversitetet.nu\/gunnas\/?page_id=327"},"modified":"2014-08-01T09:41:11","modified_gmt":"2014-08-01T09:41:11","slug":"det-ar-aldrig-foresent","status":"publish","type":"page","link":"https:\/\/blogg.folkuniversitetet.nu\/gunnas\/det-ar-aldrig-foresent\/","title":{"rendered":"Det \u00e4r aldrig f\u00f6rsent"},"content":{"rendered":"<p>&#8230;att l\u00e4ra sig n\u00e5got nytt s\u00e4ger\u00a0102-\u00e5riga bloggaren <a href=\"http:\/\/www.svtplay.se\/klipp\/2161099\/102-ariga-bloggaren-dagny\">Dagny<\/a>\u00a0.<\/p>\n<p>&nbsp;<\/p>\n<p>Ett klipp fr\u00e5n en intervju med Sveriges \u00e4ldsta bloggare. Hon pratar om varf\u00f6r hon bloggar, vad hon tycker om modern teknik, hur det var d\u00e5 hon v\u00e4xte upp och naturligtvis om sitt stora intresse som gjort att hon ocks\u00e5 h\u00e5llit kurser f\u00f6r \u00e4ldre om att blogga.<\/p>\n<p>Inspirerande dam som bevisar att det inte \u00e4r f\u00f6r sent att l\u00e4ra sig n\u00e5got nytt.<\/p>\n<p>Allts\u00e5, k\u00e4mpa p\u00e5 med spr\u00e5ket! \ud83d\ude42<\/p>\n<p>&nbsp;<\/p>\n","protected":false},"excerpt":{"rendered":"<p>&#8230;att l\u00e4ra sig n\u00e5got nytt s\u00e4ger\u00a0102-\u00e5riga bloggaren <a href=\"http:\/\/www.svtplay.se\/klipp\/2161099\/102-ariga-bloggaren-dagny\">Dagny<\/a>\u00a0. &nbsp; Ett klipp fr\u00e5n en intervju med Sveriges \u00e4ldsta bloggare. Hon pratar om varf\u00f6r hon bloggar, vad hon tycker om modern teknik, hur det var d\u00e5 hon v\u00e4xte upp och naturligtvis om sitt stora intresse som gjort att hon ocks\u00e5 h\u00e5llit kurser f\u00f6r \u00e4ldre om att [&#8230;]<\/p>\n","protected":false},"author":158,"featured_media":0,"parent":0,"menu_order":0,"comment_status":"open","ping_status":"open","template":"","meta":{"footnotes":""},"class_list":["post-327","page","type-page","status-publish","hentry"],"_links":{"self":[{"href":"https:\/\/blogg.folkuniversitetet.nu\/gunnas\/wp-json\/wp\/v2\/pages\/327","targetHints":{"allow":["GET"]}}],"collection":[{"href":"https:\/\/blogg.folkuniversitetet.nu\/gunnas\/wp-json\/wp\/v2\/pages"}],"about":[{"href":"https:\/\/blogg.folkuniversitetet.nu\/gunnas\/wp-json\/wp\/v2\/types\/page"}],"author":[{"embeddable":true,"href":"https:\/\/blogg.folkuniversitetet.nu\/gunnas\/wp-json\/wp\/v2\/users\/158"}],"replies":[{"embeddable":true,"href":"https:\/\/blogg.folkuniversitetet.nu\/gunnas\/wp-json\/wp\/v2\/comments?post=327"}],"version-history":[{"count":9,"href":"https:\/\/blogg.folkuniversitetet.nu\/gunnas\/wp-json\/wp\/v2\/pages\/327\/revisions"}],"predecessor-version":[{"id":561,"href":"https:\/\/blogg.folkuniversitetet.nu\/gunnas\/wp-json\/wp\/v2\/pages\/327\/revisions\/561"}],"wp:attachment":[{"href":"https:\/\/blogg.folkuniversitetet.nu\/gunnas\/wp-json\/wp\/v2\/media?parent=327"}],"curies":[{"name":"wp","href":"https:\/\/api.w.org\/{rel}","templated":true}]}}