{"id":290,"date":"2014-06-27T13:38:31","date_gmt":"2014-06-27T13:38:31","guid":{"rendered":"http:\/\/blogg.folkuniversitetet.nu\/gunnas\/?page_id=290"},"modified":"2014-06-27T13:38:31","modified_gmt":"2014-06-27T13:38:31","slug":"soka-jobb","status":"publish","type":"page","link":"https:\/\/blogg.folkuniversitetet.nu\/gunnas\/soka-jobb\/","title":{"rendered":"S\u00f6ka jobb"},"content":{"rendered":"<p>Lyssna p\u00e5 en\u00a0jobbintervju.<\/p>\n<p>Vilka fr\u00e5gor st\u00e4lls? Vad handlar fr\u00e5gorna f\u00f6rst om? Vilka fr\u00e5gor kommer p\u00e5 slutet?<\/p>\n<p>&nbsp;<\/p>\n<p>&nbsp;<\/p>\n","protected":false},"excerpt":{"rendered":"<p>Lyssna p\u00e5 en\u00a0jobbintervju. Vilka fr\u00e5gor st\u00e4lls? Vad handlar fr\u00e5gorna f\u00f6rst om? Vilka fr\u00e5gor kommer p\u00e5 slutet? &nbsp; &nbsp;<\/p>\n","protected":false},"author":158,"featured_media":0,"parent":0,"menu_order":0,"comment_status":"open","ping_status":"open","template":"","meta":{"footnotes":""},"class_list":["post-290","page","type-page","status-publish","hentry"],"_links":{"self":[{"href":"https:\/\/blogg.folkuniversitetet.nu\/gunnas\/wp-json\/wp\/v2\/pages\/290","targetHints":{"allow":["GET"]}}],"collection":[{"href":"https:\/\/blogg.folkuniversitetet.nu\/gunnas\/wp-json\/wp\/v2\/pages"}],"about":[{"href":"https:\/\/blogg.folkuniversitetet.nu\/gunnas\/wp-json\/wp\/v2\/types\/page"}],"author":[{"embeddable":true,"href":"https:\/\/blogg.folkuniversitetet.nu\/gunnas\/wp-json\/wp\/v2\/users\/158"}],"replies":[{"embeddable":true,"href":"https:\/\/blogg.folkuniversitetet.nu\/gunnas\/wp-json\/wp\/v2\/comments?post=290"}],"version-history":[{"count":2,"href":"https:\/\/blogg.folkuniversitetet.nu\/gunnas\/wp-json\/wp\/v2\/pages\/290\/revisions"}],"predecessor-version":[{"id":294,"href":"https:\/\/blogg.folkuniversitetet.nu\/gunnas\/wp-json\/wp\/v2\/pages\/290\/revisions\/294"}],"wp:attachment":[{"href":"https:\/\/blogg.folkuniversitetet.nu\/gunnas\/wp-json\/wp\/v2\/media?parent=290"}],"curies":[{"name":"wp","href":"https:\/\/api.w.org\/{rel}","templated":true}]}}