{"id":259,"date":"2014-06-23T07:12:14","date_gmt":"2014-06-23T07:12:14","guid":{"rendered":"http:\/\/blogg.folkuniversitetet.nu\/gunnas\/?page_id=259"},"modified":"2014-08-01T11:25:19","modified_gmt":"2014-08-01T11:25:19","slug":"adjektiv-1a-gruppen-for-nyborjare","status":"publish","type":"page","link":"https:\/\/blogg.folkuniversitetet.nu\/gunnas\/adjektiv-1a-gruppen-for-nyborjare\/","title":{"rendered":"Adjektiv 1:a gruppen (f\u00f6r nyb\u00f6rjare)"},"content":{"rendered":"<p>En genomg\u00e5ng av den vanligaste b\u00f6jningen av adjektiv: 1:a gruppen<\/p>\n<p>B\u00f6jningsformerna \u00e4r -are \/\u00a0-ast f\u00f6r den f\u00f6rsta gruppen adjektiv. Fin \/ fin<strong>are<\/strong> \/ fin<strong>ast<\/strong>.<\/p>\n<p>I slutet talar hon om n\u00e5gra av de vanligaste adjektiven som b\u00f6js annorlunda. F\u00f6rs\u00f6k ocks\u00e5 att l\u00e4ra dig dem utantill.<\/p>\n<p><iframe loading=\"lazy\" title=\"Adjektiv svenska\" width=\"500\" height=\"375\" src=\"https:\/\/www.youtube.com\/embed\/GCehAv8JKhk?feature=oembed\" frameborder=\"0\" allow=\"accelerometer; autoplay; clipboard-write; encrypted-media; gyroscope; picture-in-picture; web-share\" referrerpolicy=\"strict-origin-when-cross-origin\" allowfullscreen><\/iframe><\/p>\n","protected":false},"excerpt":{"rendered":"<p>En genomg\u00e5ng av den vanligaste b\u00f6jningen av adjektiv: 1:a gruppen B\u00f6jningsformerna \u00e4r -are \/\u00a0-ast f\u00f6r den f\u00f6rsta gruppen adjektiv. Fin \/ finare \/ finast. I slutet talar hon om n\u00e5gra av de vanligaste adjektiven som b\u00f6js annorlunda. F\u00f6rs\u00f6k ocks\u00e5 att l\u00e4ra dig dem utantill.<\/p>\n","protected":false},"author":158,"featured_media":0,"parent":0,"menu_order":0,"comment_status":"open","ping_status":"open","template":"","meta":{"footnotes":""},"class_list":["post-259","page","type-page","status-publish","hentry"],"_links":{"self":[{"href":"https:\/\/blogg.folkuniversitetet.nu\/gunnas\/wp-json\/wp\/v2\/pages\/259","targetHints":{"allow":["GET"]}}],"collection":[{"href":"https:\/\/blogg.folkuniversitetet.nu\/gunnas\/wp-json\/wp\/v2\/pages"}],"about":[{"href":"https:\/\/blogg.folkuniversitetet.nu\/gunnas\/wp-json\/wp\/v2\/types\/page"}],"author":[{"embeddable":true,"href":"https:\/\/blogg.folkuniversitetet.nu\/gunnas\/wp-json\/wp\/v2\/users\/158"}],"replies":[{"embeddable":true,"href":"https:\/\/blogg.folkuniversitetet.nu\/gunnas\/wp-json\/wp\/v2\/comments?post=259"}],"version-history":[{"count":2,"href":"https:\/\/blogg.folkuniversitetet.nu\/gunnas\/wp-json\/wp\/v2\/pages\/259\/revisions"}],"predecessor-version":[{"id":586,"href":"https:\/\/blogg.folkuniversitetet.nu\/gunnas\/wp-json\/wp\/v2\/pages\/259\/revisions\/586"}],"wp:attachment":[{"href":"https:\/\/blogg.folkuniversitetet.nu\/gunnas\/wp-json\/wp\/v2\/media?parent=259"}],"curies":[{"name":"wp","href":"https:\/\/api.w.org\/{rel}","templated":true}]}}