{"id":1645,"date":"2015-10-02T14:25:05","date_gmt":"2015-10-02T14:25:05","guid":{"rendered":"http:\/\/blogg.folkuniversitetet.nu\/gunnas\/?page_id=1645"},"modified":"2015-10-02T14:29:22","modified_gmt":"2015-10-02T14:29:22","slug":"trana-ordforradet-pa-datorn","status":"publish","type":"page","link":"https:\/\/blogg.folkuniversitetet.nu\/gunnas\/trana-ordforradet-pa-datorn\/","title":{"rendered":"Tr\u00e4na ordf\u00f6rr\u00e5det p\u00e5 datorn"},"content":{"rendered":"<p><a href=\"http:\/\/www.digitalasparet.se\/\">DIGITALA SP\u00c5RET<\/a>\u00a0\u00a0\u00e4r en sida med massor av spr\u00e5k\u00f6vningar. D\u00e4r \u00a0hittar du\u00a0m\u00e5nga olika \u00f6vningar\u00a0(m\u00e5nga \u00e4r digitala) \u00a0f\u00f6r b\u00e5de SFI-niv\u00e5er och f\u00f6r SVA 1.<\/p>\n<p><span style=\"text-decoration: underline\"><strong>Nyb\u00f6rjare<\/strong><\/span><\/p>\n<p><a href=\"http:\/\/www.digitalasparet.se\/safir\/startsida.htm\">SAFIR<\/a> ger dig m\u00f6jlighet att \u00f6va p\u00e5 en enklare niv\u00e5.<\/p>\n<p>&nbsp;<\/p>\n<p><span style=\"text-decoration: underline\"><strong>Forts\u00e4ttning<\/strong><\/span><\/p>\n<p>Varf\u00f6r inte testa gratisprogrammet <a href=\"http:\/\/online.seterra.net\/sv\/p\/vokabula\">VOKABULA<\/a>. Det m\u00e5ste laddas ner p\u00e5 datorn.D\u00e4r finns olika niv\u00e5er och \u00f6vningstyper f\u00f6r att tr\u00e4na ordf\u00f6rr\u00e5det. (Kanske lite sv\u00e5rare, men f\u00f6r dig som kommit l\u00e4ngre i svenskan\u00a0\u00e4r det ett bra verktyg.)<\/p>\n","protected":false},"excerpt":{"rendered":"<p><a href=\"http:\/\/www.digitalasparet.se\/\">DIGITALA SP\u00c5RET<\/a>\u00a0\u00a0\u00e4r en sida med massor av spr\u00e5k\u00f6vningar. D\u00e4r \u00a0hittar du\u00a0m\u00e5nga olika \u00f6vningar\u00a0(m\u00e5nga \u00e4r digitala) \u00a0f\u00f6r b\u00e5de SFI-niv\u00e5er och f\u00f6r SVA 1. Nyb\u00f6rjare <a href=\"http:\/\/www.digitalasparet.se\/safir\/startsida.htm\">SAFIR<\/a> ger dig m\u00f6jlighet att \u00f6va p\u00e5 en enklare niv\u00e5. &nbsp; Forts\u00e4ttning Varf\u00f6r inte testa gratisprogrammet <a href=\"http:\/\/online.seterra.net\/sv\/p\/vokabula\">VOKABULA<\/a>. Det m\u00e5ste laddas ner p\u00e5 datorn.D\u00e4r finns olika niv\u00e5er och \u00f6vningstyper f\u00f6r [&#8230;]<\/p>\n","protected":false},"author":158,"featured_media":0,"parent":0,"menu_order":0,"comment_status":"closed","ping_status":"closed","template":"","meta":{"footnotes":""},"class_list":["post-1645","page","type-page","status-publish","hentry"],"_links":{"self":[{"href":"https:\/\/blogg.folkuniversitetet.nu\/gunnas\/wp-json\/wp\/v2\/pages\/1645","targetHints":{"allow":["GET"]}}],"collection":[{"href":"https:\/\/blogg.folkuniversitetet.nu\/gunnas\/wp-json\/wp\/v2\/pages"}],"about":[{"href":"https:\/\/blogg.folkuniversitetet.nu\/gunnas\/wp-json\/wp\/v2\/types\/page"}],"author":[{"embeddable":true,"href":"https:\/\/blogg.folkuniversitetet.nu\/gunnas\/wp-json\/wp\/v2\/users\/158"}],"replies":[{"embeddable":true,"href":"https:\/\/blogg.folkuniversitetet.nu\/gunnas\/wp-json\/wp\/v2\/comments?post=1645"}],"version-history":[{"count":4,"href":"https:\/\/blogg.folkuniversitetet.nu\/gunnas\/wp-json\/wp\/v2\/pages\/1645\/revisions"}],"predecessor-version":[{"id":1649,"href":"https:\/\/blogg.folkuniversitetet.nu\/gunnas\/wp-json\/wp\/v2\/pages\/1645\/revisions\/1649"}],"wp:attachment":[{"href":"https:\/\/blogg.folkuniversitetet.nu\/gunnas\/wp-json\/wp\/v2\/media?parent=1645"}],"curies":[{"name":"wp","href":"https:\/\/api.w.org\/{rel}","templated":true}]}}