{"id":1482,"date":"2015-03-02T17:10:43","date_gmt":"2015-03-02T17:10:43","guid":{"rendered":"http:\/\/blogg.folkuniversitetet.nu\/gunnas\/?page_id=1482"},"modified":"2015-03-02T17:10:43","modified_gmt":"2015-03-02T17:10:43","slug":"klass-9a","status":"publish","type":"page","link":"https:\/\/blogg.folkuniversitetet.nu\/gunnas\/klass-9a\/","title":{"rendered":"Klass 9A"},"content":{"rendered":"<p>TV-serie om en skolklass p\u00e5 h\u00f6gstadiet. Det \u00e4r textat.<\/p>\n<p><a href=\"https:\/\/www.youtube.com\/watch?v=Xl2VkT0D2Uc&#038;list=PLEA2812C1D63AFDD2\">https:\/\/www.youtube.com\/watch?v=Xl2VkT0D2Uc&amp;list=PLEA2812C1D63AFDD2<\/a><\/p>\n","protected":false},"excerpt":{"rendered":"<p>TV-serie om en skolklass p\u00e5 h\u00f6gstadiet. Det \u00e4r textat.<\/p>\n","protected":false},"author":158,"featured_media":0,"parent":0,"menu_order":0,"comment_status":"open","ping_status":"open","template":"","meta":{"footnotes":""},"class_list":["post-1482","page","type-page","status-publish","hentry"],"_links":{"self":[{"href":"https:\/\/blogg.folkuniversitetet.nu\/gunnas\/wp-json\/wp\/v2\/pages\/1482","targetHints":{"allow":["GET"]}}],"collection":[{"href":"https:\/\/blogg.folkuniversitetet.nu\/gunnas\/wp-json\/wp\/v2\/pages"}],"about":[{"href":"https:\/\/blogg.folkuniversitetet.nu\/gunnas\/wp-json\/wp\/v2\/types\/page"}],"author":[{"embeddable":true,"href":"https:\/\/blogg.folkuniversitetet.nu\/gunnas\/wp-json\/wp\/v2\/users\/158"}],"replies":[{"embeddable":true,"href":"https:\/\/blogg.folkuniversitetet.nu\/gunnas\/wp-json\/wp\/v2\/comments?post=1482"}],"version-history":[{"count":1,"href":"https:\/\/blogg.folkuniversitetet.nu\/gunnas\/wp-json\/wp\/v2\/pages\/1482\/revisions"}],"predecessor-version":[{"id":1483,"href":"https:\/\/blogg.folkuniversitetet.nu\/gunnas\/wp-json\/wp\/v2\/pages\/1482\/revisions\/1483"}],"wp:attachment":[{"href":"https:\/\/blogg.folkuniversitetet.nu\/gunnas\/wp-json\/wp\/v2\/media?parent=1482"}],"curies":[{"name":"wp","href":"https:\/\/api.w.org\/{rel}","templated":true}]}}