{"id":140,"date":"2014-06-08T16:41:48","date_gmt":"2014-06-08T16:41:48","guid":{"rendered":"http:\/\/blogg.folkuniversitetet.nu\/gunnas\/?page_id=140"},"modified":"2014-08-05T12:20:22","modified_gmt":"2014-08-05T12:20:22","slug":"kv2a","status":"publish","type":"page","link":"https:\/\/blogg.folkuniversitetet.nu\/gunnas\/kv2a\/","title":{"rendered":"Filmer"},"content":{"rendered":"<p><ins datetime=\"2014-07-18T09:30:36+00:00\"><strong>Tr\u00e4na h\u00f6rf\u00f6rst\u00e5else med svenska, svensktextade filmer. Olika sv\u00e5righetsniv\u00e5er.<\/strong><\/ins><\/p>\n<p>Du hittar under fliken ett urval av s\u00e5dant som finns direkt p\u00e5 internet att streama, tex p\u00e5 YouTube. Jag har valt att l\u00e4gga in n\u00e5gra l\u00e4nkar h\u00e4r p\u00e5 filmer och TV-program som kan vara intressant och en bra f\u00f6r din h\u00f6rf\u00f6rst\u00e5else. Vi s\u00e5g, nu i v\u00e5r, \u00a0en textad svensk l\u00e5ngfilm som Lasse \u00c5berg medverkar i. Han \u00e4r b\u00e5de sk\u00e5despelare och manusf\u00f6rfattare till sina filmer och han har gjort en serie l\u00e5ngfilmer p\u00e5 rese- och semestertema, s\u00e5 kallade \u00a0s\u00e4llskapsresor. Filmen som vi s\u00e5g handlar om de tv\u00e5 huvudpersonerna som ger sig iv\u00e4g ut i Stockholms sk\u00e4rg\u00e5rd och d\u00e4r f\u00e5r de vara med p\u00e5 en segelt\u00e4vling, en regatta. Hans filmer har gjort succ\u00e9 \u00a0och \u00e4r mycket popul\u00e4ra bland svenskarna eftersom vanliga m\u00e4nniskor ofta k\u00e4nner igen sig i dem. H\u00e4r hittar du filmen:<\/p>\n<p>&#8211; \u00a0En film om Stig-Helmer och Ole Bramserud.\u00a0 1h40min (svenskt tal och text)<\/p>\n<p>https:\/\/www.youtube.com\/watch?v=bdVb072HVoM<\/p>\n","protected":false},"excerpt":{"rendered":"<p>Tr\u00e4na h\u00f6rf\u00f6rst\u00e5else med svenska, svensktextade filmer. Olika sv\u00e5righetsniv\u00e5er. Du hittar under fliken ett urval av s\u00e5dant som finns direkt p\u00e5 internet att streama, tex p\u00e5 YouTube. Jag har valt att l\u00e4gga in n\u00e5gra l\u00e4nkar h\u00e4r p\u00e5 filmer och TV-program som kan vara intressant och en bra f\u00f6r din h\u00f6rf\u00f6rst\u00e5else. Vi s\u00e5g, nu i v\u00e5r, \u00a0en [&#8230;]<\/p>\n","protected":false},"author":158,"featured_media":0,"parent":0,"menu_order":0,"comment_status":"open","ping_status":"open","template":"","meta":{"footnotes":""},"class_list":["post-140","page","type-page","status-publish","hentry"],"_links":{"self":[{"href":"https:\/\/blogg.folkuniversitetet.nu\/gunnas\/wp-json\/wp\/v2\/pages\/140","targetHints":{"allow":["GET"]}}],"collection":[{"href":"https:\/\/blogg.folkuniversitetet.nu\/gunnas\/wp-json\/wp\/v2\/pages"}],"about":[{"href":"https:\/\/blogg.folkuniversitetet.nu\/gunnas\/wp-json\/wp\/v2\/types\/page"}],"author":[{"embeddable":true,"href":"https:\/\/blogg.folkuniversitetet.nu\/gunnas\/wp-json\/wp\/v2\/users\/158"}],"replies":[{"embeddable":true,"href":"https:\/\/blogg.folkuniversitetet.nu\/gunnas\/wp-json\/wp\/v2\/comments?post=140"}],"version-history":[{"count":23,"href":"https:\/\/blogg.folkuniversitetet.nu\/gunnas\/wp-json\/wp\/v2\/pages\/140\/revisions"}],"predecessor-version":[{"id":644,"href":"https:\/\/blogg.folkuniversitetet.nu\/gunnas\/wp-json\/wp\/v2\/pages\/140\/revisions\/644"}],"wp:attachment":[{"href":"https:\/\/blogg.folkuniversitetet.nu\/gunnas\/wp-json\/wp\/v2\/media?parent=140"}],"curies":[{"name":"wp","href":"https:\/\/api.w.org\/{rel}","templated":true}]}}