{"id":1340,"date":"2014-11-11T15:43:49","date_gmt":"2014-11-11T15:43:49","guid":{"rendered":"http:\/\/blogg.folkuniversitetet.nu\/gunnas\/?page_id=1340"},"modified":"2014-11-12T07:46:33","modified_gmt":"2014-11-12T07:46:33","slug":"grammatik-och-skrivtips","status":"publish","type":"page","link":"https:\/\/blogg.folkuniversitetet.nu\/gunnas\/grammatik-och-skrivtips\/","title":{"rendered":"Grammatik och skrivtips"},"content":{"rendered":"<p>H\u00e4r ett exempel om indirekt tal och bisatser.<\/p>\n<p><a href=\"http:\/\/slideplayer.se\/slide\/1924765\/\">Slideplayer &#8211; indirekt tal<\/a><\/p>\n<p>Det \u00e4r en sida d\u00e4r du hittar mer hj\u00e4lp med grammatik och annat skrivande och textarbete.\u00a0Ibland hittar du \u00f6vningar\u00a0till. \u00a0Du kan s\u00f6ka efter den grammatik eller spr\u00e5khj\u00e4lp som du beh\u00f6ver \u00f6va.<\/p>\n<p>&nbsp;<\/p>\n<p>&nbsp;<\/p>\n<p>&nbsp;<\/p>\n","protected":false},"excerpt":{"rendered":"<p>H\u00e4r ett exempel om indirekt tal och bisatser. <a href=\"http:\/\/slideplayer.se\/slide\/1924765\/\">Slideplayer &#8211; indirekt tal<\/a> Det \u00e4r en sida d\u00e4r du hittar mer hj\u00e4lp med grammatik och annat skrivande och textarbete.\u00a0Ibland hittar du \u00f6vningar\u00a0till. \u00a0Du kan s\u00f6ka efter den grammatik eller spr\u00e5khj\u00e4lp som du beh\u00f6ver \u00f6va. &nbsp; &nbsp; &nbsp;<\/p>\n","protected":false},"author":158,"featured_media":0,"parent":0,"menu_order":0,"comment_status":"open","ping_status":"open","template":"","meta":{"footnotes":""},"class_list":["post-1340","page","type-page","status-publish","hentry"],"_links":{"self":[{"href":"https:\/\/blogg.folkuniversitetet.nu\/gunnas\/wp-json\/wp\/v2\/pages\/1340","targetHints":{"allow":["GET"]}}],"collection":[{"href":"https:\/\/blogg.folkuniversitetet.nu\/gunnas\/wp-json\/wp\/v2\/pages"}],"about":[{"href":"https:\/\/blogg.folkuniversitetet.nu\/gunnas\/wp-json\/wp\/v2\/types\/page"}],"author":[{"embeddable":true,"href":"https:\/\/blogg.folkuniversitetet.nu\/gunnas\/wp-json\/wp\/v2\/users\/158"}],"replies":[{"embeddable":true,"href":"https:\/\/blogg.folkuniversitetet.nu\/gunnas\/wp-json\/wp\/v2\/comments?post=1340"}],"version-history":[{"count":2,"href":"https:\/\/blogg.folkuniversitetet.nu\/gunnas\/wp-json\/wp\/v2\/pages\/1340\/revisions"}],"predecessor-version":[{"id":1344,"href":"https:\/\/blogg.folkuniversitetet.nu\/gunnas\/wp-json\/wp\/v2\/pages\/1340\/revisions\/1344"}],"wp:attachment":[{"href":"https:\/\/blogg.folkuniversitetet.nu\/gunnas\/wp-json\/wp\/v2\/media?parent=1340"}],"curies":[{"name":"wp","href":"https:\/\/api.w.org\/{rel}","templated":true}]}}