{"id":1250,"date":"2014-10-09T15:19:06","date_gmt":"2014-10-09T15:19:06","guid":{"rendered":"http:\/\/blogg.folkuniversitetet.nu\/gunnas\/?page_id=1250"},"modified":"2016-04-10T10:09:06","modified_gmt":"2016-04-10T10:09:06","slug":"lasforstaelse","status":"publish","type":"page","link":"https:\/\/blogg.folkuniversitetet.nu\/gunnas\/lasforstaelse\/","title":{"rendered":"L\u00e4sf\u00f6rst\u00e5else"},"content":{"rendered":"<p><strong>H\u00e4r \u00e4r en \u00f6vning i l\u00e4sf\u00f6rst\u00e5else. S\u00e4tt ihop texten i r\u00e4tt ordning!<\/strong><\/p>\n<p><a href=\"https:\/\/drive.google.com\/file\/d\/0B9z6HFlXjXQOM0xOWWRMLTNpZ2M\/view?usp=sharing\">Textpussel Saga<\/a><\/p>\n<p><a href=\"https:\/\/drive.google.com\/file\/d\/0B9z6HFlXjXQOcFZCS28tdmVqLXM\/view?usp=sharing\">Textpussel Saga FACIT<\/a><\/p>\n<p><strong>en till \u00f6vning<\/strong><\/p>\n<p><a href=\"https:\/\/drive.google.com\/file\/d\/0B9z6HFlXjXQOZ2xVZmRGbXUtS2s\/view?usp=sharing\">Textpussel Sp\u00f6khistoria (sv\u00e5rare)<\/a><\/p>\n<p><a href=\"https:\/\/drive.google.com\/file\/d\/0B9z6HFlXjXQOMHlEaUJyYUtUU1E\/view?usp=sharing\">Textpussel Sp\u00f6khistoria FACIT<\/a><\/p>\n<p>&nbsp;<\/p>\n<p>H\u00e4r kan du hitta Text i Fokus med l\u00e4sf\u00f6rst\u00e5else\u00f6vningar. Boken kostar 235 kronor och ett facit kostar 50 kronor.<\/p>\n<p><a href=\"http:\/\/cdon.se\/b%c3%b6cker\/fasth%2c_cecilia\/text_i_fokus_1-750882\">CDON.COM<\/a><\/p>\n<p>&nbsp;<\/p>\n<p>&nbsp;<\/p>\n","protected":false},"excerpt":{"rendered":"<p>H\u00e4r \u00e4r en \u00f6vning i l\u00e4sf\u00f6rst\u00e5else. S\u00e4tt ihop texten i r\u00e4tt ordning! <a href=\"https:\/\/drive.google.com\/file\/d\/0B9z6HFlXjXQOM0xOWWRMLTNpZ2M\/view?usp=sharing\">Textpussel Saga<\/a> <a href=\"https:\/\/drive.google.com\/file\/d\/0B9z6HFlXjXQOcFZCS28tdmVqLXM\/view?usp=sharing\">Textpussel Saga FACIT<\/a> en till \u00f6vning <a href=\"https:\/\/drive.google.com\/file\/d\/0B9z6HFlXjXQOZ2xVZmRGbXUtS2s\/view?usp=sharing\">Textpussel Sp\u00f6khistoria (sv\u00e5rare)<\/a> <a href=\"https:\/\/drive.google.com\/file\/d\/0B9z6HFlXjXQOMHlEaUJyYUtUU1E\/view?usp=sharing\">Textpussel Sp\u00f6khistoria FACIT<\/a> &nbsp; H\u00e4r kan du hitta Text i Fokus med l\u00e4sf\u00f6rst\u00e5else\u00f6vningar. Boken kostar 235 kronor och ett facit kostar 50 kronor. <a href=\"http:\/\/cdon.se\/b%c3%b6cker\/fasth%2c_cecilia\/text_i_fokus_1-750882\">CDON.COM<\/a> &nbsp; &nbsp;<\/p>\n","protected":false},"author":158,"featured_media":0,"parent":0,"menu_order":0,"comment_status":"open","ping_status":"open","template":"","meta":{"footnotes":""},"class_list":["post-1250","page","type-page","status-publish","hentry"],"_links":{"self":[{"href":"https:\/\/blogg.folkuniversitetet.nu\/gunnas\/wp-json\/wp\/v2\/pages\/1250","targetHints":{"allow":["GET"]}}],"collection":[{"href":"https:\/\/blogg.folkuniversitetet.nu\/gunnas\/wp-json\/wp\/v2\/pages"}],"about":[{"href":"https:\/\/blogg.folkuniversitetet.nu\/gunnas\/wp-json\/wp\/v2\/types\/page"}],"author":[{"embeddable":true,"href":"https:\/\/blogg.folkuniversitetet.nu\/gunnas\/wp-json\/wp\/v2\/users\/158"}],"replies":[{"embeddable":true,"href":"https:\/\/blogg.folkuniversitetet.nu\/gunnas\/wp-json\/wp\/v2\/comments?post=1250"}],"version-history":[{"count":6,"href":"https:\/\/blogg.folkuniversitetet.nu\/gunnas\/wp-json\/wp\/v2\/pages\/1250\/revisions"}],"predecessor-version":[{"id":1768,"href":"https:\/\/blogg.folkuniversitetet.nu\/gunnas\/wp-json\/wp\/v2\/pages\/1250\/revisions\/1768"}],"wp:attachment":[{"href":"https:\/\/blogg.folkuniversitetet.nu\/gunnas\/wp-json\/wp\/v2\/media?parent=1250"}],"curies":[{"name":"wp","href":"https:\/\/api.w.org\/{rel}","templated":true}]}}