{"id":1247,"date":"2014-10-08T15:10:02","date_gmt":"2014-10-08T15:10:02","guid":{"rendered":"http:\/\/blogg.folkuniversitetet.nu\/gunnas\/?page_id=1247"},"modified":"2015-01-11T11:53:37","modified_gmt":"2015-01-11T11:53:37","slug":"sfi-lankar","status":"publish","type":"page","link":"https:\/\/blogg.folkuniversitetet.nu\/gunnas\/sfi-lankar\/","title":{"rendered":"SFI-l\u00e4nkar"},"content":{"rendered":"<p>L\u00e4nkar till alla m\u00f6jliga olika sidor d\u00e4r du som invandrare kan hitta bra och anv\u00e4ndbara saker f\u00f6r din spr\u00e5ktr\u00e4ning och\u00a0f\u00f6r dina kunskaper om Sverige, med mera.<\/p>\n<p><a href=\"http:\/\/www.kreativpedagogik.se\/\">SFI-l\u00e4nkar<\/a><\/p>\n<p>H\u00f6rf\u00f6rst\u00e5else<\/p>\n<p>H\u00e4r kan du lyssna p\u00e5 andra invandrare som ber\u00e4ttar om sig sj\u00e4lva. Det finns fr\u00e5gor och facit till deras ber\u00e4ttelser.<\/p>\n<p><a href=\"http:\/\/folkuniversitetet.se\/Skolor\/Svenska-for-invandrare-sfi\/SFI-Malmo-\/Sfi-podden-med-livshistorier\/\">Folkuniversitetets Pod-casts<\/a><\/p>\n","protected":false},"excerpt":{"rendered":"<p>L\u00e4nkar till alla m\u00f6jliga olika sidor d\u00e4r du som invandrare kan hitta bra och anv\u00e4ndbara saker f\u00f6r din spr\u00e5ktr\u00e4ning och\u00a0f\u00f6r dina kunskaper om Sverige, med mera. <a href=\"http:\/\/www.kreativpedagogik.se\/\">SFI-l\u00e4nkar<\/a> H\u00f6rf\u00f6rst\u00e5else H\u00e4r kan du lyssna p\u00e5 andra invandrare som ber\u00e4ttar om sig sj\u00e4lva. Det finns fr\u00e5gor och facit till deras ber\u00e4ttelser. <a href=\"http:\/\/folkuniversitetet.se\/Skolor\/Svenska-for-invandrare-sfi\/SFI-Malmo-\/Sfi-podden-med-livshistorier\/\">Folkuniversitetets Pod-casts<\/a><\/p>\n","protected":false},"author":158,"featured_media":0,"parent":0,"menu_order":0,"comment_status":"open","ping_status":"open","template":"","meta":{"footnotes":""},"class_list":["post-1247","page","type-page","status-publish","hentry"],"_links":{"self":[{"href":"https:\/\/blogg.folkuniversitetet.nu\/gunnas\/wp-json\/wp\/v2\/pages\/1247","targetHints":{"allow":["GET"]}}],"collection":[{"href":"https:\/\/blogg.folkuniversitetet.nu\/gunnas\/wp-json\/wp\/v2\/pages"}],"about":[{"href":"https:\/\/blogg.folkuniversitetet.nu\/gunnas\/wp-json\/wp\/v2\/types\/page"}],"author":[{"embeddable":true,"href":"https:\/\/blogg.folkuniversitetet.nu\/gunnas\/wp-json\/wp\/v2\/users\/158"}],"replies":[{"embeddable":true,"href":"https:\/\/blogg.folkuniversitetet.nu\/gunnas\/wp-json\/wp\/v2\/comments?post=1247"}],"version-history":[{"count":3,"href":"https:\/\/blogg.folkuniversitetet.nu\/gunnas\/wp-json\/wp\/v2\/pages\/1247\/revisions"}],"predecessor-version":[{"id":1431,"href":"https:\/\/blogg.folkuniversitetet.nu\/gunnas\/wp-json\/wp\/v2\/pages\/1247\/revisions\/1431"}],"wp:attachment":[{"href":"https:\/\/blogg.folkuniversitetet.nu\/gunnas\/wp-json\/wp\/v2\/media?parent=1247"}],"curies":[{"name":"wp","href":"https:\/\/api.w.org\/{rel}","templated":true}]}}