{"id":1192,"date":"2014-10-01T14:55:54","date_gmt":"2014-10-01T14:55:54","guid":{"rendered":"http:\/\/blogg.folkuniversitetet.nu\/gunnas\/?page_id=1192"},"modified":"2014-10-01T14:56:54","modified_gmt":"2014-10-01T14:56:54","slug":"v-40-foretagsformer","status":"publish","type":"page","link":"https:\/\/blogg.folkuniversitetet.nu\/gunnas\/v-40-foretagsformer\/","title":{"rendered":"v.40 F\u00f6retagsformer"},"content":{"rendered":"<p>Denna veckas uppgift blir att ni f\u00e5r reda ut hur tre olika f\u00f6retagsformer fungerar. Det \u00e4r <strong>Enskild firma &#8211; Handelsbolag &#8211; och Aktiebolag.<\/strong><\/p>\n<p>G\u00e5 in p\u00e5 <a href=\"http:\/\/www.bolagsverket.se\/\">Bolagsverkets hemsida!<\/a>\u00a0D\u00e4r kan ni l\u00e4sa om f\u00f6retagsformerna.<\/p>\n<p>Skillnaderna mellan dessa har juridiska betydelser. <strong>F\u00f6rs\u00f6k att t\u00e4nka ut vilken typ av f\u00f6retag som passar till var och en av dem! <\/strong><\/p>\n","protected":false},"excerpt":{"rendered":"<p>Denna veckas uppgift blir att ni f\u00e5r reda ut hur tre olika f\u00f6retagsformer fungerar. Det \u00e4r Enskild firma &#8211; Handelsbolag &#8211; och Aktiebolag. G\u00e5 in p\u00e5 <a href=\"http:\/\/www.bolagsverket.se\/\">Bolagsverkets hemsida!<\/a>\u00a0D\u00e4r kan ni l\u00e4sa om f\u00f6retagsformerna. Skillnaderna mellan dessa har juridiska betydelser. F\u00f6rs\u00f6k att t\u00e4nka ut vilken typ av f\u00f6retag som passar till var och en av [&#8230;]<\/p>\n","protected":false},"author":158,"featured_media":0,"parent":0,"menu_order":0,"comment_status":"open","ping_status":"open","template":"","meta":{"footnotes":""},"class_list":["post-1192","page","type-page","status-publish","hentry"],"_links":{"self":[{"href":"https:\/\/blogg.folkuniversitetet.nu\/gunnas\/wp-json\/wp\/v2\/pages\/1192","targetHints":{"allow":["GET"]}}],"collection":[{"href":"https:\/\/blogg.folkuniversitetet.nu\/gunnas\/wp-json\/wp\/v2\/pages"}],"about":[{"href":"https:\/\/blogg.folkuniversitetet.nu\/gunnas\/wp-json\/wp\/v2\/types\/page"}],"author":[{"embeddable":true,"href":"https:\/\/blogg.folkuniversitetet.nu\/gunnas\/wp-json\/wp\/v2\/users\/158"}],"replies":[{"embeddable":true,"href":"https:\/\/blogg.folkuniversitetet.nu\/gunnas\/wp-json\/wp\/v2\/comments?post=1192"}],"version-history":[{"count":2,"href":"https:\/\/blogg.folkuniversitetet.nu\/gunnas\/wp-json\/wp\/v2\/pages\/1192\/revisions"}],"predecessor-version":[{"id":1194,"href":"https:\/\/blogg.folkuniversitetet.nu\/gunnas\/wp-json\/wp\/v2\/pages\/1192\/revisions\/1194"}],"wp:attachment":[{"href":"https:\/\/blogg.folkuniversitetet.nu\/gunnas\/wp-json\/wp\/v2\/media?parent=1192"}],"curies":[{"name":"wp","href":"https:\/\/api.w.org\/{rel}","templated":true}]}}