{"id":118,"date":"2014-06-08T13:35:55","date_gmt":"2014-06-08T13:35:55","guid":{"rendered":"http:\/\/blogg.folkuniversitetet.nu\/gunnas\/?page_id=118"},"modified":"2014-06-08T16:39:36","modified_gmt":"2014-06-08T16:39:36","slug":"yrkessvenska-ovrigt-lankar","status":"publish","type":"page","link":"https:\/\/blogg.folkuniversitetet.nu\/gunnas\/yrkessvenska-ovrigt-lankar\/","title":{"rendered":"Yrkessvenska &#8211;  \u00d6vrigt l\u00e4nkar"},"content":{"rendered":"<h2><span style=\"color: #ff9900\">L\u00c4NKAR TILL GRAFIKER, DESIGN OCH KONTOR\/REDOVISNING<\/span><\/h2>\n<p>&nbsp;<\/p>\n<ul>\n<li><strong>Grafiska f\u00f6retagens f\u00f6rbund &#8211; Fakta och information om branschen<\/strong><\/li>\n<\/ul>\n<p><strong><a href=\"http:\/\/www.grafiska.se\/\">http:\/\/www.grafiska.se\/<\/a><\/strong><\/p>\n<ul>\n<li><b><strong>Grafiskt Forum \u2013 Blog med diskussionstr\u00e5dar om yrket som grafiker<\/strong><\/b><\/li>\n<\/ul>\n<p><strong><a href=\"http:\/\/www.grafisktforum.org\/showthread.php?t=30679\">http:\/\/www.grafisktforum.org\/showthread.php?t=30679<\/a> <\/strong><\/p>\n<p><strong>\u00a0<\/strong><\/p>\n<ul>\n<li><b><strong>SwedishDesign.org \u2013 den ultimata samlingsplatsen f\u00f6r Sveriges designer, arkitekter och kreat\u00f6rer<\/strong><\/b><\/li>\n<\/ul>\n<p><strong><a href=\"http:\/\/www.swedishdesign.org\/\">http:\/\/www.swedishdesign.org\/<\/a> <\/strong><\/p>\n<p><strong>\u00a0<\/strong><\/p>\n<ul>\n<li><b><strong>Skatteverket &#8211; Ekonomi, deklaration och skatter <\/strong><\/b><\/li>\n<\/ul>\n<p><strong><a href=\"http:\/\/www.skatteverket.se\/privat.4.76a43be412206334b89800052864.html\">http:\/\/www.skatteverket.se\/privat.4.76a43be412206334b89800052864.html<\/a>\u00a0<\/strong><strong>\u00a0<\/strong><\/p>\n<ul>\n<li><b><strong>Blog.se- G\u00f6r en egen blogg! Blogga om ditt jobb och ditt intresse<\/strong><\/b><\/li>\n<\/ul>\n<p><strong><a href=\"http:\/\/blogg.se\/hemsida\/\">http:\/\/blogg.se\/hemsida\/<\/a>\u00a0<\/strong><strong>\u00a0<\/strong><\/p>\n<ul>\n<li><b><strong>L\u00f6nestatistik \u2013 Sida d\u00e4r du kan se p\u00e5 vilken niv\u00e5 olika yrkesgruppers l\u00f6ner ligger<\/strong><strong>\u00a0<\/strong><\/b><\/li>\n<\/ul>\n<p><strong><a href=\"http:\/\/www.lonestatistik.se\/\">http:\/\/www.lonestatistik.se\/<\/a> <\/strong><\/p>\n<p><strong>\u00a0<\/strong><\/p>\n<ul>\n<li><strong>Fackf\u00f6rbund \u2013 Lista \u00f6ver fackf\u00f6rbund och r\u00e5d om vad som passar just dig.<\/strong><\/li>\n<\/ul>\n<p><b><strong><a href=\"http:\/\/fackf\u00f6rbund.nu\/\">http:\/\/fackf\u00f6rbund.nu\/<\/a> <\/strong><\/b><\/p>\n<p><strong>\u00a0<\/strong><\/p>\n<ul>\n<li><b><strong>\u00a0Om facket och vad det inneb\u00e4r att vara med. Bra ordlista till arbetslivet.<\/strong><\/b><\/li>\n<\/ul>\n<p><strong><a href=\"http:\/\/www.facketforandras.nu\/\">http:\/\/www.facketforandras.nu\/<\/a> <\/strong><\/p>\n<p><strong>\u00a0<\/strong><\/p>\n<ul>\n<li><b><strong>Handelsanst\u00e4lldas f\u00f6rbund, Facket f\u00f6r butiksarbetare (t.ex. kassabitr\u00e4den, dekorat\u00f6rer, fris\u00f6rer, receptionister)<\/strong><\/b><\/li>\n<\/ul>\n<p><strong><a href=\"https:\/\/www.handels.se\/\">https:\/\/www.handels.se\/<\/a> <\/strong><\/p>\n<p><strong>\u00a0<\/strong><\/p>\n<ul>\n<li><b><strong> Jobbkoll \u2013 R\u00e5d och hj\u00e4lp i jobbs\u00f6kandet (G\u00f6r eget visitkort!)<\/strong><strong>\u00a0<\/strong><\/b><\/li>\n<\/ul>\n<p><strong><a href=\"http:\/\/jobbkoll.se\/\">http:\/\/jobbkoll.se\/<\/a> <\/strong><\/p>\n<p><strong>Statisktiska Centralbyr\u00e5n SCB &#8211; Intressant sajt d\u00e4r man kan se olika nyckeltal och tabeller \u00f6ver myndigheter och f\u00f6retag i Sverige.<\/strong><\/p>\n<p><strong><a href=\"http:\/\/www.scb.se\/sv_\/Vara-tjanster\/Foretag--och-myndighetsregister\/\">http:\/\/www.scb.se\/sv_\/Vara-tjanster\/Foretag&#8211;och-myndighetsregister\/<\/a> <\/strong><\/p>\n<p>&nbsp;<\/p>\n<p><strong>\u00a0<\/strong><\/p>\n<p><strong><a href=\"http:\/\/www.scb.se\/\">http:\/\/www.scb.se\/<\/a><\/strong><\/p>\n","protected":false},"excerpt":{"rendered":"<p>L\u00c4NKAR TILL GRAFIKER, DESIGN OCH KONTOR\/REDOVISNING &nbsp; Grafiska f\u00f6retagens f\u00f6rbund &#8211; Fakta och information om branschen <a href=\"http:\/\/www.grafiska.se\/\">http:\/\/www.grafiska.se\/<\/a> Grafiskt Forum \u2013 Blog med diskussionstr\u00e5dar om yrket som grafiker <a href=\"http:\/\/www.grafisktforum.org\/showthread.php?t=30679\">http:\/\/www.grafisktforum.org\/showthread.php?t=30679<\/a> \u00a0 SwedishDesign.org \u2013 den ultimata samlingsplatsen f\u00f6r Sveriges designer, arkitekter och kreat\u00f6rer <a href=\"http:\/\/www.swedishdesign.org\/\">http:\/\/www.swedishdesign.org\/<\/a> \u00a0 Skatteverket &#8211; Ekonomi, deklaration och skatter <a href=\"http:\/\/www.skatteverket.se\/privat.4.76a43be412206334b89800052864.html\">http:\/\/www.skatteverket.se\/privat.4.76a43be412206334b89800052864.html<\/a>\u00a0\u00a0 Blog.se- G\u00f6r [&#8230;]<\/p>\n","protected":false},"author":158,"featured_media":0,"parent":0,"menu_order":0,"comment_status":"open","ping_status":"open","template":"","meta":{"footnotes":""},"class_list":["post-118","page","type-page","status-publish","hentry"],"_links":{"self":[{"href":"https:\/\/blogg.folkuniversitetet.nu\/gunnas\/wp-json\/wp\/v2\/pages\/118","targetHints":{"allow":["GET"]}}],"collection":[{"href":"https:\/\/blogg.folkuniversitetet.nu\/gunnas\/wp-json\/wp\/v2\/pages"}],"about":[{"href":"https:\/\/blogg.folkuniversitetet.nu\/gunnas\/wp-json\/wp\/v2\/types\/page"}],"author":[{"embeddable":true,"href":"https:\/\/blogg.folkuniversitetet.nu\/gunnas\/wp-json\/wp\/v2\/users\/158"}],"replies":[{"embeddable":true,"href":"https:\/\/blogg.folkuniversitetet.nu\/gunnas\/wp-json\/wp\/v2\/comments?post=118"}],"version-history":[{"count":9,"href":"https:\/\/blogg.folkuniversitetet.nu\/gunnas\/wp-json\/wp\/v2\/pages\/118\/revisions"}],"predecessor-version":[{"id":139,"href":"https:\/\/blogg.folkuniversitetet.nu\/gunnas\/wp-json\/wp\/v2\/pages\/118\/revisions\/139"}],"wp:attachment":[{"href":"https:\/\/blogg.folkuniversitetet.nu\/gunnas\/wp-json\/wp\/v2\/media?parent=118"}],"curies":[{"name":"wp","href":"https:\/\/api.w.org\/{rel}","templated":true}]}}