{"id":1062,"date":"2014-09-16T16:33:56","date_gmt":"2014-09-16T16:33:56","guid":{"rendered":"http:\/\/blogg.folkuniversitetet.nu\/gunnas\/?page_id=1062"},"modified":"2014-09-16T16:33:56","modified_gmt":"2014-09-16T16:33:56","slug":"rollspel-skolsituationer","status":"publish","type":"page","link":"https:\/\/blogg.folkuniversitetet.nu\/gunnas\/rollspel-skolsituationer\/","title":{"rendered":"Rollspel &#8211; skolsituationer"},"content":{"rendered":"<p>Vi \u00f6var p\u00e5 spr\u00e5ket genom att spela n\u00e5gra roller.<\/p>\n<p><a href=\"https:\/\/drive.google.com\/file\/d\/0B9z6HFlXjXQOZGlZWWNlYWFjeDg\/edit?usp=sharing\">Rollspel &#8211; skolsituationer<\/a><\/p>\n<p>&nbsp;<\/p>\n","protected":false},"excerpt":{"rendered":"<p>Vi \u00f6var p\u00e5 spr\u00e5ket genom att spela n\u00e5gra roller. <a href=\"https:\/\/drive.google.com\/file\/d\/0B9z6HFlXjXQOZGlZWWNlYWFjeDg\/edit?usp=sharing\">Rollspel &#8211; skolsituationer<\/a> &nbsp;<\/p>\n","protected":false},"author":158,"featured_media":0,"parent":0,"menu_order":0,"comment_status":"open","ping_status":"open","template":"","meta":{"footnotes":""},"class_list":["post-1062","page","type-page","status-publish","hentry"],"_links":{"self":[{"href":"https:\/\/blogg.folkuniversitetet.nu\/gunnas\/wp-json\/wp\/v2\/pages\/1062","targetHints":{"allow":["GET"]}}],"collection":[{"href":"https:\/\/blogg.folkuniversitetet.nu\/gunnas\/wp-json\/wp\/v2\/pages"}],"about":[{"href":"https:\/\/blogg.folkuniversitetet.nu\/gunnas\/wp-json\/wp\/v2\/types\/page"}],"author":[{"embeddable":true,"href":"https:\/\/blogg.folkuniversitetet.nu\/gunnas\/wp-json\/wp\/v2\/users\/158"}],"replies":[{"embeddable":true,"href":"https:\/\/blogg.folkuniversitetet.nu\/gunnas\/wp-json\/wp\/v2\/comments?post=1062"}],"version-history":[{"count":1,"href":"https:\/\/blogg.folkuniversitetet.nu\/gunnas\/wp-json\/wp\/v2\/pages\/1062\/revisions"}],"predecessor-version":[{"id":1063,"href":"https:\/\/blogg.folkuniversitetet.nu\/gunnas\/wp-json\/wp\/v2\/pages\/1062\/revisions\/1063"}],"wp:attachment":[{"href":"https:\/\/blogg.folkuniversitetet.nu\/gunnas\/wp-json\/wp\/v2\/media?parent=1062"}],"curies":[{"name":"wp","href":"https:\/\/api.w.org\/{rel}","templated":true}]}}