{"id":7819,"date":"2023-02-04T14:05:36","date_gmt":"2023-02-04T12:05:36","guid":{"rendered":"https:\/\/blogg.folkuniversitetet.nu\/grecal\/?page_id=7819"},"modified":"2026-04-17T23:06:58","modified_gmt":"2026-04-17T21:06:58","slug":"seminari","status":"publish","type":"page","link":"https:\/\/blogg.folkuniversitetet.nu\/grecal\/seminari\/","title":{"rendered":"Presentazioni (F\u00f6rel\u00e4sningar)"},"content":{"rendered":"\n<div class=\"wp-block-cover\"><img loading=\"lazy\" decoding=\"async\" width=\"1024\" height=\"682\" class=\"wp-block-cover__image-background wp-image-8214\" alt=\"\" src=\"http:\/\/blogg.folkuniversitetet.nu\/grecal\/files\/2023\/09\/IMG_2076-dimensioni-grandi-1024x682.jpeg\" data-object-fit=\"cover\" srcset=\"https:\/\/blogg.folkuniversitetet.nu\/grecal\/files\/2023\/09\/IMG_2076-dimensioni-grandi-1024x682.jpeg 1024w, https:\/\/blogg.folkuniversitetet.nu\/grecal\/files\/2023\/09\/IMG_2076-dimensioni-grandi-300x200.jpeg 300w, https:\/\/blogg.folkuniversitetet.nu\/grecal\/files\/2023\/09\/IMG_2076-dimensioni-grandi-768x512.jpeg 768w, https:\/\/blogg.folkuniversitetet.nu\/grecal\/files\/2023\/09\/IMG_2076-dimensioni-grandi.jpeg 1280w\" sizes=\"auto, (max-width: 1024px) 100vw, 1024px\" \/><span aria-hidden=\"true\" class=\"wp-block-cover__background has-foreground-background-color has-background-dim-30 has-background-dim\"><\/span><div class=\"wp-block-cover__inner-container is-layout-flow wp-block-cover-is-layout-flow\">\n<p class=\"has-text-align-center has-system-font-font-family has-medium-font-size\">Oltre all&#8217;insegnamento nei corsi di lingua e conversazione faccio periodicamente delle presentazioni (<em>f\u00f6rel\u00e4sningar<\/em>) monotematiche su fenomeni culturali, linguistici e sociali in Italia. Tutte le presentazioni sono in italiano, adattato ad un pubblico con un <strong>livello minimo di B1\/B1+<\/strong>.<\/p>\n<\/div><\/div>\n\n\n\n<p class=\"has-system-font-font-family\"><\/p>\n\n\n\n<div style=\"height:50px\" aria-hidden=\"true\" class=\"wp-block-spacer\"><\/div>\n\n\n\n<hr class=\"wp-block-separator has-alpha-channel-opacity\" \/>\n\n\n\n<div style=\"height:50px\" aria-hidden=\"true\" class=\"wp-block-spacer\"><\/div>\n\n\n\n<h4 class=\"wp-block-heading has-text-align-center has-system-font-font-family\"><strong>Presentazioni VT2026<\/strong><\/h4>\n\n\n\n<div style=\"height:30px\" aria-hidden=\"true\" class=\"wp-block-spacer\"><\/div>\n\n\n\n<h5 class=\"wp-block-heading has-text-align-center has-system-font-font-family\"><strong>L&#8217;Italia al Centro del Mediterraneo<\/strong><\/h5>\n\n\n\n<p class=\"has-text-align-center has-system-font-font-family\">17 aprile 2026 (17.00-18.30)<\/p>\n\n\n\n<div style=\"height:100px\" aria-hidden=\"true\" class=\"wp-block-spacer\"><\/div>\n\n\n\n<h5 class=\"wp-block-heading has-text-align-center has-system-font-font-family\"><strong>I premi Nobel Italiani<\/strong><\/h5>\n\n\n\n<p class=\"has-text-align-center has-system-font-font-family\">8 maggio 2026 (17.00-18.30)<\/p>\n\n\n\n<div class=\"wp-block-buttons is-content-justification-center is-layout-flex wp-container-core-buttons-is-layout-a89b3969 wp-block-buttons-is-layout-flex\" style=\"border-style:none;border-width:0px;border-top-left-radius:0px;border-top-right-radius:0px;border-bottom-left-radius:0px;border-bottom-right-radius:0px\">\n<div class=\"wp-block-button\"><a class=\"wp-block-button__link has-primary-background-color has-background has-system-font-font-family wp-element-button\" href=\"https:\/\/www.folkuniversitetet.se\/kurser-utbildningar\/sprak\/italienska\/italienska-specialkurser\/stockholm\/81102\/\" style=\"border-top-left-radius:100px;border-top-right-radius:100px;border-bottom-left-radius:100px;border-bottom-right-radius:100px\" target=\"_blank\" rel=\"noreferrer noopener\">Boka h\u00e4r!<\/a><\/div>\n<\/div>\n\n\n\n<div style=\"height:100px\" aria-hidden=\"true\" class=\"wp-block-spacer\"><\/div>\n\n\n\n<h4 class=\"wp-block-heading has-text-align-center has-system-font-font-family\"><strong>Presentazioni precedenti<\/strong><\/h4>\n\n\n\n<div style=\"height:30px\" aria-hidden=\"true\" class=\"wp-block-spacer\"><\/div>\n\n\n\n<h5 class=\"wp-block-heading has-text-align-center has-system-font-font-family\"><strong>La Pasta italiana \u2014 un viaggio nel tempo<\/strong><\/h5>\n\n\n\n<p class=\"has-text-align-center has-system-font-font-family\">26 novembre 2025<\/p>\n\n\n\n<p class=\"has-system-font-font-family\">Quando, perch\u00e9 e come \u00e8 nata la pasta in Italia? Per caso ha a che fare con i viaggi di Marco Polo o l&#8217;<strong>evoluzione<\/strong> della pasta ha preso strade indipendenti nei diversi continenti? In questo viaggio nel tempo della storia della pasta presento alcuni aspetti storici della pasta senza dimenticare i differenti tipi e con un occhio attento alle diverse <strong>varianti regionali<\/strong> e alle caratteristiche che caratterizzano questo pezzo dell&#8217;<strong>identit\u00e0 culturale<\/strong> italiana.<\/p>\n\n\n\n<div style=\"height:100px\" aria-hidden=\"true\" class=\"wp-block-spacer\"><\/div>\n\n\n\n<h5 class=\"wp-block-heading has-text-align-center has-system-font-font-family\"><strong>I dialetti d&#8217;italia<\/strong><\/h5>\n\n\n\n<p class=\"has-text-align-center has-system-font-font-family\">5 dicembre 2025<\/p>\n\n\n\n<p class=\"has-system-font-font-family\">In questo incontro presento le variet\u00e0 e la distribuzione linguistica dei dialetti, intesi come vere e proprie <strong>lingue diverse<\/strong> dall&#8217;italiano standard. I dialetti d&#8217;Italia (diversissimi tra loro anche a breve distanza geografica) rappresentano un&#8217;identit\u00e0 molto forte per tutte le comunit\u00e0 di parlanti in Italia e hanno un&#8217;origine dovuta sia all&#8217;esistenza di lingue ben prima della diffusione del latino e sia alla successiva divisione politica del territorio italiano, in concomitanza con le vicissitudini storico-sociali nel corso dei secoli. Questo mix di ingredienti linguisticamente <em>esplosivo<\/em> ha poi contribuito alla drammatica differenziazione tra un dialetto e l&#8217;altro. (Data ultimo incontro: <strong>24 ottobre 2022<\/strong>)<\/p>\n\n\n\n<div style=\"height:100px\" aria-hidden=\"true\" class=\"wp-block-spacer\"><\/div>\n\n\n\n<h5 class=\"wp-block-heading has-text-align-center has-system-font-font-family\"><strong>I COGNOMI ITALIANI (ITALIENSKA EFTERNAMN<\/strong>)<\/h5>\n\n\n\n<p class=\"has-text-align-center has-system-font-font-family\">15 maggio 2025<\/p>\n\n\n\n<p class=\"has-system-font-font-family\">Sulla storia dei cognomi italiani \u2014 Vad har de italienska efternamnen f\u00f6r ursprung? Varf\u00f6r heter man till exempel Rossi eller Ferrari? Finns det ett m\u00f6nster som kan f\u00f6rklara s\u00e4rskilda lingvistiska fenomen? Italienska namnen har r\u00f6tter i romartiden och sedan utvecklats under medeltiden samt under modern tid f\u00f6rvandlats till de namn vi har i dagens Italien.<\/p>\n\n\n\n<div style=\"height:100px\" aria-hidden=\"true\" class=\"wp-block-spacer\"><\/div>\n\n\n\n<h5 class=\"wp-block-heading has-text-align-center has-system-font-font-family\"><strong>LA PUGLIA (APULIEN)<\/strong><\/h5>\n\n\n\n<p class=\"has-text-align-center has-system-font-font-family\">22 aprile 2025<\/p>\n\n\n\n<p class=\"has-system-font-font-family\">Den l\u00e5ngsmala regionen \u00e4r bel\u00e4gen vid den syd\u00f6stra spetsen p\u00e5 den italienska halv\u00f6n och \u00e4r en av de rikaste i s\u00f6dra Italien,&nbsp;med sina olivtr\u00e4d, enorma ving\u00e5rdar och o\u00e4ndliga str\u00e4nder. I denna ofta gl\u00f6mda del av landet, som karakteriseras av barockstilen s\u00e5v\u00e4l som av romersk arkitektur, finns en intressant historia. Kejsaren Fredrik II (Stupor Mundi) byggde h\u00e4r ett unikt slott.<\/p>\n\n\n\n<div style=\"height:100px\" aria-hidden=\"true\" class=\"wp-block-spacer\"><\/div>\n\n\n\n<h5 class=\"wp-block-heading has-text-align-center\"><strong>I gesti degli italiani<\/strong><\/h5>\n\n\n\n<p class=\"has-text-align-center has-system-font-font-family\">11 dicembre 2024<\/p>\n\n\n\n<p class=\"has-system-font-font-family\">Sulla &#8220;lingua&#8221; di comunicazione pi\u00f9 pittoresca degli italiani. Gli italiani parlano molto. Ma riescono anche a comunicare in un modo forse unico al mondo: hanno &#8220;sviluppato&#8221; infatti un&#8217;abilit\u00e0 peculiarissima di scambiare informazioni senza dire una parola, ma solo attraverso gesti. Gesti che al di fuori dell&#8217;Italia possono avere tutt&#8217;altro significato e possono essere tragicamente fraintesi da chi non \u00e8 abituato a questo codice comunicativo-comportamentale. In questo incontro presento attraverso video e simpatici quiz come i vari gesti possano essere interpretati e in qualche modo &#8230;anche usati!<\/p>\n\n\n\n<div style=\"height:100px\" aria-hidden=\"true\" class=\"wp-block-spacer\"><\/div>\n\n\n\n<p class=\"has-text-align-center has-system-font-font-family\"><strong>I MIGRANTI ITALIANI NEL MONDO<\/strong><\/p>\n\n\n\n<p class=\"has-text-align-center has-system-font-font-family\">21 novembre 2024<\/p>\n\n\n\n<p class=\"has-system-font-font-family\">Storia e situazione attuale degli italiani emigrati nelle diverse parti del mondo.<\/p>\n\n\n\n<div style=\"height:100px\" aria-hidden=\"true\" class=\"wp-block-spacer\"><\/div>\n\n\n\n<p class=\"has-text-align-center has-system-font-font-family\"><strong>IL GELATO ITALIANO<\/strong><\/p>\n\n\n\n<p class=\"has-text-align-center has-system-font-font-family\">15 ottobre 2024<\/p>\n\n\n\n<p class=\"has-system-font-font-family\">Sulla storia, diffusione ed evoluzione di uno dei prodotti italiani pi\u00f9 apprezzati nel mondo.<\/p>\n\n\n\n<div style=\"height:100px\" aria-hidden=\"true\" class=\"wp-block-spacer\"><\/div>\n\n\n\n<h5 class=\"wp-block-heading has-text-align-center\"><strong>La lingua della politica<\/strong> \u2014 Politikerspr\u00e5ket<\/h5>\n\n\n\n<p class=\"has-text-align-center has-system-font-font-family\">26 aprile 2024<\/p>\n\n\n\n<p class=\"has-system-font-font-family\">En f\u00f6rel\u00e4sning om hur politiker, som till exempel fascisterna, f\u00f6rde fram sin propaganda p\u00e5 1900-talet med hj\u00e4lp av spr\u00e5kliga knep, tekniker och stilar till hur dagens ledare i Italien f\u00f6r fram sitt budskap via sociala media som Twitter (och Tiktok). Olika exempel kommer ges p\u00e5 s\u00e5dant som sagts av k\u00e4nda samt kontroversiella italienska politiker och en ber\u00e4ttelse tas fram om hur italienskt spr\u00e5k anv\u00e4nts under de senaste decennierna.<\/p>\n\n\n\n<div style=\"height:100px\" aria-hidden=\"true\" class=\"wp-block-spacer\"><\/div>\n\n\n\n<h5 class=\"wp-block-heading has-text-align-center\">Il caff\u00e8 italiano<\/h5>\n\n\n\n<p class=\"has-text-align-center has-system-font-font-family\">18 aprile 2024<\/p>\n\n\n\n<p class=\"has-system-font-font-family\">Varifr\u00e5n kommer det italienska kaffet? Hur utvecklades denna traditionella dryck som italienarna identifierar sig med? En f\u00f6rel\u00e4sning utifr\u00e5n ett historiskt perspektiv som vill f\u00f6rklara, visa och ber\u00e4tta olika aspekter av n\u00e5got som starkt f\u00f6rknippas med Italien.<\/p>\n\n\n\n<div style=\"height:100px\" aria-hidden=\"true\" class=\"wp-block-spacer\"><\/div>\n\n\n\n<h5 class=\"wp-block-heading has-text-align-center\">L&#8217;olio d&#8217;oliva \u2014 Italiens gr\u00f6na guld<\/h5>\n\n\n\n<p class=\"has-text-align-center has-system-font-font-family\">9 aprile 2024<\/p>\n\n\n\n<p class=\"has-system-font-font-family\">Tillverkningen av olivolja h\u00f6r till en av Italiens \u00e4ldsta och mest historiskt rotade jordbukstraditioner och om dess betydelse f\u00f6r h\u00e4lsan har det skrivits mycket. L\u00e4r dig om dess historia och utveckling fram till dagens produkt.<\/p>\n\n\n\n<div style=\"height:100px\" aria-hidden=\"true\" class=\"wp-block-spacer\"><\/div>\n\n\n\n<h5 class=\"wp-block-heading has-text-align-center\"><strong>Il ruolo della donna nella mafia<\/strong><\/h5>\n\n\n\n<p class=\"has-text-align-center has-system-font-font-family\">24 novembre 2023<\/p>\n\n\n\n<p class=\"has-system-font-font-family\">In questo incontro presento i vari ruoli (molto diversi tra loro) della donna nella mafia. Diversamente da quanto si pu\u00f2 pensare la donna ha svolto e continua a svolgere ruoli anche molto determinanti per la sopravvivenza e al tempo stesso per la lotta alla mentalit\u00e0 mafiosa.<\/p>\n\n\n\n<div style=\"height:100px\" aria-hidden=\"true\" class=\"wp-block-spacer\"><\/div>\n\n\n\n<h5 class=\"wp-block-heading has-text-align-center\"><strong>Il Salento (e Lecce)<\/strong><\/h5>\n\n\n\n<p class=\"has-text-align-center has-system-font-font-family\">10 novembre 2023<\/p>\n\n\n\n<p class=\"has-system-font-font-family\">Un incontro appassionato sulla cultura, sulle tradizioni e sulle caratteristiche artistico-storiche della mia terra natia. Racconto i luoghi a me cari attraverso un percorso a mo&#8217; di guida turistica, ma anche le tradizioni che mi rappresentano, tutto speziato da incursioni come la cucina, l&#8217;architettura e la storia lunghissima di questa terra gi\u00e0 ricca ben prima dell&#8217;arrivo dell&#8217;impero romano.<\/p>\n\n\n\n<div style=\"height:100px\" aria-hidden=\"true\" class=\"wp-block-spacer\"><\/div>\n\n\n\n<h5 class=\"wp-block-heading has-text-align-center\"><strong>La mafia Italiana<\/strong><\/h5>\n\n\n\n<p class=\"has-text-align-center has-system-font-font-family\">21 novembre 2022<\/p>\n\n\n\n<p class=\"has-system-font-font-family\">In questo incontro presento uno dei temi (sfortunatamente) pi\u00f9 drammatici del panorama sociale italiano, attraverso un percorso diacronico dalle origini di questo fenomeno fino alle ultime vicissitudini. Il legame mafia-massoneria-politica \u00e8 cos\u00ec stretto che la lotta alla mafia sembra persa in partenza. Esistono per\u00f2 tanti eroi in questa lotta contro il sistema mafioso, come i magistrati Giovanni Falcone e Paolo Borsellino, figure iconiche e di riferimento per tante persone. L&#8217;eredit\u00e0 Falcone e Borsellino ora \u00e8 nelle mani di magistrati come Nino Di Matteo o Nicola Grattieri. Ma la lotta alla mafia si fa anche con azioni &#8220;semplici&#8221;: parlando di mafia.<\/p>\n\n\n\n<div style=\"height:30px\" aria-hidden=\"true\" class=\"wp-block-spacer\"><\/div>\n\n\n\n<hr class=\"wp-block-separator has-alpha-channel-opacity is-style-wide\" \/>\n","protected":false},"excerpt":{"rendered":"<p>Presentazioni VT2026 L&#8217;Italia al Centro del Mediterraneo 17 aprile 2026 (17.00-18.30) I premi Nobel Italiani 8 maggio 2026 (17.00-18.30) Presentazioni precedenti La Pasta italiana \u2014 un viaggio nel tempo 26 novembre 2025 Quando, perch\u00e9 e come \u00e8 nata la pasta in Italia? Per caso ha a che fare con i viaggi di Marco Polo o [&hellip;]<\/p>\n","protected":false},"author":638,"featured_media":0,"parent":0,"menu_order":0,"comment_status":"closed","ping_status":"closed","template":"","meta":{"footnotes":""},"class_list":["post-7819","page","type-page","status-publish","hentry"],"_links":{"self":[{"href":"https:\/\/blogg.folkuniversitetet.nu\/grecal\/wp-json\/wp\/v2\/pages\/7819","targetHints":{"allow":["GET"]}}],"collection":[{"href":"https:\/\/blogg.folkuniversitetet.nu\/grecal\/wp-json\/wp\/v2\/pages"}],"about":[{"href":"https:\/\/blogg.folkuniversitetet.nu\/grecal\/wp-json\/wp\/v2\/types\/page"}],"author":[{"embeddable":true,"href":"https:\/\/blogg.folkuniversitetet.nu\/grecal\/wp-json\/wp\/v2\/users\/638"}],"replies":[{"embeddable":true,"href":"https:\/\/blogg.folkuniversitetet.nu\/grecal\/wp-json\/wp\/v2\/comments?post=7819"}],"version-history":[{"count":54,"href":"https:\/\/blogg.folkuniversitetet.nu\/grecal\/wp-json\/wp\/v2\/pages\/7819\/revisions"}],"predecessor-version":[{"id":11398,"href":"https:\/\/blogg.folkuniversitetet.nu\/grecal\/wp-json\/wp\/v2\/pages\/7819\/revisions\/11398"}],"wp:attachment":[{"href":"https:\/\/blogg.folkuniversitetet.nu\/grecal\/wp-json\/wp\/v2\/media?parent=7819"}],"curies":[{"name":"wp","href":"https:\/\/api.w.org\/{rel}","templated":true}]}}