{"id":5904,"date":"2023-04-19T16:04:48","date_gmt":"2023-04-19T14:04:48","guid":{"rendered":"https:\/\/blogg.folkuniversitetet.nu\/gilchr\/?page_id=5904"},"modified":"2026-04-04T09:53:37","modified_gmt":"2026-04-04T07:53:37","slug":"franska-a2-b1-konversation-och-grammatik-4-2-1-4","status":"publish","type":"page","link":"https:\/\/blogg.folkuniversitetet.nu\/gilchr\/franska-a2-b1-konversation-och-grammatik-4-2-1-4\/","title":{"rendered":"Franska A2\/B1 konversation och grammatik (4\/2-1\/4)"},"content":{"rendered":"<p><strong>Cours 1\u00a0<\/strong><\/p>\n<p>Se pr\u00e9senter. R\u00e9vision du pr\u00e9sent.<\/p>\n<ul>\n<li><strong>Devoirs<\/strong> : \u00e9couter un podcast (<strong><span style=\"color: #333399\">ici<\/span><\/strong>), discussion en classe. Exercices verbes du 3\u00e8me groupe -DRE et -INDRE.<\/li>\n<\/ul>\n<p><strong>Cours 2<\/strong><\/p>\n<ul>\n<li><strong>Devoirs<\/strong> : \u00e9tudier le vocabulaire de la cuisine et les verbes au pr\u00e9sent, parler des J.O, pr\u00e9sentation Lisa, grammaire chapitre 21, regarder une vid\u00e9o (<strong><span style=\"color: #333399\">ici<\/span><\/strong>).<\/li>\n<\/ul>\n<p><strong>Cours 3<\/strong><\/p>\n<ul>\n<li><strong>Devoirs<\/strong> : \u00e9tudier le vocabulaire du sport, grammaire chapitre 22 et le pronom EN, pr\u00e9sentation Eva, lire les 3 textes et pr\u00e9parer des questions sur le contenu. \u00c9couter un podcast (<span style=\"color: #333399\"><strong>ici<\/strong><\/span>), pouvoir faire le r\u00e9sum\u00e9.<\/li>\n<\/ul>\n<p><strong>Cours 4<\/strong><\/p>\n<ul>\n<li><strong>Devoirs<\/strong> : grammaire, chapitre 24. Poser des questions sur le texte Ast\u00e9rix et Ob\u00e9lix en utilisant l&#8217;interrogation soutenue. Regarder une vid\u00e9o sur l&#8217;art.<\/li>\n<\/ul>\n<p><strong>Cours 5<\/strong><\/p>\n<ul>\n<li><strong>Devoirs<\/strong> : grammaire, chapitre 15. \u00c9tudier le subjonctif, s&#8217;entra\u00eener \u00e0 utiliser les expressions suivies du subjonctif. R\u00e9viser les temps du pass\u00e9 (chapitres 3 \u00e0 5). Pas de devoirs cette semaine pour la conversation.<\/li>\n<\/ul>\n<p><strong>Cours<\/strong> <strong>6<\/strong><\/p>\n<ul>\n<li><strong>Devoirs<\/strong> : grammaire, chapitre 23 et pages 107 et 108. Lire un texte et \u00e9couter les nouvelles &#8211;<span style=\"color: #333399\">\u00a0<a style=\"color: #333399\" href=\"https:\/\/francaisfacile.rfi.fr\/fr\/podcasts\/journal-en-fran%C3%A7ais-facile\/\">RFI-Journal en fran\u00e7ais facile<\/a><\/span><\/li>\n<\/ul>\n<p><strong>Cours 7<\/strong><\/p>\n<ul>\n<li><strong>Devoirs<\/strong> : grammaire, chapitre 15. R\u00e9viser le vocabulaire du logement et du travail. Proposer \u00e0 vos camarades de classe des sujets de d\u00e9bat pour ou contre. \u00c9couter un audio (via mail). Lire des textes.<\/li>\n<\/ul>\n<p><strong>Cours 8<\/strong><\/p>\n<p>Dernier cours. \u00c0 bient\u00f4t !<\/p>\n","protected":false},"excerpt":{"rendered":"<p>Cours 1\u00a0 Se pr\u00e9senter. R\u00e9vision du pr\u00e9sent. Devoirs : \u00e9couter un podcast (ici), discussion en classe. Exercices verbes du 3\u00e8me groupe -DRE et -INDRE. Cours 2 Devoirs : \u00e9tudier le&#8230;<\/p>\n<div class=\"more-link-wrapper\"><a class=\"more-link\" href=\"https:\/\/blogg.folkuniversitetet.nu\/gilchr\/franska-a2-b1-konversation-och-grammatik-4-2-1-4\/\">L\u00e4s mer<span class=\"screen-reader-text\">Franska A2\/B1 konversation och grammatik (4\/2-1\/4)<\/span><\/a><\/div>\n","protected":false},"author":354,"featured_media":0,"parent":0,"menu_order":0,"comment_status":"closed","ping_status":"closed","template":"","meta":{"footnotes":""},"class_list":["post-5904","page","type-page","status-publish","hentry","excerpt"],"_links":{"self":[{"href":"https:\/\/blogg.folkuniversitetet.nu\/gilchr\/wp-json\/wp\/v2\/pages\/5904","targetHints":{"allow":["GET"]}}],"collection":[{"href":"https:\/\/blogg.folkuniversitetet.nu\/gilchr\/wp-json\/wp\/v2\/pages"}],"about":[{"href":"https:\/\/blogg.folkuniversitetet.nu\/gilchr\/wp-json\/wp\/v2\/types\/page"}],"author":[{"embeddable":true,"href":"https:\/\/blogg.folkuniversitetet.nu\/gilchr\/wp-json\/wp\/v2\/users\/354"}],"replies":[{"embeddable":true,"href":"https:\/\/blogg.folkuniversitetet.nu\/gilchr\/wp-json\/wp\/v2\/comments?post=5904"}],"version-history":[{"count":371,"href":"https:\/\/blogg.folkuniversitetet.nu\/gilchr\/wp-json\/wp\/v2\/pages\/5904\/revisions"}],"predecessor-version":[{"id":10808,"href":"https:\/\/blogg.folkuniversitetet.nu\/gilchr\/wp-json\/wp\/v2\/pages\/5904\/revisions\/10808"}],"wp:attachment":[{"href":"https:\/\/blogg.folkuniversitetet.nu\/gilchr\/wp-json\/wp\/v2\/media?parent=5904"}],"curies":[{"name":"wp","href":"https:\/\/api.w.org\/{rel}","templated":true}]}}