{"id":5811,"date":"2023-03-29T21:32:54","date_gmt":"2023-03-29T19:32:54","guid":{"rendered":"https:\/\/blogg.folkuniversitetet.nu\/gilchr\/?page_id=5811"},"modified":"2026-04-17T07:44:27","modified_gmt":"2026-04-17T05:44:27","slug":"franska-a2-del-3-5-2-21-5","status":"publish","type":"page","link":"https:\/\/blogg.folkuniversitetet.nu\/gilchr\/franska-a2-del-3-5-2-21-5\/","title":{"rendered":"Franska A2 del 3 (5\/2-21\/5)"},"content":{"rendered":"<p><strong>Cours 1<\/strong><\/p>\n<p>Se pr\u00e9senter. Livre, p.87.<\/p>\n<ul>\n<li><strong>Devoirs : <\/strong>\u00e9couter un podcast &#8221;les repas&#8221; (<strong><span style=\"color: #333399\">ici<\/span><\/strong>). Prendre des notes. Discussion en classe.<\/li>\n<\/ul>\n<p><strong>Cours 2<\/strong><\/p>\n<p><span style=\"color: #333399\"><a style=\"color: #333399\" href=\"http:\/\/blogg.folkuniversitetet.nu\/gilchr\/files\/2026\/02\/Corrige-1-a2.3.pdf\">Corrig\u00e9-1-a2.3<\/a><\/span><\/p>\n<ul>\n<li><strong>Devoirs<\/strong> : r\u00e9\u00e9couter le document B page 84 avec la transcription (lecture en classe). Lire les documents A et C pages 84-85, r\u00e9pondre aux questions. Optionnel, l&#8217;exercice 7 page 85. Oralement pr\u00e9senter un plat de la cuisine fran\u00e7aise ou francophone. \u00c9couter un podcast le cin\u00e9ma en France et en Su\u00e8de <strong>(<span style=\"color: #333399\">ici<\/span>).<\/strong> Prendre des notes. Discussion en classe. R\u00e9vision des verbes irr\u00e9guliers en ER.<\/li>\n<\/ul>\n<p><strong>Cours 3<\/strong><\/p>\n<p><span style=\"color: #333399\"><a style=\"color: #333399\" href=\"http:\/\/blogg.folkuniversitetet.nu\/gilchr\/files\/2026\/02\/Corrige.2-a2.3.pdf\">Corrig\u00e9.2-a2.3<\/a><\/span><\/p>\n<ul>\n<li><strong>Devoirs<\/strong> : cahier p.63 et 64. Faites la liste des ingr\u00e9dients de vos plats. R\u00e9ecouter le document E, p.88. R\u00e9\u00e9couter le document B, page 84 avec la transcription (lecture en classe). Documents A et C pages 84-85, r\u00e9pondre aux questions. Optionnel, l&#8217;exercice 7,page 85. Grammaire (<span style=\"color: #333399\"><strong><a style=\"color: #333399\" href=\"https:\/\/www.youtube.com\/watch?v=mTxVc3-n2aU\">vid\u00e9o<\/a><\/strong><\/span>).<\/li>\n<\/ul>\n<p><strong>Cours 4<\/strong><\/p>\n<p><span style=\"color: #333399\"><a style=\"color: #333399\" href=\"http:\/\/blogg.folkuniversitetet.nu\/gilchr\/files\/2026\/03\/Corrige.3-a2.3.pdf\">Corrig\u00e9.3-a2.3<\/a><\/span><\/p>\n<ul>\n<li><strong>Devoirs<\/strong> : lire le texte sur les c\u00e9l\u00e9brit\u00e9s et les noms de rue. Livre, terminer les exercices de la page 91. Faire aussi les documents F et G de la page 90. Attention la compr\u00e9hension orale du document G est difficile, lire la transcription p.203. Exercices avec le pronom EN distribu\u00e9s en classe.<\/li>\n<\/ul>\n<p><strong>Cours 5<\/strong><\/p>\n<p><span style=\"color: #333399\"><a style=\"color: #333399\" href=\"http:\/\/blogg.folkuniversitetet.nu\/gilchr\/files\/2026\/03\/Corrige.4-a2.3.pdf\">Corrig\u00e9.4-a2.3<\/a><\/span><\/p>\n<ul>\n<li><strong><span style=\"color: #333333\">Devoirs<\/span><\/strong> : r\u00e9\u00e9couter le document H, p. 92 et lire la transcription p.203. Lire le document I, p.92 puis r\u00e9pondre aux questions. Grammaire p.93 (ne&#8230;que), exercices 2 et 3. \u00c9tudier le vocabulaire des pages 87 et 91. \u00c9couter une vid\u00e9o avec sous-titres.<\/li>\n<\/ul>\n<p><strong>Cours 6<\/strong><\/p>\n<p><span style=\"color: #333399\"><a style=\"color: #333399\" href=\"http:\/\/blogg.folkuniversitetet.nu\/gilchr\/files\/2026\/03\/Corriges.5-a2.3.pdf\">Corrig\u00e9s.5-a2.3<\/a><\/span><\/p>\n<ul>\n<li><strong>Devoirs<\/strong> : livre, page 98, ex.1 \u00e0 7 et page 101, ex.1 \u00e0 4. Cahier page 67 (vi har redan gjort \u00f6vn.1 och 4). Et si vous voulez, \u00e9couter les nouvelles faciles<span style=\"color: #333399\">\u00a0<a style=\"color: #333399\" href=\"https:\/\/urplay.se\/serie\/244038-nouvelles-en-francais\">UR-Les nouvelles en fran\u00e7ais facile<\/a><\/span><\/li>\n<\/ul>\n<p><strong>Cours<\/strong> <strong>7<\/strong><\/p>\n<p><span style=\"color: #333399\"><a style=\"color: #333399\" href=\"http:\/\/blogg.folkuniversitetet.nu\/gilchr\/files\/2026\/03\/Corrige.6-a2.3.pdf\">Corrig\u00e9.6-a2.3<\/a><\/span><\/p>\n<ul>\n<li><strong>Devoirs<\/strong> : cahier p.65. \u00c9couter un podcast (<strong><span style=\"color: #333399\"><a style=\"color: #333399\" href=\"https:\/\/podcasts.apple.com\/us\/podcast\/comment-fonctionne-le-syste-me-de-sante-en-france\/id1541856876?i=1000724157420\">ici<\/a><\/span><\/strong>). Quelles sont les diff\u00e9rences avec la Su\u00e8de ? Regarder une vid\u00e9o sur les traditions de P\u00e2ques avec les sous-titres en fran\u00e7ais.<\/li>\n<\/ul>\n<p><strong>Cours 8<\/strong><\/p>\n<p><span style=\"color: #333399\"><a style=\"color: #333399\" href=\"http:\/\/blogg.folkuniversitetet.nu\/gilchr\/files\/2026\/04\/Corrige.7-a2.3.pdf\">Corrig\u00e9.7-a2.3<\/a><\/span><\/p>\n<ul>\n<li><strong>Devoirs<\/strong> : livre p.88 (doc.D) et p.105, ex.1 \u00e0 5.<\/li>\n<\/ul>\n<p><strong>Cours 9<\/strong><\/p>\n<p><span style=\"color: #333399\"><a style=\"color: #333399\" href=\"http:\/\/blogg.folkuniversitetet.nu\/gilchr\/files\/2026\/04\/Corrige.8-a2.3.pdf\">Corrig\u00e9.8-a2.3<\/a><\/span><\/p>\n<ul>\n<li><strong>Devoirs<\/strong> : livre, p.102 (doc.D), ex.1 \u00e0 5 et p.106 (doc.I);. cahier p.75, 76 et 78. R\u00e9viser le pass\u00e9 compos\u00e9 (p.16), l&#8217;imparfait (p.30) et le futur simple 8 (p.72). Regarder les vid\u00e9os.<\/li>\n<\/ul>\n<ul>\n<li><span style=\"color: #333399\"><a style=\"color: #333399\" href=\"https:\/\/www.youtube.com\/watch?v=OjmlKQo7XX8\">Pronoms COD le, la, les<\/a><\/span><\/li>\n<li><span style=\"color: #333399\"><a style=\"color: #333399\" href=\"https:\/\/www.youtube.com\/watch?v=eIEFPVnCibI&amp;t=10s\">Pronoms COI, lui, leur<\/a><\/span><\/li>\n<li><span style=\"color: #333399\"><a style=\"color: #333399\" href=\"https:\/\/www.youtube.com\/watch?v=wSmzFRH3iN0\">La place des pronoms COD et COI dans les temps compos\u00e9s<\/a><\/span><\/li>\n<li><span style=\"color: #333399\"><a style=\"color: #333399\" href=\"https:\/\/www.youtube.com\/watch?v=G2KHi4t5TfE\">Le pass\u00e9 compos\u00e9<\/a><\/span><\/li>\n<li><span style=\"color: #333399\"><a style=\"color: #333399\" href=\"https:\/\/www.youtube.com\/watch?v=WYrEeQ_yXzw\">Imparfait<\/a><\/span><\/li>\n<li><span style=\"color: #333399\"><a style=\"color: #333399\" href=\"https:\/\/www.youtube.com\/watch?v=22PTVIX3v0Q&amp;t=1s\">Futur simple<\/a><\/span><\/li>\n<\/ul>\n","protected":false},"excerpt":{"rendered":"<p>Cours 1 Se pr\u00e9senter. Livre, p.87. Devoirs : \u00e9couter un podcast &#8221;les repas&#8221; (ici). Prendre des notes. Discussion en classe. Cours 2 Corrig\u00e9-1-a2.3 Devoirs : r\u00e9\u00e9couter le document B page&#8230;<\/p>\n<div class=\"more-link-wrapper\"><a class=\"more-link\" href=\"https:\/\/blogg.folkuniversitetet.nu\/gilchr\/franska-a2-del-3-5-2-21-5\/\">L\u00e4s mer<span class=\"screen-reader-text\">Franska A2 del 3 (5\/2-21\/5)<\/span><\/a><\/div>\n","protected":false},"author":354,"featured_media":0,"parent":0,"menu_order":0,"comment_status":"closed","ping_status":"closed","template":"","meta":{"footnotes":""},"class_list":["post-5811","page","type-page","status-publish","hentry","excerpt"],"_links":{"self":[{"href":"https:\/\/blogg.folkuniversitetet.nu\/gilchr\/wp-json\/wp\/v2\/pages\/5811","targetHints":{"allow":["GET"]}}],"collection":[{"href":"https:\/\/blogg.folkuniversitetet.nu\/gilchr\/wp-json\/wp\/v2\/pages"}],"about":[{"href":"https:\/\/blogg.folkuniversitetet.nu\/gilchr\/wp-json\/wp\/v2\/types\/page"}],"author":[{"embeddable":true,"href":"https:\/\/blogg.folkuniversitetet.nu\/gilchr\/wp-json\/wp\/v2\/users\/354"}],"replies":[{"embeddable":true,"href":"https:\/\/blogg.folkuniversitetet.nu\/gilchr\/wp-json\/wp\/v2\/comments?post=5811"}],"version-history":[{"count":495,"href":"https:\/\/blogg.folkuniversitetet.nu\/gilchr\/wp-json\/wp\/v2\/pages\/5811\/revisions"}],"predecessor-version":[{"id":10860,"href":"https:\/\/blogg.folkuniversitetet.nu\/gilchr\/wp-json\/wp\/v2\/pages\/5811\/revisions\/10860"}],"wp:attachment":[{"href":"https:\/\/blogg.folkuniversitetet.nu\/gilchr\/wp-json\/wp\/v2\/media?parent=5811"}],"curies":[{"name":"wp","href":"https:\/\/api.w.org\/{rel}","templated":true}]}}