{"id":5506,"date":"2023-02-05T15:48:37","date_gmt":"2023-02-05T14:48:37","guid":{"rendered":"https:\/\/blogg.folkuniversitetet.nu\/gilchr\/?page_id=5506"},"modified":"2026-04-15T10:02:55","modified_gmt":"2026-04-15T08:02:55","slug":"franska-b2-c1-konversation-3-2-28-4","status":"publish","type":"page","link":"https:\/\/blogg.folkuniversitetet.nu\/gilchr\/franska-b2-c1-konversation-3-2-28-4\/","title":{"rendered":"Franska B2\/C1 konversation (3\/2-28\/4)"},"content":{"rendered":"<p><strong>Cours 1\u00a0<\/strong><\/p>\n<ul>\n<li><strong>Devoirs<\/strong> : \u00e9couter un podcast (<strong><span style=\"color: #333399\">ici<\/span><\/strong>), noter les id\u00e9es principales.<\/li>\n<\/ul>\n<p><strong>Cours 2<\/strong><\/p>\n<ul>\n<li><strong>Devoirs<\/strong> : regarder une vid\u00e9o (<strong><span style=\"color: #333399\">ici<\/span><\/strong>). Optionnel sur le m\u00eame sujet, \u00e9couter ce podcast (<span style=\"color: #333399\"><strong>ici<\/strong><\/span>). Pr\u00e9sentation de Gunilla.<\/li>\n<\/ul>\n<p><strong>Cours 3<\/strong><\/p>\n<ul>\n<li><strong>Devoirs<\/strong> : regarder une vid\u00e9o <strong>(<span style=\"color: #333399\">ici<\/span>). <\/strong>Choisir une ou deux blagues uniquement. Raconter en classe. Pr\u00e9sentation de Rosanna. Grammaire, le subjonctif : regarder la vid\u00e9o (<span style=\"color: #333399\"><strong>ici<\/strong><\/span>).<\/li>\n<\/ul>\n<p><strong>Cours 4<\/strong><\/p>\n<ul>\n<li><strong>Devoirs<\/strong> : \u00e9couter un podcast (<span style=\"color: #333399\"><strong>ici<\/strong><\/span>) et lire l&#8217;article du Monde distribu\u00e9 en classe. Continuer \u00e0 apprendre le subjonctif !<\/li>\n<\/ul>\n<p><strong>Cours 5<\/strong><\/p>\n<ul>\n<li><strong>Devoirs<\/strong> : regarder une vid\u00e9o. <strong>1<\/strong>&#8211; parmi les 5 oeuvres pr\u00e9sent\u00e9es, choisir celle que vous pr\u00e9f\u00e9rez et expliquer pourquoi. <strong>2<\/strong>&#8211; d\u00e9crire une oeuvre sans dire ni le nom de l&#8217;artiste ni le nom de l&#8217;oeuvre. \u00c0 la classe de deviner. <strong>3<\/strong>&#8211; Lire le texte sur Jean Nouvel.<\/li>\n<\/ul>\n<p><strong>Cours 6<\/strong><\/p>\n<ul>\n<li><strong>Devoirs<\/strong> : choisir un sujet dont vous souhaitez parler. Pr\u00e9sentation de Fredrik. Continuer avec le subjonctif !<\/li>\n<\/ul>\n<p><strong>Cours 7<\/strong><\/p>\n<ul>\n<li><strong>Devoirs<\/strong> : \u00e9couter un entretien avec Le\u00efla Slimani. De quoi parle-t-on ? Quelles sont vos r\u00e9flexions \u00e0 ce sujet ?<\/li>\n<\/ul>\n<p><strong>Cours 8\u00a0<\/strong><\/p>\n<ul>\n<li><strong>Devoirs<\/strong> : parler d&#8217;une ville fran\u00e7aise ou de la Francophonie. S&#8217;entra\u00eener \u00e0 parler comme un Fran\u00e7ais.<\/li>\n<\/ul>\n<p><strong>Cours 9<\/strong><\/p>\n<ul>\n<li><strong>Devoirs<\/strong> : lire les textes distribu\u00e9s en classe. Pouvoir faire le r\u00e9sum\u00e9 puis comparer avec la Su\u00e8de.<\/li>\n<\/ul>\n<p><strong>Cours 10<\/strong><\/p>\n<ul>\n<li><strong>Devoirs<\/strong> : \u00e9couter un podcast (<strong><span style=\"color: #333399\"><a style=\"color: #333399\" href=\"https:\/\/podcasts.lemonde.fr\/lheure-du-monde\/embed\/v2\/202301271000-comment-aya-nakamura-dead-ca\">ici<\/a><\/span><\/strong>). Qui est cette artiste ? Faire des recherches suppl\u00e9mentaires.<\/li>\n<\/ul>\n","protected":false},"excerpt":{"rendered":"<p>Cours 1\u00a0 Devoirs : \u00e9couter un podcast (ici), noter les id\u00e9es principales. Cours 2 Devoirs : regarder une vid\u00e9o (ici). Optionnel sur le m\u00eame sujet, \u00e9couter ce podcast (ici). Pr\u00e9sentation&#8230;<\/p>\n<div class=\"more-link-wrapper\"><a class=\"more-link\" href=\"https:\/\/blogg.folkuniversitetet.nu\/gilchr\/franska-b2-c1-konversation-3-2-28-4\/\">L\u00e4s mer<span class=\"screen-reader-text\">Franska B2\/C1 konversation (3\/2-28\/4)<\/span><\/a><\/div>\n","protected":false},"author":354,"featured_media":0,"parent":0,"menu_order":0,"comment_status":"closed","ping_status":"closed","template":"","meta":{"footnotes":""},"class_list":["post-5506","page","type-page","status-publish","hentry","excerpt"],"_links":{"self":[{"href":"https:\/\/blogg.folkuniversitetet.nu\/gilchr\/wp-json\/wp\/v2\/pages\/5506","targetHints":{"allow":["GET"]}}],"collection":[{"href":"https:\/\/blogg.folkuniversitetet.nu\/gilchr\/wp-json\/wp\/v2\/pages"}],"about":[{"href":"https:\/\/blogg.folkuniversitetet.nu\/gilchr\/wp-json\/wp\/v2\/types\/page"}],"author":[{"embeddable":true,"href":"https:\/\/blogg.folkuniversitetet.nu\/gilchr\/wp-json\/wp\/v2\/users\/354"}],"replies":[{"embeddable":true,"href":"https:\/\/blogg.folkuniversitetet.nu\/gilchr\/wp-json\/wp\/v2\/comments?post=5506"}],"version-history":[{"count":434,"href":"https:\/\/blogg.folkuniversitetet.nu\/gilchr\/wp-json\/wp\/v2\/pages\/5506\/revisions"}],"predecessor-version":[{"id":10854,"href":"https:\/\/blogg.folkuniversitetet.nu\/gilchr\/wp-json\/wp\/v2\/pages\/5506\/revisions\/10854"}],"wp:attachment":[{"href":"https:\/\/blogg.folkuniversitetet.nu\/gilchr\/wp-json\/wp\/v2\/media?parent=5506"}],"curies":[{"name":"wp","href":"https:\/\/api.w.org\/{rel}","templated":true}]}}