{"id":7274,"date":"2026-03-16T08:37:25","date_gmt":"2026-03-16T08:37:25","guid":{"rendered":"https:\/\/blogg.folkuniversitetet.nu\/gabrle\/?page_id=7274"},"modified":"2026-04-15T09:06:49","modified_gmt":"2026-04-15T09:06:49","slug":"b2-intensiv-2026-03-16","status":"publish","type":"page","link":"https:\/\/blogg.folkuniversitetet.nu\/gabrle\/b2-intensiv-2026-03-16\/","title":{"rendered":"B2 intensiv (2026-03-16)"},"content":{"rendered":"<p><a href=\"http:\/\/blogg.folkuniversitetet.nu\/gabrle\/files\/2026\/04\/Anteckning-15-apr.-2026-B2-intensiv-.pdf\">Anteckning 15 apr. 2026 B2 intensiv<\/a><\/p>\n<p><a href=\"http:\/\/blogg.folkuniversitetet.nu\/gabrle\/files\/2026\/04\/Anteckning-14-apr.-2026-B2-intensiv-.pdf\">Anteckning 14 apr. 2026 B2 intensiv<\/a><\/p>\n<p><a href=\"http:\/\/blogg.folkuniversitetet.nu\/gabrle\/files\/2026\/04\/Anteckning-13-apr.-2026-B2-intensiv-.pdf\">Anteckning 13 apr. 2026 B2 intensiv<\/a><\/p>\n<p>L\u00e4xa till m\u00e5ndag 13\/4: TB 91-93 (l\u00e4s), TB 94-101 (lyssna), \u00d6B: \u00d6va allt 76-77<\/p>\n<p><a href=\"http:\/\/blogg.folkuniversitetet.nu\/gabrle\/files\/2026\/04\/Anteckning-9-apr.-2026-B2-intensiv-.pdf\">Anteckning 9 apr. 2026 B2 intensiv<\/a><\/p>\n<p><a href=\"http:\/\/blogg.folkuniversitetet.nu\/gabrle\/files\/2026\/04\/Anteckning-8-apr.-2026-B2-intensiv-.pdf\">Anteckning 8 apr. 2026 B2 intensiv<\/a><\/p>\n<p><a href=\"http:\/\/blogg.folkuniversitetet.nu\/gabrle\/files\/2026\/04\/Anteckning-7-apr.-2026-B2-intensiv-.pdf\">Anteckning 7 apr. 2026 B2 intensiv<\/a><\/p>\n<p><a href=\"http:\/\/blogg.folkuniversitetet.nu\/gabrle\/files\/2026\/04\/Anteckning-1-apr.-2026-B2-intensiv-.pdf\">Anteckning 1 apr. 2026 B2 intensiv<\/a><\/p>\n<p><a href=\"http:\/\/blogg.folkuniversitetet.nu\/gabrle\/files\/2026\/03\/Anteckning-31-mars-2026-A2-intensiv-.pdf\">Anteckning 31 mars 2026 A2 intensiv<\/a><\/p>\n<p><a href=\"http:\/\/blogg.folkuniversitetet.nu\/gabrle\/files\/2026\/03\/Anteckning-31-mars-2026-B2-intensiv-.pdf\">Anteckning 31 mars 2026 B2 intensiv<\/a><\/p>\n<p><a href=\"http:\/\/blogg.folkuniversitetet.nu\/gabrle\/files\/2026\/03\/Anteckning-30-mars-2026-B2-intensiv-.pdf\">Anteckning 30 mars 2026 B2 intensiv<\/a><\/p>\n<p><a href=\"http:\/\/blogg.folkuniversitetet.nu\/gabrle\/files\/2026\/03\/Anteckning-27-mars-2026-B2-intensiv-.pdf\">Anteckning 27 mars 2026 B2 intensiv<\/a><\/p>\n<p><a href=\"http:\/\/blogg.folkuniversitetet.nu\/gabrle\/files\/2026\/03\/Anteckning-26-mars-2026-B2-intensiv-.pdf\">Anteckning 26 mars 2026 B2 intensiv<\/a><\/p>\n<p><a href=\"http:\/\/blogg.folkuniversitetet.nu\/gabrle\/files\/2026\/03\/Anteckning-25-mars-2026-B2-intensiv-.pdf\">Anteckning 25 mars 2026 B2 intensiv<\/a><\/p>\n<p><a href=\"http:\/\/blogg.folkuniversitetet.nu\/gabrle\/files\/2026\/03\/Anteckning-24-mars-2026-B2-intensiv-.pdf\">Anteckning 24 mars 2026 B2 intensiv<\/a><\/p>\n<p><a href=\"http:\/\/blogg.folkuniversitetet.nu\/gabrle\/files\/2026\/03\/Anteckning-23-mars-2026-B2-intensiv-.pdf\">Anteckning 23 mars 2026 B2 intensiv<\/a><\/p>\n<p><a href=\"http:\/\/blogg.folkuniversitetet.nu\/gabrle\/files\/2026\/03\/Anteckning-18-mars-2026-B2-intensiv-.pdf\">Anteckning 18 mars 2026 B2 intensiv<\/a><\/p>\n<p><a href=\"http:\/\/blogg.folkuniversitetet.nu\/gabrle\/files\/2026\/03\/Anteckning-17-mars-2026-B2-intensiv-.pdf\">Anteckning 17 mars 2026 B2 intensiv<\/a><\/p>\n<p><a href=\"http:\/\/blogg.folkuniversitetet.nu\/gabrle\/files\/2026\/03\/Anteckning-16-mars-2026-B2-intensiv.pdf\">Anteckning 16 mars 2026 B2 intensiv<\/a><\/p>\n<p><a href=\"http:\/\/blogg.folkuniversitetet.nu\/gabrle\/files\/2026\/03\/Repetition-verbgrupper-.pdf\">Repetition verbgrupper<\/a><\/p>\n","protected":false},"excerpt":{"rendered":"<p>Anteckning 15 apr. 2026 B2 intensiv Anteckning 14 apr. 2026 B2 intensiv Anteckning 13 apr. 2026 B2 intensiv L\u00e4xa till m\u00e5ndag 13\/4: TB 91-93 (l\u00e4s), TB 94-101 (lyssna), \u00d6B: \u00d6va allt 76-77 Anteckning 9 apr. 2026 B2 intensiv Anteckning 8 apr. 2026 B2 intensiv Anteckning 7 apr. 2026 B2 intensiv Anteckning 1 apr. 2026 B2 &hellip; <a href=\"https:\/\/blogg.folkuniversitetet.nu\/gabrle\/b2-intensiv-2026-03-16\/\" class=\"more-link\">Forts\u00e4tt l\u00e4sa <span class=\"screen-reader-text\">B2 intensiv (2026-03-16)<\/span> <span class=\"meta-nav\">&rarr;<\/span><\/a><\/p>\n","protected":false},"author":386,"featured_media":0,"parent":0,"menu_order":0,"comment_status":"closed","ping_status":"closed","template":"","meta":{"footnotes":""},"class_list":["post-7274","page","type-page","status-publish","hentry"],"_links":{"self":[{"href":"https:\/\/blogg.folkuniversitetet.nu\/gabrle\/wp-json\/wp\/v2\/pages\/7274","targetHints":{"allow":["GET"]}}],"collection":[{"href":"https:\/\/blogg.folkuniversitetet.nu\/gabrle\/wp-json\/wp\/v2\/pages"}],"about":[{"href":"https:\/\/blogg.folkuniversitetet.nu\/gabrle\/wp-json\/wp\/v2\/types\/page"}],"author":[{"embeddable":true,"href":"https:\/\/blogg.folkuniversitetet.nu\/gabrle\/wp-json\/wp\/v2\/users\/386"}],"replies":[{"embeddable":true,"href":"https:\/\/blogg.folkuniversitetet.nu\/gabrle\/wp-json\/wp\/v2\/comments?post=7274"}],"version-history":[{"count":22,"href":"https:\/\/blogg.folkuniversitetet.nu\/gabrle\/wp-json\/wp\/v2\/pages\/7274\/revisions"}],"predecessor-version":[{"id":7381,"href":"https:\/\/blogg.folkuniversitetet.nu\/gabrle\/wp-json\/wp\/v2\/pages\/7274\/revisions\/7381"}],"wp:attachment":[{"href":"https:\/\/blogg.folkuniversitetet.nu\/gabrle\/wp-json\/wp\/v2\/media?parent=7274"}],"curies":[{"name":"wp","href":"https:\/\/api.w.org\/{rel}","templated":true}]}}