{"id":947,"date":"2020-11-30T09:22:17","date_gmt":"2020-11-30T08:22:17","guid":{"rendered":"http:\/\/blogg.folkuniversitetet.nu\/fuendi\/?page_id=947"},"modified":"2020-11-30T10:27:41","modified_gmt":"2020-11-30T09:27:41","slug":"clase-del-24-de-noviembre","status":"publish","type":"page","link":"https:\/\/blogg.folkuniversitetet.nu\/fuendi\/clase-del-24-de-noviembre\/","title":{"rendered":"Clase del 24 de noviembre"},"content":{"rendered":"<h5>\u201dEl tiempo libre\u201d, p\u00e1ginas 103 y 104<\/h5>\n<p>En este texto est\u00e1n las siguientes oraciones (I den h\u00e4r texten st\u00e5r de f\u00f6ljande meningar):<\/p>\n<p>&nbsp;<\/p>\n<p>En mi tiempo libre siempre\u00a0<strong>he le\u00eddo<\/strong>\u00a0bastante.<\/p>\n<p>P\u00e5 min fritid\u00a0<strong>har<\/strong>\u00a0jag alltid\u00a0<strong>l\u00e4st<\/strong>\u00a0ganska mycket.<\/p>\n<p>&nbsp;<\/p>\n<p>\u00daltimamente mucha gente en Argentina\u00a0\u00a0<strong>ha empezado<\/strong>\u00a0a bailar.<\/p>\n<p>P\u00e5 senaste tiden\u00a0<strong>har<\/strong>\u00a0m\u00e5nga m\u00e4nniskor i Argentina\u00a0<strong>b\u00f6rjat<\/strong>\u00a0dansa.<\/p>\n<p>&nbsp;<\/p>\n<p>Esta forma verbal se llama pret\u00e9rito perfecto, y se usa para expresar algo que ha sucedido, n\u00e5got som har h\u00e4nt.<\/p>\n<h5>Pret\u00e9rito perfecto<\/h5>\n<p><iframe loading=\"lazy\" title=\"Del 1 - Da\u030atid i spanskan, tidsformen perfekt.\" width=\"604\" height=\"453\" src=\"https:\/\/www.youtube.com\/embed\/iLDmFaA80OY?feature=oembed\" frameborder=\"0\" allow=\"accelerometer; autoplay; clipboard-write; encrypted-media; gyroscope; picture-in-picture; web-share\" referrerpolicy=\"strict-origin-when-cross-origin\" allowfullscreen><\/iframe><\/p>\n<p>Recuerden (Kom ih\u00e5g):<\/p>\n<p><strong>Pret\u00e9rito perfecto<\/strong><\/p>\n<p>Haber (auxiliar)\u00a0\u00a0\u00a0\u00a0\u00a0\u00a0\u00a0\u00a0 +\u00a0\u00a0 \u00a0\u00a0\u00a0\u00a0\u00a0participio\u00a0 (verbo principal)<\/p>\n<p>&nbsp;<\/p>\n<p>Yo\u00a0\u00a0\u00a0\u00a0\u00a0\u00a0\u00a0\u00a0\u00a0\u00a0\u00a0\u00a0\u00a0\u00a0\u00a0 he\u00a0\u00a0\u00a0\u00a0\u00a0\u00a0\u00a0\u00a0\u00a0\u00a0\u00a0\u00a0\u00a0\u00a0\u00a0\u00a0\u00a0\u00a0\u00a0\u00a0 \u00a0 -ar\u00a0\u00a0\u00a0\u00a0 \u00a0\u00a0\u00a0\u00a0\u00a0 + -ado\u00a0 \u00a0 \u00a0 \u00a0 \u00a0 \u00a0cantar\u00a0 \u21d2\u00a0 cantado<\/p>\n<p>T\u00fa\u00a0\u00a0\u00a0\u00a0\u00a0\u00a0\u00a0\u00a0\u00a0\u00a0\u00a0\u00a0\u00a0\u00a0\u00a0 has\u00a0\u00a0\u00a0\u00a0\u00a0\u00a0\u00a0\u00a0\u00a0\u00a0\u00a0\u00a0\u00a0\u00a0\u00a0\u00a0\u00a0\u00a0 \u00a0 -er, -ir\u00a0\u00a0\u00a0\u00a0\u00a0 + -ido\u00a0 \u00a0 \u00a0 \u00a0 \u00a0 vivir,\u00a0\u00a0 tener\u00a0 \u21d2\u00a0 \u00a0 vivido, tenido<\/p>\n<p>\u00c9l, ella\u00a0\u00a0\u00a0\u00a0\u00a0\u00a0\u00a0\u00a0 ha<\/p>\n<p>Nosotros\u00a0\u00a0\u00a0\u00a0 hemos<\/p>\n<p>Vosotros\u00a0\u00a0\u00a0\u00a0 hab\u00e9is<\/p>\n<p>Ustedes\u00a0\u00a0\u00a0\u00a0\u00a0 han<\/p>\n<p>Ellos, ellas\u00a0 han<\/p>\n<p>&nbsp;<\/p>\n<p>Ejemplos:<\/p>\n<p>Yo he cantado<\/p>\n<p>Yo he vivido<\/p>\n<p>Yo he tenido<\/p>\n<p>&nbsp;<\/p>\n<p>Otros ejemplos:<\/p>\n<p>hacer\u00a0 \u21d2\u00a0\u00a0<del>hacido<\/del>\u00a0 \u21d2\u00a0 \u00a0hecho (participio irregular)<\/p>\n<p>\u00bfQu\u00e9\u00a0<strong>has hecho<\/strong>\u00a0el fin de semana?<\/p>\n<p><strong>He visitado<\/strong>\u00a0a mi madre, y mi esposo y yo\u00a0<strong>hemos ido<\/strong>\u00a0de compras.<\/p>\n<p>visitar\u00a0\u00a0\u00a0\u00a0\u00a0\u00a0\u00a0\u00a0\u00a0\u00a0\u00a0\u00a0\u00a0\u00a0\u00a0\u00a0\u00a0\u00a0\u00a0\u00a0\u00a0\u00a0\u00a0\u00a0\u00a0\u00a0\u00a0\u00a0\u00a0\u00a0\u00a0\u00a0\u00a0 \u00a0\u00a0\u00a0\u00a0\u00a0\u00a0\u00a0\u00a0\u00a0\u00a0\u00a0\u00a0\u00a0 ir<\/p>\n<p>&nbsp;<\/p>\n<p>desayunar<\/p>\n<p>\u00bfQu\u00e9\u00a0<strong>has desayunado<\/strong>\u00a0hoy?<\/p>\n<p><strong>He desayunado<\/strong>\u00a0huevos cocidos, jam\u00f3n, pan duro y caf\u00e9 con leche.<\/p>\n<p>&nbsp;<\/p>\n<p>Ver \u21d2\u00a0<del>vido<\/del>\u00a0\u21d2 visto (p. irregular)\u00a0 \u00a0 \u00a0 \u00a0 \u00a0 \u00a0 \u00a0 gustar<\/p>\n<p>\u00bf<strong>Has visto<\/strong>\u00a0la pel\u00edcula\u00a0<em>Dumbo<\/em>? \u00bfTe\u00a0<strong>ha gustado<\/strong>?<\/p>\n<p>S\u00ed, he visto\u00a0<em>Dumbo\u00a0<\/em>y me\u00a0<strong>ha encantado<\/strong>.<\/p>\n<p>encantar<\/p>\n<h5>TAREA:<\/h5>\n<ol>\n<li>Leer el texto \u201cEl tiempo libre de Tarik\u201d, p\u00e1gina 105 y estudiar el vocabulario.<\/li>\n<li>Estudiar la p\u00e1gina 108\u00a0<em>As\u00ed se dice<\/em>\u00a0y el vocabulario de la p\u00e1gina 108 sobre\u00a0<em>Pasatiempos<\/em>.<\/li>\n<li>Repasar el pret\u00e9rito perfecto, p. 106 + video \u21d1\u21d1\u21d1.<\/li>\n<\/ol>\n","protected":false},"excerpt":{"rendered":"<p>\u201dEl tiempo libre\u201d, p\u00e1ginas 103 y 104 En este texto est\u00e1n las siguientes oraciones (I den h\u00e4r texten st\u00e5r de f\u00f6ljande meningar): &nbsp; En mi tiempo libre siempre\u00a0he le\u00eddo\u00a0bastante. P\u00e5 min fritid\u00a0har\u00a0jag alltid\u00a0l\u00e4st\u00a0ganska mycket. &nbsp; \u00daltimamente mucha gente en Argentina\u00a0\u00a0ha empezado\u00a0a bailar. P\u00e5 senaste tiden\u00a0har\u00a0m\u00e5nga m\u00e4nniskor i Argentina\u00a0b\u00f6rjat\u00a0dansa. &nbsp; Esta forma verbal se llama pret\u00e9rito &hellip; <a href=\"https:\/\/blogg.folkuniversitetet.nu\/fuendi\/clase-del-24-de-noviembre\/\" class=\"more-link\">Forts\u00e4tt l\u00e4sa <span class=\"screen-reader-text\">Clase del 24 de noviembre<\/span> <span class=\"meta-nav\">&rarr;<\/span><\/a><\/p>\n","protected":false},"author":787,"featured_media":0,"parent":0,"menu_order":0,"comment_status":"closed","ping_status":"closed","template":"","meta":{"footnotes":""},"class_list":["post-947","page","type-page","status-publish","hentry"],"_links":{"self":[{"href":"https:\/\/blogg.folkuniversitetet.nu\/fuendi\/wp-json\/wp\/v2\/pages\/947","targetHints":{"allow":["GET"]}}],"collection":[{"href":"https:\/\/blogg.folkuniversitetet.nu\/fuendi\/wp-json\/wp\/v2\/pages"}],"about":[{"href":"https:\/\/blogg.folkuniversitetet.nu\/fuendi\/wp-json\/wp\/v2\/types\/page"}],"author":[{"embeddable":true,"href":"https:\/\/blogg.folkuniversitetet.nu\/fuendi\/wp-json\/wp\/v2\/users\/787"}],"replies":[{"embeddable":true,"href":"https:\/\/blogg.folkuniversitetet.nu\/fuendi\/wp-json\/wp\/v2\/comments?post=947"}],"version-history":[{"count":4,"href":"https:\/\/blogg.folkuniversitetet.nu\/fuendi\/wp-json\/wp\/v2\/pages\/947\/revisions"}],"predecessor-version":[{"id":953,"href":"https:\/\/blogg.folkuniversitetet.nu\/fuendi\/wp-json\/wp\/v2\/pages\/947\/revisions\/953"}],"wp:attachment":[{"href":"https:\/\/blogg.folkuniversitetet.nu\/fuendi\/wp-json\/wp\/v2\/media?parent=947"}],"curies":[{"name":"wp","href":"https:\/\/api.w.org\/{rel}","templated":true}]}}