{"id":936,"date":"2020-11-24T15:20:05","date_gmt":"2020-11-24T14:20:05","guid":{"rendered":"http:\/\/blogg.folkuniversitetet.nu\/fuendi\/?page_id=936"},"modified":"2020-11-24T15:28:00","modified_gmt":"2020-11-24T14:28:00","slug":"clase-del-10-de-noviembre","status":"publish","type":"page","link":"https:\/\/blogg.folkuniversitetet.nu\/fuendi\/clase-del-10-de-noviembre\/","title":{"rendered":"Clase del 10 de noviembre"},"content":{"rendered":"<h5>Un d\u00eda en la vida de Carin<\/h5>\n<p><a href=\"http:\/\/blogg.folkuniversitetet.nu\/fuendi\/files\/2019\/10\/IMG_20191016_152537.jpg\"><img loading=\"lazy\" decoding=\"async\" class=\"size-medium wp-image-101\" src=\"http:\/\/blogg.folkuniversitetet.nu\/fuendi\/files\/2019\/10\/IMG_20191016_152537-220x300.jpg\" alt=\"\" width=\"220\" height=\"300\" \/><\/a><\/p>\n<p>Aqu\u00ed \u21d2\u00a0<a href=\"http:\/\/blogg.folkuniversitetet.nu\/fuendi\/files\/2020\/04\/Palabras-y-verbos-%C3%BAtiles.pdf\">Palabras y verbos \u00fatiles para escribir Un d\u00eda en la vida de Carin<\/a><\/p>\n<h5>Aqu\u00ed \u21d2\u00a0<a href=\"http:\/\/blogg.folkuniversitetet.nu\/fuendi\/files\/2019\/11\/Palabras-y-frases-%C3%BAtiles.pdf\">Palabras y frases \u00fatiles<\/a> relacionadas con el texto \u201dD\u00edas de trabajo\u201d p. 90-91<\/h5>\n<h5>PODER \/ ue \/ = att kunna<\/h5>\n<p>Jag kan tala med dig.<\/p>\n<p>Yo <strong>puedo<\/strong> hablar contigo<\/p>\n<p>Du kan tala med mig.<\/p>\n<p>T\u00fa <strong>puedes<\/strong> hablar conmigo.<\/p>\n<p>&nbsp;<\/p>\n<p><strong>Puedo<\/strong> hablar espa\u00f1ol.<\/p>\n<p>\u00bf<strong>Puedes<\/strong> hablar chino?\u00a0\u00a0\u00a0 No, no <strong>puedo<\/strong>.<\/p>\n<p>No <strong>podemos<\/strong> visitar a los abuelos.<\/p>\n<p>&nbsp;<\/p>\n<h5><span style=\"color: #ff0000\">TAREA:<\/span><\/h5>\n<ol>\n<li>Ejercicio 2, p. 95.<\/li>\n<li>Ejercicio 7, p. 96 y 97.<\/li>\n<li>Ejercicio 8 y 9, p. 97.<\/li>\n<li>Leer los textos \u201cEl tiempo libre\u201d y \u201cEl tiempo libre de Tarik\u201d, p\u00e1ginas 103, 104 y 105 y estudiar el vocabulario.<\/li>\n<\/ol>\n","protected":false},"excerpt":{"rendered":"<p>Un d\u00eda en la vida de Carin Aqu\u00ed \u21d2\u00a0Palabras y verbos \u00fatiles para escribir Un d\u00eda en la vida de Carin Aqu\u00ed \u21d2\u00a0Palabras y frases \u00fatiles relacionadas con el texto \u201dD\u00edas de trabajo\u201d p. 90-91 PODER \/ ue \/ = att kunna Jag kan tala med dig. Yo puedo hablar contigo Du kan tala med &hellip; <a href=\"https:\/\/blogg.folkuniversitetet.nu\/fuendi\/clase-del-10-de-noviembre\/\" class=\"more-link\">Forts\u00e4tt l\u00e4sa <span class=\"screen-reader-text\">Clase del 10 de noviembre<\/span> <span class=\"meta-nav\">&rarr;<\/span><\/a><\/p>\n","protected":false},"author":787,"featured_media":0,"parent":0,"menu_order":0,"comment_status":"closed","ping_status":"closed","template":"","meta":{"footnotes":""},"class_list":["post-936","page","type-page","status-publish","hentry"],"_links":{"self":[{"href":"https:\/\/blogg.folkuniversitetet.nu\/fuendi\/wp-json\/wp\/v2\/pages\/936","targetHints":{"allow":["GET"]}}],"collection":[{"href":"https:\/\/blogg.folkuniversitetet.nu\/fuendi\/wp-json\/wp\/v2\/pages"}],"about":[{"href":"https:\/\/blogg.folkuniversitetet.nu\/fuendi\/wp-json\/wp\/v2\/types\/page"}],"author":[{"embeddable":true,"href":"https:\/\/blogg.folkuniversitetet.nu\/fuendi\/wp-json\/wp\/v2\/users\/787"}],"replies":[{"embeddable":true,"href":"https:\/\/blogg.folkuniversitetet.nu\/fuendi\/wp-json\/wp\/v2\/comments?post=936"}],"version-history":[{"count":3,"href":"https:\/\/blogg.folkuniversitetet.nu\/fuendi\/wp-json\/wp\/v2\/pages\/936\/revisions"}],"predecessor-version":[{"id":941,"href":"https:\/\/blogg.folkuniversitetet.nu\/fuendi\/wp-json\/wp\/v2\/pages\/936\/revisions\/941"}],"wp:attachment":[{"href":"https:\/\/blogg.folkuniversitetet.nu\/fuendi\/wp-json\/wp\/v2\/media?parent=936"}],"curies":[{"name":"wp","href":"https:\/\/api.w.org\/{rel}","templated":true}]}}