{"id":932,"date":"2020-11-23T21:53:10","date_gmt":"2020-11-23T20:53:10","guid":{"rendered":"http:\/\/blogg.folkuniversitetet.nu\/fuendi\/?page_id=932"},"modified":"2020-11-23T21:53:10","modified_gmt":"2020-11-23T20:53:10","slug":"clase-del-23-de-noviembe","status":"publish","type":"page","link":"https:\/\/blogg.folkuniversitetet.nu\/fuendi\/clase-del-23-de-noviembe\/","title":{"rendered":"Clase del 23 de noviembe"},"content":{"rendered":"<h5>Chat de la clase<\/h5>\n<p>PDF aqu\u00ed \u21d2 <a href=\"http:\/\/blogg.folkuniversitetet.nu\/fuendi\/files\/2020\/11\/Chat-del-23-de-noviembre.pdf\">Chat del 23 de noviembre<\/a><\/p>\n<p>&nbsp;<\/p>\n<h5>Gustar, encantar, aburrir, interesar, parecer<\/h5>\n<p>PDF aqu\u00ed \u21d2 <a href=\"http:\/\/blogg.folkuniversitetet.nu\/fuendi\/files\/2020\/09\/2GUSTAR-ENCANTAR-INTERESAR-ABURRIR-PARECER.pdf\">GUSTAR, ENCANTAR, INTERESAR, ABURRIR, PARECER<\/a><\/p>\n<p>&nbsp;<\/p>\n<h5>Para hablar sobre gustos o intereses<\/h5>\n<p>1)\u00a0 &#8211; Me encanta (n) \/ gusta (n) \/ aburre (n)\u00a0 \u2026\u00a0 \u00bfY a ti?<\/p>\n<p>&#8211; A m\u00ed tambi\u00e9n\u00a0\u00a0\u00a0 \/\u00a0\u00a0\u00a0 A m\u00ed no<\/p>\n<p>&nbsp;<\/p>\n<p>2) \u2013 <strong>No<\/strong> me gusta\u2026\u00a0 \u00bfY a ti?<\/p>\n<p>&#8211; A m\u00ed tampoco\u00a0\u00a0 \/\u00a0 A m\u00ed s\u00ed<\/p>\n<p>&nbsp;<\/p>\n<h5>Prefiero&#8230; Ejercicio 1, p\u00e1gina 109<\/h5>\n<p>&#8211; \u00bfPrefieres \u2026\u00a0 o\u00a0 &#8230; ?<\/p>\n<p>&#8211; Prefiero\u2026<\/p>\n<p>&nbsp;<\/p>\n<p>-\u00bfPrefieres los libros o el cine?<\/p>\n<p>&#8211; Prefiero el cine. A m\u00ed no me gusta mucho leer.<\/p>\n<p>&nbsp;<\/p>\n<h5>Mi cumplea\u00f1os, ejercicio 6, p\u00e1gina 111<\/h5>\n<ul>\n<li>\u00bfCu\u00e1ntos a\u00f1os tienes?<\/li>\n<li>Tengo &#8230; a\u00f1os.<\/li>\n<li>\u00bfCu\u00e1ndo es tu cumplea\u00f1os?<\/li>\n<li>Mi cumplea\u00f1os es el &#8230;<\/li>\n<li>\u00bfC\u00f3mo vas a celebrar tu cumplea\u00f1os?<\/li>\n<li>He preparado una fiesta. \u00bfQuieres venir?<\/li>\n<li>\u00a1Claro! \/ \u00a1Por supuesto!<\/li>\n<li>\u00a1Bienvenido! \/ \u00a1Bienvenida!<\/li>\n<\/ul>\n<p>&nbsp;<\/p>\n<h5>Buenas preguntas para conversar y practicar<\/h5>\n<p>PDF aqu\u00ed \u21d2 <a href=\"http:\/\/blogg.folkuniversitetet.nu\/fuendi\/files\/2020\/04\/Entrevista-y-cuenta.pdf\">Entrevista y cuenta<\/a><\/p>\n<p>&nbsp;<\/p>\n<h5><span style=\"color: #ff0000\">TAREA:<\/span><\/h5>\n<ol>\n<li>Ejercicios 1 y 3, p. 109.<\/li>\n<li>Ejercicio 5, p.110.<\/li>\n<li>Ejercicio 7, p. 111.<\/li>\n<li>Ejercicios 9 y 10, p. 112.<\/li>\n<li>Les recomiendo hacer la autoevaluaci\u00f3n (sj\u00e4lvdiagnosen) de las p\u00e1ginas 186 a 191 y repasar los contenidos necesarios. Controlen los resultados en las p\u00e1ginas 197 a 199.<\/li>\n<\/ol>\n","protected":false},"excerpt":{"rendered":"<p>Chat de la clase PDF aqu\u00ed \u21d2 Chat del 23 de noviembre &nbsp; Gustar, encantar, aburrir, interesar, parecer PDF aqu\u00ed \u21d2 GUSTAR, ENCANTAR, INTERESAR, ABURRIR, PARECER &nbsp; Para hablar sobre gustos o intereses 1)\u00a0 &#8211; Me encanta (n) \/ gusta (n) \/ aburre (n)\u00a0 \u2026\u00a0 \u00bfY a ti? &#8211; A m\u00ed tambi\u00e9n\u00a0\u00a0\u00a0 \/\u00a0\u00a0\u00a0 A m\u00ed &hellip; <a href=\"https:\/\/blogg.folkuniversitetet.nu\/fuendi\/clase-del-23-de-noviembe\/\" class=\"more-link\">Forts\u00e4tt l\u00e4sa <span class=\"screen-reader-text\">Clase del 23 de noviembe<\/span> <span class=\"meta-nav\">&rarr;<\/span><\/a><\/p>\n","protected":false},"author":787,"featured_media":0,"parent":0,"menu_order":0,"comment_status":"closed","ping_status":"closed","template":"","meta":{"footnotes":""},"class_list":["post-932","page","type-page","status-publish","hentry"],"_links":{"self":[{"href":"https:\/\/blogg.folkuniversitetet.nu\/fuendi\/wp-json\/wp\/v2\/pages\/932","targetHints":{"allow":["GET"]}}],"collection":[{"href":"https:\/\/blogg.folkuniversitetet.nu\/fuendi\/wp-json\/wp\/v2\/pages"}],"about":[{"href":"https:\/\/blogg.folkuniversitetet.nu\/fuendi\/wp-json\/wp\/v2\/types\/page"}],"author":[{"embeddable":true,"href":"https:\/\/blogg.folkuniversitetet.nu\/fuendi\/wp-json\/wp\/v2\/users\/787"}],"replies":[{"embeddable":true,"href":"https:\/\/blogg.folkuniversitetet.nu\/fuendi\/wp-json\/wp\/v2\/comments?post=932"}],"version-history":[{"count":1,"href":"https:\/\/blogg.folkuniversitetet.nu\/fuendi\/wp-json\/wp\/v2\/pages\/932\/revisions"}],"predecessor-version":[{"id":935,"href":"https:\/\/blogg.folkuniversitetet.nu\/fuendi\/wp-json\/wp\/v2\/pages\/932\/revisions\/935"}],"wp:attachment":[{"href":"https:\/\/blogg.folkuniversitetet.nu\/fuendi\/wp-json\/wp\/v2\/media?parent=932"}],"curies":[{"name":"wp","href":"https:\/\/api.w.org\/{rel}","templated":true}]}}