{"id":922,"date":"2020-11-20T10:13:31","date_gmt":"2020-11-20T09:13:31","guid":{"rendered":"http:\/\/blogg.folkuniversitetet.nu\/fuendi\/?page_id=922"},"modified":"2021-02-18T17:16:33","modified_gmt":"2021-02-18T16:16:33","slug":"clase-del-19-de-noviembre","status":"publish","type":"page","link":"https:\/\/blogg.folkuniversitetet.nu\/fuendi\/clase-del-19-de-noviembre\/","title":{"rendered":"Spanska A2 del 2 &#8211; Start 19 november"},"content":{"rendered":"<h5><span style=\"color: #000080\">Clase 8 &#8211; 11 de febrero<\/span><\/h5>\n<p>Revisamos:<\/p>\n<div class=\"adn ads\" data-message-id=\"#msg-a:r-7151800245057057543\" data-legacy-message-id=\"177b5e8f5090cbf9\">\n<div class=\"gs\">\n<div class=\"\">\n<div id=\":mr\" class=\"ii gt\">\n<div id=\":mq\" class=\"a3s aiL \">\n<div dir=\"auto\">\n<div dir=\"auto\">1. Parte 4\u00a0 y tarea (PDF-Pret\u00e9rito indefinido-verbos irregulares).<\/div>\n<div dir=\"auto\">2. Cuestionario (lista de preguntas para practicar el pret\u00e9rito indefinido).<\/div>\n<div dir=\"auto\">3. Vocabulario del ejercicio 9.<\/div>\n<div dir=\"auto\">4. Ejercicio 9: Otro accidente, p. 103.<\/div>\n<div dir=\"auto\">5. Texto &#8221;Chile y Bomba Suecia&#8221;. Responder las preguntas.<\/div>\n<div dir=\"auto\"><\/div>\n<h5><span style=\"color: #ff0000\">TAREA:<\/span><\/h5>\n<div dir=\"auto\">1. Escribir un texto corto sobre tu vida. Incluye: a) \u00bfD\u00f3nde y cu\u00e1ndo naciste? b) Estudios, trabajo, profesi\u00f3n. c) Familia, pareja, amigos. Puedes usar, por ejemplo, estos verbos:<\/div>\n<div dir=\"auto\"><\/div>\n<div dir=\"auto\">Nac\u00ed&#8230; Crec\u00ed&#8230; Estudi\u00e9&#8230; Entren\u00e9&#8230; Jugu\u00e9&#8230; Me gradu\u00e9&#8230; Me enamor\u00e9&#8230; Me cas\u00e9&#8230; Comenzamos a vivir juntos&#8230; Viv\u00ed&#8230; Compr\u00e9&#8230; Viaj\u00e9&#8230; Tuve&#8230; (u otros verbos).<\/div>\n<div dir=\"auto\"><\/div>\n<div dir=\"auto\">2. Practicar el pret\u00e9rito con el Cuestionario.<\/div>\n<div dir=\"auto\">3. Ejercicio 2, p. 109.<\/div>\n<div dir=\"auto\">4. Ejercicios 3 y 4, p. 110.<\/div>\n<\/div>\n<div class=\"adL\"><\/div>\n<\/div>\n<\/div>\n<\/div>\n<\/div>\n<\/div>\n<h5><span style=\"color: #000080\">Clase 7 &#8211; 4\u00a0 de febrero<\/span><\/h5>\n<p>Revisamos:<\/p>\n<div class=\"adn ads\" data-message-id=\"#msg-a:r8815817995847872511\" data-legacy-message-id=\"177b5c7e9c5cbcc9\">\n<div class=\"gs\">\n<div class=\"\">\n<div id=\":ug\" class=\"ii gt\">\n<div id=\":uf\" class=\"a3s aiL \">\n<div dir=\"auto\">\n<div dir=\"auto\">1. Pret\u00e9rito &#8211; Tarea.<\/div>\n<div dir=\"auto\">2. Verbos dar, doler y volver a, p. 96.<\/div>\n<div dir=\"auto\">3. Vocabulario: las partes del cuerpo, p. 98.<\/div>\n<div dir=\"auto\">4. Ejercicio 4: \u00bfQu\u00e9 te duele?, p. 100.<\/div>\n<div dir=\"auto\">5. C\u00f3mo hacer una llamada de emergencia. Ejercicio 7, p. 102.<\/div>\n<div dir=\"auto\">6. Pret\u00e9rito indefinido &#8211; verbos irregulares (PDF).<\/div>\n<div dir=\"auto\"><\/div>\n<h5><strong><span style=\"color: #ff0000\">TAREA:<\/span><\/strong><\/h5>\n<div dir=\"auto\">\u00a0 \u00a0 1. Ejercicio 8, p\u00e1gina 102.<\/div>\n<div dir=\"auto\">\u00a0 \u00a0 2. Leer el texto &#8221;Chile y Bomba Suecia&#8221;, p. 104-107, y estudiar el vocabulario.<\/div>\n<div dir=\"auto\">\u00a0 \u00a0 3. Hacer los ejercicios del pret\u00e9rito indefinido &#8211; verbos irregulares.<\/div>\n<\/div>\n<div class=\"adL\"><\/div>\n<\/div>\n<\/div>\n<\/div>\n<\/div>\n<\/div>\n<h5><span style=\"color: #000080\">Clase 6 &#8211; 28\u00a0 de enero<\/span><\/h5>\n<p>Revisamos:<\/p>\n<ol>\n<li>Pret\u00e9rito indefinido: verbos regulares. Ejercicios.<\/li>\n<li>Texto &#8221;\u00a1Socorro!&#8221;, p. 93-95.<\/li>\n<li>Verbo dar, p. 96.<\/li>\n<\/ol>\n<h5><span style=\"color: #ff0000\">TAREA:<\/span><\/h5>\n<ol>\n<li>Ejercicio 2, p. 99.<\/li>\n<li>Ejercicio 4a, p. 100.<\/li>\n<li>Ejercicios 5 y 6, p. 101.<\/li>\n<li>Hacer los ejercicios con el pret\u00e9rito indefinido que est\u00e1n en el PDF.<\/li>\n<\/ol>\n<p>&nbsp;<\/p>\n<h5><span style=\"color: #000080\">Clase 5 &#8211; 14\u00a0 de enero<\/span><\/h5>\n<p>Revisamos:<\/p>\n<ol>\n<li>Pret\u00e9rito indefinido: verbos irregulares.<\/li>\n<li>Otro, p. 80.<\/li>\n<li>Adjetivos comparativos, p. 81 + Ejercicio 7a y c, p\u00e1gina 87.<\/li>\n<\/ol>\n<h5>El fin de semana pasado (video)<\/h5>\n<p><strong>Verbos:<\/strong><\/p>\n<p>Estar, estuvimos<\/p>\n<p>Ir, fuimos<\/p>\n<p>Llegar, llegamos<\/p>\n<p>Tomar, tomamos<\/p>\n<p>Pasear, paseamos\u00a0\u00a0\u00a0 \/\u00a0 promenera \/ ta en tur med bil, b\u00e5t, osv \/ g\u00e5 ut med barn,<\/p>\n<p>hund, osv<\/p>\n<p>Ver, vimos<\/p>\n<p>Estar, estuvo<\/p>\n<p>Acostarse, nos acostamos<\/p>\n<p>Dormir, dormimos<\/p>\n<p>Desayunar, desayunamos<\/p>\n<p>Montarse, nos montamos\u00a0\u00a0\u00a0 \/\u00a0\u00a0 kl\u00e4ttra p\u00e5 n\u00e5got<\/p>\n<p>Caminar, caminamos<\/p>\n<p>Llegar, llegamos<\/p>\n<p>Entrar, entramos<\/p>\n<p>Comer, comimos<\/p>\n<p>Hacer, hicimos<\/p>\n<p>Estar, estuvieron<\/p>\n<p>Ver, vieron<\/p>\n<p>Entrar, entr\u00e9<\/p>\n<p>Costar, cost\u00f3<\/p>\n<p>Buscar, buscamos\u00a0\u00a0\u00a0 \/\u00a0\u00a0 s\u00f6ka, leta<\/p>\n<p>Ver, vimos<\/p>\n<p>Cenar, cenamos<\/p>\n<p>Pedir, pedimos<\/p>\n<p>Beber, beb\u00ed<\/p>\n<p>Despertarse, nos despertamos<\/p>\n<p>Estar, estuvimos<\/p>\n<p>Comprar, compramos<\/p>\n<p>Gustar, nos gust\u00f3<\/p>\n<p>Encontrar, encontramos\u00a0\u00a0\u00a0 \/\u00a0\u00a0 hitta \/ tr\u00e4ffa<\/p>\n<p>Ir, fuimos<\/p>\n<p>Pasear, paseamos<\/p>\n<p>Montar, montamos<\/p>\n<p>Tomar, tomamos<\/p>\n<p>Volver, volvimos<\/p>\n<p>Gustar, nos gust\u00f3<\/p>\n<p>&nbsp;<\/p>\n<p><span style=\"color: #ff0000\"><strong>Observera:\u00a0 Jag hade trevligt\u00a0 = Lo pas\u00e9 bien<\/strong><\/span><\/p>\n<p>Pasarlo (locuci\u00f3n verbal): att vara i ett visst h\u00e4lsotillst\u00e5nd eller f\u00f6rm\u00f6genhet; att vara.<\/p>\n<p>Pasar + lo<\/p>\n<p>(yo) Lo pas\u00e9 bien.<\/p>\n<p>&nbsp;<\/p>\n<p>Ejemplo: Viaj\u00e9 en diciembre a Espa\u00f1a. Lo pas\u00e9\u00a0 bien.<\/p>\n<p>&nbsp;<\/p>\n<p>Forma reflexiva:<\/p>\n<p>Pasarselo\u00a0\u00a0\u00a0\u00a0\u00a0\u00a0\u00a0\u00a0\u00a0\u00a0\u00a0\u00a0\u00a0\u00a0 pasar + se + lo<\/p>\n<p>(nosotros)\u00a0\u00a0\u00a0 Nos lo pasamos bien.<\/p>\n<p>&nbsp;<\/p>\n<p>Ejemplo: Viaj\u00e9 en diciembre a Espa\u00f1a. Me lo pas\u00e9 muy bien.<\/p>\n<p>&nbsp;<\/p>\n<h5>Ejercicio: \u00bfQu\u00e9 hiciste el fin de semana?<\/h5>\n<p>Chat de la clase aqu\u00ed \u21d2 <a href=\"http:\/\/blogg.folkuniversitetet.nu\/fuendi\/files\/2021\/01\/Chat-del-14-de-enero-de-2020.pdf\">Chat del 14 de enero de 2020<\/a><\/p>\n<p>&nbsp;<\/p>\n<h5>Conversar: &#8221;Es dif\u00edcil trabajar en tiempos de corona virus&#8221;<\/h5>\n<p>&#8211; \u00bfQu\u00e9 piensas \/ opinas t\u00fa?<\/p>\n<p>&#8211; Pienso \/ opino \/ creo \u00a0\u00a0\u00a0\u00a0que&#8230;<\/p>\n<p>&nbsp;<\/p>\n<p>&#8211; Estoy de acuerdo contigo. Pienso que\u2026<\/p>\n<p>&#8211; S\u00ed, tienes raz\u00f3n. Pienso que\u2026<\/p>\n<p>&nbsp;<\/p>\n<p>&#8211; Estoy de acuerdo contigo en parte. Pienso que\u2026<\/p>\n<p>&#8211; No estoy de acuerdo contigo. Pienso que\u2026<\/p>\n<p>&nbsp;<\/p>\n<h5>SER y ESTAR con adjetivos<\/h5>\n<p>Otros ejemplos con adjetivos:<\/p>\n<p>&nbsp;<\/p>\n<p><strong>Despierto<\/strong><\/p>\n<p>Juan <strong>es<\/strong> despierto (v\u00e4ldigt vaken)<\/p>\n<p>Juan <strong>est\u00e1<\/strong> despierto (no est\u00e1 dormido)<\/p>\n<p>&nbsp;<\/p>\n<p><strong>Rico<\/strong><\/p>\n<p>Juan es rico (tiene mucho dinero)<\/p>\n<p>Este bocadillo est\u00e1 rico (tiene buen sabor)<\/p>\n<p>&nbsp;<\/p>\n<p><strong>Atento<\/strong><\/p>\n<p>Juan es atento (considerado, amable \/ v\u00e4nlig)<\/p>\n<p>Juan est\u00e1 atento (que presta atenci\u00f3n \/ uppm\u00e4rksam)<\/p>\n<p>&nbsp;<\/p>\n<p><strong>Abierto<\/strong><\/p>\n<p>Juan es abierto (extrovertido,\u00a0 extrovert \/ ut\u00e5tv\u00e4nd)<\/p>\n<p>El coche est\u00e1 abierto (no est\u00e1 cerrado)<\/p>\n<p>&nbsp;<\/p>\n<p><strong>Cerrado<\/strong><\/p>\n<p>Juan es cerrado (introvertido,\u00a0 introvert \/ in\u00e5tv\u00e4nd)<\/p>\n<p>La tienda est\u00e1 cerrada (no est\u00e1 abierta)<\/p>\n<p>&nbsp;<\/p>\n<h5><span style=\"color: #ff0000\">TAREA:<\/span><\/h5>\n<p>&#8211; Repasar el pret\u00e9rito indefinido, verbos regulares e irregulares.<\/p>\n<p>&#8211; Ver de nuevo el video ( http:\/\/www.videoele.com\/A2-El-fin-desemana.htlm )<\/p>\n<p>y responder las preguntas del documento \u201cEl fin de semana pasado. Nivel A2\u201d.<\/p>\n<p>&#8211; Repasar los adjetivos comparativos.<\/p>\n<p>&#8211; Ejercicio 2, p. 84.<\/p>\n<p>&#8211; Ejercicio 4a, p. 85.<\/p>\n<p>&#8211; Ejercicios 5 y 6, p. 86.<\/p>\n<h5><\/h5>\n<h5><span style=\"color: #000080\">Clase 4 &#8211; 10\u00a0 de diciembre<\/span><\/h5>\n<p>Vi gick igenom:<\/p>\n<ol>\n<li>Leer el texto \u201cEn el restaurante \u00danico 29\u201d. Responder las preguntas (Comprensi\u00f3n del texto).<\/li>\n<li>As\u00ed se dice, p\u00e1gina 83. Frases para ordenar en un restaurante.<\/li>\n<li>Men\u00fa de la p\u00e1gina 84: Men\u00fa del d\u00eda.<\/li>\n<li>Pret\u00e9rito indefinido (preteritum). P\u00e1gina 97 y 226. Verbos regulares (modelo de conjugaci\u00f3n) y algunos verbos irregulares (ser, ir, estar).<\/li>\n<\/ol>\n<h5>Algunas fotos de la clase<\/h5>\n<p><a href=\"http:\/\/blogg.folkuniversitetet.nu\/fuendi\/files\/2020\/12\/IMG_20201210_191907-1-scaled.jpg\"><img loading=\"lazy\" decoding=\"async\" class=\"alignnone size-medium wp-image-1029\" src=\"http:\/\/blogg.folkuniversitetet.nu\/fuendi\/files\/2020\/12\/IMG_20201210_191907-1-225x300.jpg\" alt=\"\" width=\"225\" height=\"300\" \/><\/a> <a href=\"http:\/\/blogg.folkuniversitetet.nu\/fuendi\/files\/2020\/12\/IMG_20201210_194933-1-scaled.jpg\"><img loading=\"lazy\" decoding=\"async\" class=\"alignnone size-medium wp-image-1030\" src=\"http:\/\/blogg.folkuniversitetet.nu\/fuendi\/files\/2020\/12\/IMG_20201210_194933-1-225x300.jpg\" alt=\"\" width=\"225\" height=\"300\" \/><\/a> <a href=\"http:\/\/blogg.folkuniversitetet.nu\/fuendi\/files\/2020\/12\/IMG_20201210_194936-1-scaled.jpg\"><img loading=\"lazy\" decoding=\"async\" class=\"alignnone size-medium wp-image-1031\" src=\"http:\/\/blogg.folkuniversitetet.nu\/fuendi\/files\/2020\/12\/IMG_20201210_194936-1-225x300.jpg\" alt=\"\" width=\"225\" height=\"300\" \/><\/a> <a href=\"http:\/\/blogg.folkuniversitetet.nu\/fuendi\/files\/2020\/12\/IMG_20201210_195721-1-scaled.jpg\"><img loading=\"lazy\" decoding=\"async\" class=\"alignnone size-medium wp-image-1032\" src=\"http:\/\/blogg.folkuniversitetet.nu\/fuendi\/files\/2020\/12\/IMG_20201210_195721-1-225x300.jpg\" alt=\"\" width=\"225\" height=\"300\" srcset=\"https:\/\/blogg.folkuniversitetet.nu\/fuendi\/files\/2020\/12\/IMG_20201210_195721-1-225x300.jpg 225w, https:\/\/blogg.folkuniversitetet.nu\/fuendi\/files\/2020\/12\/IMG_20201210_195721-1-768x1024.jpg 768w, https:\/\/blogg.folkuniversitetet.nu\/fuendi\/files\/2020\/12\/IMG_20201210_195721-1-1152x1536.jpg 1152w, https:\/\/blogg.folkuniversitetet.nu\/fuendi\/files\/2020\/12\/IMG_20201210_195721-1-1536x2048.jpg 1536w, https:\/\/blogg.folkuniversitetet.nu\/fuendi\/files\/2020\/12\/IMG_20201210_195721-1-scaled.jpg 1920w\" sizes=\"auto, (max-width: 225px) 100vw, 225px\" \/><\/a> <a href=\"http:\/\/blogg.folkuniversitetet.nu\/fuendi\/files\/2020\/12\/IMG_20201210_201902-1-scaled.jpg\"><img loading=\"lazy\" decoding=\"async\" class=\"alignnone size-medium wp-image-1033\" src=\"http:\/\/blogg.folkuniversitetet.nu\/fuendi\/files\/2020\/12\/IMG_20201210_201902-1-225x300.jpg\" alt=\"\" width=\"225\" height=\"300\" srcset=\"https:\/\/blogg.folkuniversitetet.nu\/fuendi\/files\/2020\/12\/IMG_20201210_201902-1-225x300.jpg 225w, https:\/\/blogg.folkuniversitetet.nu\/fuendi\/files\/2020\/12\/IMG_20201210_201902-1-768x1024.jpg 768w, https:\/\/blogg.folkuniversitetet.nu\/fuendi\/files\/2020\/12\/IMG_20201210_201902-1-1152x1536.jpg 1152w, https:\/\/blogg.folkuniversitetet.nu\/fuendi\/files\/2020\/12\/IMG_20201210_201902-1-1536x2048.jpg 1536w, https:\/\/blogg.folkuniversitetet.nu\/fuendi\/files\/2020\/12\/IMG_20201210_201902-1-scaled.jpg 1920w\" sizes=\"auto, (max-width: 225px) 100vw, 225px\" \/><\/a> <a href=\"http:\/\/blogg.folkuniversitetet.nu\/fuendi\/files\/2020\/12\/IMG_20201210_202024-1-scaled.jpg\"><img loading=\"lazy\" decoding=\"async\" class=\"alignnone size-medium wp-image-1034\" src=\"http:\/\/blogg.folkuniversitetet.nu\/fuendi\/files\/2020\/12\/IMG_20201210_202024-1-225x300.jpg\" alt=\"\" width=\"225\" height=\"300\" \/><\/a><\/p>\n<h5><span style=\"color: #ff0000\">TAREA:<\/span><\/h5>\n<ol>\n<li>Repasar las p\u00e1ginas 97 y 226 (La pr\u00f3xima clase vamos a continuar con el pret\u00e9rito indefinido).<\/li>\n<li>Leer las p\u00e1ginas 80 y 81 (La pr\u00f3xima clase vamos a repasar los adjetivos comparativos).<\/li>\n<\/ol>\n<p>&nbsp;<\/p>\n<h5><span style=\"color: #000080\">Clase 3 &#8211; 3 de diciembre<\/span><\/h5>\n<h5>Vi gick igenom:<\/h5>\n<p>1. Presente continuo, p. 68.<\/p>\n<p>Ejercicio 4, p. 72. \u00bfQu\u00e9 est\u00e1 comprando Miguel?<\/p>\n<p>Ejercicio 6a, p. 73: \u00bfQu\u00e9 est\u00e1n haciendo?<\/p>\n<p>2. Expresiones impersonales, p. 69.<\/p>\n<p>Ejercicio 5, p. 72.<\/p>\n<p>3. Verbos con la primera persona irregular, p. 69.<\/p>\n<p>4. Video &#8221;El presente irregular&#8221;.<\/p>\n<p>&nbsp;<\/p>\n<h5>Presente continuo<\/h5>\n<p>Presente:<\/p>\n<p>&#8211; \u00bfQu\u00e9 haces normalmente?\u00a0 \u00a0 \u00a0 \u00a0 \u00a0 \u00a0 \u00a0 \u00a0 \u00a0 \u00a0 \u00a0 &#8211; Normalmente <strong>estudio<\/strong> espa\u00f1ol los jueves.<\/p>\n<p>&nbsp;<\/p>\n<p>Presente continuo;<\/p>\n<p>&#8211; \u00bfQu\u00e9 haces? \/ \u00bfQu\u00e9 est\u00e1s haciendo? ( ahora mismo, just nu)<\/p>\n<p>&#8211; <strong>Estoy estudiando<\/strong> espa\u00f1ol.<\/p>\n<p>&nbsp;<\/p>\n<figure id=\"attachment_1009\" aria-describedby=\"caption-attachment-1009\" style=\"width: 300px\" class=\"wp-caption alignnone\"><a href=\"http:\/\/blogg.folkuniversitetet.nu\/fuendi\/files\/2020\/12\/IMG_20201203_201723-scaled.jpg\"><img loading=\"lazy\" decoding=\"async\" class=\"size-medium wp-image-1009\" src=\"http:\/\/blogg.folkuniversitetet.nu\/fuendi\/files\/2020\/12\/IMG_20201203_201723-300x138.jpg\" alt=\"\" width=\"300\" height=\"138\" \/><\/a><figcaption id=\"caption-attachment-1009\" class=\"wp-caption-text\">Gerundio y presente continuo<\/figcaption><\/figure>\n<p>&nbsp;<\/p>\n<p><strong>Ejercicio 6a, p. 73: \u00bfQu\u00e9 est\u00e1n haciendo?<\/strong><\/p>\n<p>En este dibujo este hombre \/ estas mujeres est\u00e1 \/ est\u00e1n&#8230; y en este est\u00e1 \/ est\u00e1n \u2026<\/p>\n<p>Ejemplos:<\/p>\n<p>En este dibujo estas mujeres est\u00e1n comiendo manzanas y en este est\u00e1n tomando vino tinto.<\/p>\n<p>En este dibujo este hombre est\u00e1 tratando de dormir a su hijo y en este est\u00e1 haciendo lo mismo.<\/p>\n<p>En este dibujo este hombre est\u00e1 meciendo el coche y en este est\u00e1 haciendo lo mismo.<\/p>\n<p>&nbsp;<\/p>\n<h5>Expresiones impersonales<\/h5>\n<p><a href=\"http:\/\/blogg.folkuniversitetet.nu\/fuendi\/files\/2020\/12\/IMG_20201203_201704-scaled.jpg\"><img loading=\"lazy\" decoding=\"async\" class=\"size-medium wp-image-1010\" src=\"http:\/\/blogg.folkuniversitetet.nu\/fuendi\/files\/2020\/12\/IMG_20201203_201704-300x145.jpg\" alt=\"\" width=\"300\" height=\"145\" \/><\/a><\/p>\n<p>&nbsp;<\/p>\n<h5><span style=\"color: #ff0000\">TAREA:<\/span><\/h5>\n<ol>\n<li>Leer el texto \u201cEn el restaurante \u00danico 29\u201d y estudiar el vocabulario. Responder las preguntas (Comprensi\u00f3n del texto). Anotar dudas o preguntas.<\/li>\n<li>Entrenar los verbos irregulares con el video El presente irregular + Gu\u00eda did\u00e1ctica + Actividades interactivas. Aqu\u00ed: https:\/\/videoele.com\/A2-Presente-irregular.html<\/li>\n<li>Recordar que pueden practicar tambi\u00e9n en <a href=\"http:\/\/www.nok.se\">www.nok.se<\/a> \u2192 Extramaterial \u2192 Caminando 2.<\/li>\n<\/ol>\n<p>&nbsp;<\/p>\n<h5><span style=\"color: #000080\">Clase 2 &#8211; 26 de noviembre<\/span><\/h5>\n<h5>Vi gick igenom:<\/h5>\n<div dir=\"auto\">\n<p>1. Revisar tarea. Expresiones de tiempo y oraciones.<\/p>\n<p>2. Ejercicio 1, p\u00e1gina 71.<\/p>\n<p>3. Demostrativos p. 68\u00a0 + Video + ejercicios en <a href=\"http:\/\/nok.se\/\" target=\"_blank\" rel=\"noopener noreferrer\" data-saferedirecturl=\"https:\/\/www.google.com\/url?q=http:\/\/nok.se\/&amp;source=gmail&amp;ust=1606847417042000&amp;usg=AFQjCNHcl_cW6LD1tJE3kX8MvZKWJtB-Yw\">nok.se<\/a>\u00a0 + Ejercicio 3, p. 71.<\/p>\n<p>4. Video sobre comprar en el mercado + vocabulario:<\/p>\n<p>carnicer\u00eda<\/p>\n<p>pescader\u00eda<\/p>\n<p>fruter\u00eda<\/p>\n<p>&nbsp;<\/p>\n<p>el euro<\/p>\n<p>el c\u00e9ntimo<\/p>\n<p>&nbsp;<\/p>\n<p>ah\u00ed = en ese lugar<\/p>\n<p>&nbsp;<\/p>\n<p>un kilo, dos kilos \/ de<\/p>\n<p>medio kilo \/ de<\/p>\n<p>&nbsp;<\/p>\n<p>un euro con 50 c\u00e9ntimos = un euro y medio<\/p>\n<p>costar = valer<\/p>\n<p>\u00bfCu\u00e1nto cuesta \/ cuestan&#8230; ?<\/p>\n<p>\u00bfCu\u00e1nto vale \/ valen&#8230;?<\/p>\n<\/div>\n<p>&nbsp;<\/p>\n<div dir=\"auto\">\n<p><iframe loading=\"lazy\" title=\"En el mercado. Nivel A2\" width=\"604\" height=\"340\" src=\"https:\/\/www.youtube.com\/embed\/etd0-GwJJ0Y?feature=oembed\" frameborder=\"0\" allow=\"accelerometer; autoplay; clipboard-write; encrypted-media; gyroscope; picture-in-picture; web-share\" referrerpolicy=\"strict-origin-when-cross-origin\" allowfullscreen><\/iframe><\/p>\n<h5>Apuntes (Anteckningar)<\/h5>\n<p>PDF aqu\u00ed \u21d2\u00a0 <a href=\"http:\/\/blogg.folkuniversitetet.nu\/fuendi\/files\/2020\/11\/Anteckning-26-nov.-2020.pdf\">Anteckning 26 nov. 2020<\/a><\/p>\n<\/div>\n<div dir=\"auto\">\n<h5><span style=\"color: #ff0000\">TAREA:<\/span><\/h5>\n<div dir=\"auto\">1. Ejercicio 2, p. 71.<\/div>\n<div dir=\"auto\">2. Ejercicio 7, p. 73.<\/div>\n<div dir=\"auto\">3. Ejercicio 8c, p. 74.<\/div>\n<div dir=\"auto\">4. Ver de nuevo el video &#8221;En el mercado&#8221; y practicar con los ejercicios de la Gu\u00eda did\u00e1ctica y las Actividades interactivas. Aqu\u00ed: <a href=\"https:\/\/videoele.com\/A2-En-el-mercado.html\" target=\"_blank\" rel=\"noopener noreferrer\" data-saferedirecturl=\"https:\/\/www.google.com\/url?q=https:\/\/videoele.com\/A2-En-el-mercado.html&amp;source=gmail&amp;ust=1606847417042000&amp;usg=AFQjCNGtsgs_50utu9WBUfkfaty-IxV1mA\">https:\/\/videoele.com\/A2-En-el-mercado.html<\/a><\/div>\n<div dir=\"auto\">5. Recordar que pueden practicar con los ejercicios en <a href=\"http:\/\/www.nok.se\/\" target=\"_blank\" rel=\"noopener noreferrer\" data-saferedirecturl=\"https:\/\/www.google.com\/url?q=http:\/\/www.nok.se\/&amp;source=gmail&amp;ust=1606847417042000&amp;usg=AFQjCNGmrvUM2_gyZ973pksftL0UIIOwvA\">www.nok.se<\/a><\/div>\n<div dir=\"auto\"><\/div>\n<\/div>\n<h5><span style=\"color: #000080\">Clase 1 &#8211; 19 de noviembre<\/span><\/h5>\n<h5>Vi gick igenom:<\/h5>\n<ol>\n<li>Repaso: ejercicios 1 (p. 178), 5 (p. 180) y\u00a0 10 (p. 181).<\/li>\n<li>Repaso: preguntar y responder con futuro y pret\u00e9rito perfecto.<\/li>\n<li>Leer el texto \u201cComer en Madrid\u201d, p. 65-67. Revisar el vocabulario. Contestar las preguntas de la p\u00e1gina 67.<\/li>\n<\/ol>\n<h5>Apuntes (anteckningar)\u00a0 \u21d2 PDF aqu\u00ed \u00a0\u00a0 <a href=\"http:\/\/blogg.folkuniversitetet.nu\/fuendi\/files\/2020\/11\/Anteckning-19-nov.-2020.pdf\">Anteckning 19 nov. 2020<\/a><\/h5>\n<h5><span style=\"color: #ff0000\">TAREA:<\/span><\/h5>\n<ol>\n<li>Leer de nuevo el texto \u201cComer en Madrid\u201d y subrayar (understryka) las expresiones de tiempo (tidsuttryck). Usar las p. 45 y 55 como ayuda (Expresiones de tiempo I y II). Escribir una oraci\u00f3n con cada expresi\u00f3n de tiempo.<\/li>\n<\/ol>\n<p>&nbsp;<\/p>\n<ol start=\"2\">\n<li>Leer de nuevo el texto y subrayar 10 palabras (ord) u oraciones (meningar) que pod\u00e9is usar en vuestra vida cotidiana. Escribir 10 oraciones.<\/li>\n<\/ol>\n<p>&nbsp;<\/p>\n<ol start=\"3\">\n<li>Anotar las preguntas o dudas sobre los ejercicios 1 y 2<strong> \u21d1<\/strong>.<\/li>\n<\/ol>\n<p>&nbsp;<\/p>\n<ol start=\"4\">\n<li>Ver de nuevo los videos sobre los alimentos y las bebidas, y estudiar el vocabulario. Aqu\u00ed \u21d2 https:\/\/blogg.folkuniversitetet.nu\/fuendi\/clase-del-29-de-octubre-2\/<\/li>\n<\/ol>\n","protected":false},"excerpt":{"rendered":"<p>Clase 8 &#8211; 11 de febrero Revisamos: 1. Parte 4\u00a0 y tarea (PDF-Pret\u00e9rito indefinido-verbos irregulares). 2. Cuestionario (lista de preguntas para practicar el pret\u00e9rito indefinido). 3. Vocabulario del ejercicio 9. 4. Ejercicio 9: Otro accidente, p. 103. 5. Texto &#8221;Chile y Bomba Suecia&#8221;. Responder las preguntas. TAREA: 1. Escribir un texto corto sobre tu vida. &hellip; <a href=\"https:\/\/blogg.folkuniversitetet.nu\/fuendi\/clase-del-19-de-noviembre\/\" class=\"more-link\">Forts\u00e4tt l\u00e4sa <span class=\"screen-reader-text\">Spanska A2 del 2 &#8211; Start 19 november<\/span> <span class=\"meta-nav\">&rarr;<\/span><\/a><\/p>\n","protected":false},"author":787,"featured_media":0,"parent":0,"menu_order":0,"comment_status":"closed","ping_status":"closed","template":"","meta":{"footnotes":""},"class_list":["post-922","page","type-page","status-publish","hentry"],"_links":{"self":[{"href":"https:\/\/blogg.folkuniversitetet.nu\/fuendi\/wp-json\/wp\/v2\/pages\/922","targetHints":{"allow":["GET"]}}],"collection":[{"href":"https:\/\/blogg.folkuniversitetet.nu\/fuendi\/wp-json\/wp\/v2\/pages"}],"about":[{"href":"https:\/\/blogg.folkuniversitetet.nu\/fuendi\/wp-json\/wp\/v2\/types\/page"}],"author":[{"embeddable":true,"href":"https:\/\/blogg.folkuniversitetet.nu\/fuendi\/wp-json\/wp\/v2\/users\/787"}],"replies":[{"embeddable":true,"href":"https:\/\/blogg.folkuniversitetet.nu\/fuendi\/wp-json\/wp\/v2\/comments?post=922"}],"version-history":[{"count":18,"href":"https:\/\/blogg.folkuniversitetet.nu\/fuendi\/wp-json\/wp\/v2\/pages\/922\/revisions"}],"predecessor-version":[{"id":1079,"href":"https:\/\/blogg.folkuniversitetet.nu\/fuendi\/wp-json\/wp\/v2\/pages\/922\/revisions\/1079"}],"wp:attachment":[{"href":"https:\/\/blogg.folkuniversitetet.nu\/fuendi\/wp-json\/wp\/v2\/media?parent=922"}],"curies":[{"name":"wp","href":"https:\/\/api.w.org\/{rel}","templated":true}]}}