{"id":916,"date":"2020-11-18T11:39:56","date_gmt":"2020-11-18T10:39:56","guid":{"rendered":"http:\/\/blogg.folkuniversitetet.nu\/fuendi\/?page_id=916"},"modified":"2020-11-18T12:30:28","modified_gmt":"2020-11-18T11:30:28","slug":"clase-del-16-de-noviembre","status":"publish","type":"page","link":"https:\/\/blogg.folkuniversitetet.nu\/fuendi\/clase-del-16-de-noviembre\/","title":{"rendered":"Clase del 16 de noviembre"},"content":{"rendered":"<h5>\u00a0\u201dEl tiempo libre de Tarik\u201d, p\u00e1gina 105<\/h5>\n<p>Este texto combina el presente (presens), el pasado (d\u00e5tid) y el futuro. Ejemplo:<\/p>\n<p>Tarik:\u00a0 No <strong>s\u00e9<\/strong> (presente del verbo saber)&#8230; Mi madre me <strong>ha preguntado\u00a0<\/strong>(pret\u00e9rito perfecto del verbo preguntar) si <strong>voy a cenar<\/strong> con la familia (futuro del verbo cenar). Y la verdad <strong>es<\/strong> que las fiestas de cumplea\u00f1os me <strong>aburren<\/strong> un poco (presente de los verbos ser y aburrir). \u00bf<strong>Has hablado<\/strong> (pret\u00e9rito perfecto del verbo hablar)\u00a0 con Elena? \u00bfA qu\u00e9 hora <strong>empieza <\/strong>(presente de empezar) la fiesta?<\/p>\n<h5>Ejercicio 8, p\u00e1gina 111: La fiesta de Elena<\/h5>\n<p>H\u00e4r kommer anteckningar f\u00f6r att g\u00f6ra om texten i 8a till perfekt\u00a0 \u00a0 \u21d0 <a href=\"http:\/\/blogg.folkuniversitetet.nu\/fuendi\/files\/2020\/11\/Anteckning-16-nov.-2020.pdf\">Anteckning 16 nov. 2020<\/a><\/p>\n<p>H\u00e4r kommer exemplar av hur man kan svara fr\u00e5gorna i 8b:<\/p>\n<ol>\n<li>He invitado a Miguel, Tarik, Armando, Mari Carmen y Blanca \/ He invitado a mis amigos.<\/li>\n<li>He preparado unas tapas y una tarta de chocolate.<\/li>\n<li>Hemos bebido cerveza y Coca-Cola.<\/li>\n<li>S\u00ed, hemos cantado en mi casa y luego hemos bailado en una discoteca (diskotek\/nattklub).<\/li>\n<li>S\u00ed, hemos ido de bares y a bailar.<\/li>\n<li>Hemos bailado hasta las tres de la ma\u00f1ana.<\/li>\n<li>Despu\u00e9s hemos ido a la playa \/ Despu\u00e9s hemos dado una vuelta por la playa.<\/li>\n<li>S\u00ed, me ha gustado mucho \/ No, no me ha gustado nada.<\/li>\n<\/ol>\n<p>TAREA:<\/p>\n<ol>\n<li>Estudiar las p\u00e1ginas 107 y 108.<\/li>\n<li>Estudiar este material: <a href=\"http:\/\/blogg.folkuniversitetet.nu\/fuendi\/files\/2020\/09\/2GUSTAR-ENCANTAR-INTERESAR-ABURRIR-PARECER.pdf\">\u00a0 GUSTAR, ENCANTAR, INTERESAR, ABURRIR, PARECER<\/a><\/li>\n<li>Prepararse (f\u00f6rbereda sig) para hacer el ejercicio 2, p\u00e1gina 109 en clase.<\/li>\n<\/ol>\n","protected":false},"excerpt":{"rendered":"<p>\u00a0\u201dEl tiempo libre de Tarik\u201d, p\u00e1gina 105 Este texto combina el presente (presens), el pasado (d\u00e5tid) y el futuro. Ejemplo: Tarik:\u00a0 No s\u00e9 (presente del verbo saber)&#8230; Mi madre me ha preguntado\u00a0(pret\u00e9rito perfecto del verbo preguntar) si voy a cenar con la familia (futuro del verbo cenar). Y la verdad es que las fiestas de &hellip; <a href=\"https:\/\/blogg.folkuniversitetet.nu\/fuendi\/clase-del-16-de-noviembre\/\" class=\"more-link\">Forts\u00e4tt l\u00e4sa <span class=\"screen-reader-text\">Clase del 16 de noviembre<\/span> <span class=\"meta-nav\">&rarr;<\/span><\/a><\/p>\n","protected":false},"author":787,"featured_media":0,"parent":0,"menu_order":0,"comment_status":"closed","ping_status":"closed","template":"","meta":{"footnotes":""},"class_list":["post-916","page","type-page","status-publish","hentry"],"_links":{"self":[{"href":"https:\/\/blogg.folkuniversitetet.nu\/fuendi\/wp-json\/wp\/v2\/pages\/916","targetHints":{"allow":["GET"]}}],"collection":[{"href":"https:\/\/blogg.folkuniversitetet.nu\/fuendi\/wp-json\/wp\/v2\/pages"}],"about":[{"href":"https:\/\/blogg.folkuniversitetet.nu\/fuendi\/wp-json\/wp\/v2\/types\/page"}],"author":[{"embeddable":true,"href":"https:\/\/blogg.folkuniversitetet.nu\/fuendi\/wp-json\/wp\/v2\/users\/787"}],"replies":[{"embeddable":true,"href":"https:\/\/blogg.folkuniversitetet.nu\/fuendi\/wp-json\/wp\/v2\/comments?post=916"}],"version-history":[{"count":3,"href":"https:\/\/blogg.folkuniversitetet.nu\/fuendi\/wp-json\/wp\/v2\/pages\/916\/revisions"}],"predecessor-version":[{"id":920,"href":"https:\/\/blogg.folkuniversitetet.nu\/fuendi\/wp-json\/wp\/v2\/pages\/916\/revisions\/920"}],"wp:attachment":[{"href":"https:\/\/blogg.folkuniversitetet.nu\/fuendi\/wp-json\/wp\/v2\/media?parent=916"}],"curies":[{"name":"wp","href":"https:\/\/api.w.org\/{rel}","templated":true}]}}