{"id":901,"date":"2020-11-09T11:02:09","date_gmt":"2020-11-09T10:02:09","guid":{"rendered":"http:\/\/blogg.folkuniversitetet.nu\/fuendi\/?page_id=901"},"modified":"2020-11-09T11:17:35","modified_gmt":"2020-11-09T10:17:35","slug":"clase-del-4-de-noviembre","status":"publish","type":"page","link":"https:\/\/blogg.folkuniversitetet.nu\/fuendi\/clase-del-4-de-noviembre\/","title":{"rendered":"Clase del 4 de noviembre"},"content":{"rendered":"<h5>Apuntes sobre el ejercicio 4 de la p\u00e1gina 46<\/h5>\n<p>Lo siento mucho, pero\u2026<\/p>\n<p>Quer\u00eda hablar contigo sobre tu examen.<\/p>\n<p>\u00bfPodemos vernos en mi despacho a las once y media?<\/p>\n<p>Antonio no\u00a0 va a llegar a tiempo a clase porque el perro no est\u00e1 en casa.<\/p>\n<p>El perro ha desaparecido.<\/p>\n<p>El perro se llama Coco.<\/p>\n<p>Voy a\u00a0<strong>coger \/ tomar<\/strong>\u00a0el autob\u00fas de las diez menos cuarto.<\/p>\n<p>&nbsp;<\/p>\n<h5>Expresar irritaci\u00f3n<\/h5>\n<p>Ejemplo del primer caso, Ejercicio 7, p\u00e1gina 47:<\/p>\n<p>A\u00a0 \u2013 \u00a1Hola, XXXX !<\/p>\n<p>B\u00a0 \u2013 Por favor,\u00a0 XXXXX ! \u00bfD\u00f3nde has estado? Quedamos a las 8, y son las 8 y 20. He esperado 20 minutos aqu\u00ed sola y hace mucho fr\u00edo. Estoy harta de esto.<\/p>\n<p>A\u00a0 \u2013 Perd\u00f3name, tuve que trabajar hasta tarde hoy.<\/p>\n<p>B \u2013 Siempre lo mismo. Tienes que llamarme o escribirme si vas a llegar tarde.<\/p>\n<p>A\u00a0 \u2013 S\u00ed, s\u00ed, tienes raz\u00f3n, lo siento. Hoy yo invito, \u00bfvale?<\/p>\n<p>&nbsp;<\/p>\n<p><strong>Vocabulario para el caso 1:<\/strong><\/p>\n<p>Hace fr\u00edo<\/p>\n<p>tener fr\u00edo<\/p>\n<p>afuera<\/p>\n<p>quedar<\/p>\n<p>tarde<\/p>\n<p>sin<\/p>\n<p>escribir un mensaje<\/p>\n<p>llamar (por tel\u00e9fono)<\/p>\n<p>&nbsp;<\/p>\n<p><strong>Vocabulario para el caso 2:<\/strong><\/p>\n<p>Comprar algo a alguien<\/p>\n<p>jam\u00f3n<\/p>\n<p>olvidar<\/p>\n<p>con<\/p>\n<p>tan<\/p>\n<p>barato<\/p>\n<p>la reacci\u00f3n<\/p>\n<p>abrir<\/p>\n<p>la caja<\/p>\n<p>&nbsp;<\/p>\n<h5>Escribir un SMS<\/h5>\n<p>Escribir un SMS para avisar a tu jefe que vas a llegar tarde al trabajo.<\/p>\n<p>Explica:<\/p>\n<p>\u2013 \u00bfPor qu\u00e9 vas a llegar tarde?<\/p>\n<p>\u2013 \u00bfA qu\u00e9 hora vas a llegar?<\/p>\n<p><strong>Modelo:<\/strong><\/p>\n<p>Hola, XXXX<\/p>\n<p>Lo siento, pero\u2026\u00a0\u00a0\u00a0\u00a0\u00a0\u00a0\u00a0\u00a0\u00a0\u00a0\u00a0\u00a0\u00a0\u00a0\u00a0\u00a0\u00a0\u00a0\u00a0\u00a0\u00a0\u00a0 porque\u2026\u2026\u00a0\u00a0\u00a0\u00a0\u00a0\u00a0\u00a0\u00a0\u00a0\u00a0\u00a0 .\u00a0 Voy a llegar a las\u2026.<\/p>\n<p>Hasta luego \/\u00a0 Hasta ahora<\/p>\n<p>XXXX<\/p>\n<p>&nbsp;<\/p>\n<h5><span style=\"color: #ff0000\">TAREA:<\/span><\/h5>\n<ol>\n<li>Ejercicio 2, p. 56, con ayuda del vocabulario (expresiones de tiempo II) de la p\u00e1gina 55.<\/li>\n<li>Ejercicio 5, p. 58.<\/li>\n<li>Ejercicio 8a, p. 59, y prepararse para hacer el ejercicio 8b, p. 59 la pr\u00f3xima clase.<\/li>\n<\/ol>\n","protected":false},"excerpt":{"rendered":"<p>Apuntes sobre el ejercicio 4 de la p\u00e1gina 46 Lo siento mucho, pero\u2026 Quer\u00eda hablar contigo sobre tu examen. \u00bfPodemos vernos en mi despacho a las once y media? Antonio no\u00a0 va a llegar a tiempo a clase porque el perro no est\u00e1 en casa. El perro ha desaparecido. El perro se llama Coco. Voy &hellip; <a href=\"https:\/\/blogg.folkuniversitetet.nu\/fuendi\/clase-del-4-de-noviembre\/\" class=\"more-link\">Forts\u00e4tt l\u00e4sa <span class=\"screen-reader-text\">Clase del 4 de noviembre<\/span> <span class=\"meta-nav\">&rarr;<\/span><\/a><\/p>\n","protected":false},"author":787,"featured_media":0,"parent":0,"menu_order":0,"comment_status":"closed","ping_status":"closed","template":"","meta":{"footnotes":""},"class_list":["post-901","page","type-page","status-publish","hentry"],"_links":{"self":[{"href":"https:\/\/blogg.folkuniversitetet.nu\/fuendi\/wp-json\/wp\/v2\/pages\/901","targetHints":{"allow":["GET"]}}],"collection":[{"href":"https:\/\/blogg.folkuniversitetet.nu\/fuendi\/wp-json\/wp\/v2\/pages"}],"about":[{"href":"https:\/\/blogg.folkuniversitetet.nu\/fuendi\/wp-json\/wp\/v2\/types\/page"}],"author":[{"embeddable":true,"href":"https:\/\/blogg.folkuniversitetet.nu\/fuendi\/wp-json\/wp\/v2\/users\/787"}],"replies":[{"embeddable":true,"href":"https:\/\/blogg.folkuniversitetet.nu\/fuendi\/wp-json\/wp\/v2\/comments?post=901"}],"version-history":[{"count":3,"href":"https:\/\/blogg.folkuniversitetet.nu\/fuendi\/wp-json\/wp\/v2\/pages\/901\/revisions"}],"predecessor-version":[{"id":905,"href":"https:\/\/blogg.folkuniversitetet.nu\/fuendi\/wp-json\/wp\/v2\/pages\/901\/revisions\/905"}],"wp:attachment":[{"href":"https:\/\/blogg.folkuniversitetet.nu\/fuendi\/wp-json\/wp\/v2\/media?parent=901"}],"curies":[{"name":"wp","href":"https:\/\/api.w.org\/{rel}","templated":true}]}}