{"id":897,"date":"2020-11-09T10:42:34","date_gmt":"2020-11-09T09:42:34","guid":{"rendered":"http:\/\/blogg.folkuniversitetet.nu\/fuendi\/?page_id=897"},"modified":"2020-11-30T18:52:07","modified_gmt":"2020-11-30T17:52:07","slug":"clase-del-5-de-noviembre","status":"publish","type":"page","link":"https:\/\/blogg.folkuniversitetet.nu\/fuendi\/clase-del-5-de-noviembre\/","title":{"rendered":"Clase del 5 de noviembre"},"content":{"rendered":"<h5>Los colores<\/h5>\n<div dir=\"auto\">\n<p><iframe loading=\"lazy\" title=\"Vocabulario de los colores en espa\u00f1ol - Vocabulary of colors in Spanish\" width=\"604\" height=\"340\" src=\"https:\/\/www.youtube.com\/embed\/kilEt7CoZic?feature=oembed\" frameborder=\"0\" allow=\"accelerometer; autoplay; clipboard-write; encrypted-media; gyroscope; picture-in-picture; web-share\" referrerpolicy=\"strict-origin-when-cross-origin\" allowfullscreen><\/iframe><\/p>\n<\/div>\n<div dir=\"auto\"><\/div>\n<div dir=\"auto\">\u00bfCu\u00e1l es tu color favorito?<\/div>\n<div dir=\"auto\">\u00bfDe qu\u00e9 color es&#8230;.?<\/div>\n<div dir=\"auto\"><\/div>\n<div dir=\"auto\">Practicar con las p\u00e1ginas 84 y 85.<\/div>\n<div dir=\"auto\"><\/div>\n<div dir=\"auto\"><\/div>\n<h5>Los d\u00edas de la semana, p. 86<\/h5>\n<div dir=\"auto\">M\u00e1s vocabulario:<\/div>\n<div dir=\"auto\"><\/div>\n<div dir=\"auto\">hoy<\/div>\n<div dir=\"auto\">ma\u00f1ana<\/div>\n<div dir=\"auto\">pasado ma\u00f1ana<\/div>\n<div dir=\"auto\">ayer<\/div>\n<div dir=\"auto\">anteayer<\/div>\n<div dir=\"auto\"><\/div>\n<div dir=\"auto\">esta ma\u00f1ana<\/div>\n<div dir=\"auto\">ma\u00f1ana en la ma\u00f1ana<\/div>\n<div dir=\"auto\"><\/div>\n<div dir=\"auto\">esta noche \/ esta tarde<\/div>\n<div dir=\"auto\"><\/div>\n<div dir=\"auto\">el lunes \/ el martes&#8230;.. (d\u00e5tid eller fututum)<\/div>\n<div dir=\"auto\"><\/div>\n<div dir=\"auto\">d\u00edas de trabajo (de lunes a viernes)<\/div>\n<div dir=\"auto\"><\/div>\n<div dir=\"auto\">el fin de semana, los fines de semana<\/div>\n<div dir=\"auto\"><\/div>\n<div dir=\"auto\">d\u00edas festivos \/ d\u00edas de fiesta<\/div>\n<div dir=\"auto\"><\/div>\n<div dir=\"auto\"><span style=\"color: #ff0000\">Observa:\u00a0<\/span><\/div>\n<div dir=\"auto\"><\/div>\n<div dir=\"auto\">Los d\u00edas son todos masculinos, pero\u00a0ma\u00f1ana \/ tarde \/ noche son femeninos.<\/div>\n<div dir=\"auto\"><\/div>\n<div dir=\"auto\">Practicar con el ejercicio 2, p. 86.<\/div>\n<h5>Pret\u00e9rito perfecto y futuro<\/h5>\n<div dir=\"auto\">Practicar con las preguntas:<\/div>\n<div dir=\"auto\">\u00bfQu\u00e9 has hecho hoy?<\/div>\n<div dir=\"auto\">\u00bfQu\u00e9 vas a hacer ma\u00f1ana?<\/div>\n<div dir=\"auto\">\u00bfQu\u00e9 vas a hacer pasado ma\u00f1ana?<\/div>\n<h5>Abierto y cerrado,\u00a0 p. 87<\/h5>\n<div dir=\"auto\">abrir = \u00f6ppna\u00a0 \u00a0 participio (adjetivo) = abierto<\/div>\n<div dir=\"auto\"><\/div>\n<div dir=\"auto\">cerrar = st\u00e4nga\u00a0 \u00a0 \u00a0participio (adjetivo) = cerrado<\/div>\n<div dir=\"auto\"><\/div>\n<div dir=\"auto\">Practicar con el ejercicio 4, p. 87.<\/div>\n<div dir=\"auto\"><\/div>\n<h5><span style=\"color: #ff0000\">TAREA:<\/span><\/h5>\n<ol>\n<li>Ejercicio 4 y 6, p. 92 y 93.<\/li>\n<li>Leer el texto &#8221;El Corte Ingl\u00e9s&#8221;, y estudiar el vocabulario, p. 221.<\/li>\n<\/ol>\n","protected":false},"excerpt":{"rendered":"<p>Los colores \u00bfCu\u00e1l es tu color favorito? \u00bfDe qu\u00e9 color es&#8230;.? Practicar con las p\u00e1ginas 84 y 85. Los d\u00edas de la semana, p. 86 M\u00e1s vocabulario: hoy ma\u00f1ana pasado ma\u00f1ana ayer anteayer esta ma\u00f1ana ma\u00f1ana en la ma\u00f1ana esta noche \/ esta tarde el lunes \/ el martes&#8230;.. (d\u00e5tid eller fututum) d\u00edas de trabajo &hellip; <a href=\"https:\/\/blogg.folkuniversitetet.nu\/fuendi\/clase-del-5-de-noviembre\/\" class=\"more-link\">Forts\u00e4tt l\u00e4sa <span class=\"screen-reader-text\">Clase del 5 de noviembre<\/span> <span class=\"meta-nav\">&rarr;<\/span><\/a><\/p>\n","protected":false},"author":787,"featured_media":0,"parent":0,"menu_order":0,"comment_status":"closed","ping_status":"closed","template":"","meta":{"footnotes":""},"class_list":["post-897","page","type-page","status-publish","hentry"],"_links":{"self":[{"href":"https:\/\/blogg.folkuniversitetet.nu\/fuendi\/wp-json\/wp\/v2\/pages\/897","targetHints":{"allow":["GET"]}}],"collection":[{"href":"https:\/\/blogg.folkuniversitetet.nu\/fuendi\/wp-json\/wp\/v2\/pages"}],"about":[{"href":"https:\/\/blogg.folkuniversitetet.nu\/fuendi\/wp-json\/wp\/v2\/types\/page"}],"author":[{"embeddable":true,"href":"https:\/\/blogg.folkuniversitetet.nu\/fuendi\/wp-json\/wp\/v2\/users\/787"}],"replies":[{"embeddable":true,"href":"https:\/\/blogg.folkuniversitetet.nu\/fuendi\/wp-json\/wp\/v2\/comments?post=897"}],"version-history":[{"count":3,"href":"https:\/\/blogg.folkuniversitetet.nu\/fuendi\/wp-json\/wp\/v2\/pages\/897\/revisions"}],"predecessor-version":[{"id":969,"href":"https:\/\/blogg.folkuniversitetet.nu\/fuendi\/wp-json\/wp\/v2\/pages\/897\/revisions\/969"}],"wp:attachment":[{"href":"https:\/\/blogg.folkuniversitetet.nu\/fuendi\/wp-json\/wp\/v2\/media?parent=897"}],"curies":[{"name":"wp","href":"https:\/\/api.w.org\/{rel}","templated":true}]}}