{"id":878,"date":"2020-10-31T18:43:43","date_gmt":"2020-10-31T17:43:43","guid":{"rendered":"http:\/\/blogg.folkuniversitetet.nu\/fuendi\/?page_id=878"},"modified":"2020-10-31T18:47:45","modified_gmt":"2020-10-31T17:47:45","slug":"clase-del-29-de-octubre-2","status":"publish","type":"page","link":"https:\/\/blogg.folkuniversitetet.nu\/fuendi\/clase-del-29-de-octubre-2\/","title":{"rendered":"Clase del 29 de octubre"},"content":{"rendered":"<h5><span style=\"color: #ff0000\">TAREA:<\/span><\/h5>\n<ol>\n<li>Les recomiendo hacer la autoevaluaci\u00f3n de las p\u00e1ginas 178-181.<\/li>\n<li>Tambi\u00e9n les recomiendo estudiar el vocabulario &#8221;Comida y bebida&#8221;, de la p\u00e1gina 70. Tambi\u00e9n pueden ver y estudiar los siguientes videos \u21d3\u21d3\u21d3. Cu\u00eddense y nos vemos el 19 de noviembre.<\/li>\n<\/ol>\n<p>&nbsp;<\/p>\n<p><iframe loading=\"lazy\" title=\"Aprender espa\u00f1ol: Los alimentos \ud83c\udf4e\ud83e\uddc0\ud83c\udf69(nivel b\u00e1sico)\" width=\"604\" height=\"340\" src=\"https:\/\/www.youtube.com\/embed\/OhSjoQofCiw?start=12&#038;feature=oembed\" frameborder=\"0\" allow=\"accelerometer; autoplay; clipboard-write; encrypted-media; gyroscope; picture-in-picture; web-share\" referrerpolicy=\"strict-origin-when-cross-origin\" allowfullscreen><\/iframe><\/p>\n<p><iframe loading=\"lazy\" title=\"Aprender espa\u00f1ol: Las bebidas \u2615\ud83c\udf77\ud83c\udf7a (nivel b\u00e1sico)\" width=\"604\" height=\"340\" src=\"https:\/\/www.youtube.com\/embed\/bNlEliFz-MA?feature=oembed\" frameborder=\"0\" allow=\"accelerometer; autoplay; clipboard-write; encrypted-media; gyroscope; picture-in-picture; web-share\" referrerpolicy=\"strict-origin-when-cross-origin\" allowfullscreen><\/iframe><\/p>\n<p><a href=\"http:\/\/blogg.folkuniversitetet.nu\/fuendi\/files\/2019\/10\/Los-alimentos-y-las-bebidas-corregido.pdf\">Los alimentos y las bebidas \u00a0 <\/a>\u21d0 PDF aqu\u00ed<\/p>\n<p>&nbsp;<\/p>\n","protected":false},"excerpt":{"rendered":"<p>TAREA: Les recomiendo hacer la autoevaluaci\u00f3n de las p\u00e1ginas 178-181. Tambi\u00e9n les recomiendo estudiar el vocabulario &#8221;Comida y bebida&#8221;, de la p\u00e1gina 70. Tambi\u00e9n pueden ver y estudiar los siguientes videos \u21d3\u21d3\u21d3. Cu\u00eddense y nos vemos el 19 de noviembre. &nbsp; Los alimentos y las bebidas \u00a0 \u21d0 PDF aqu\u00ed &nbsp;<\/p>\n","protected":false},"author":787,"featured_media":0,"parent":0,"menu_order":0,"comment_status":"closed","ping_status":"closed","template":"","meta":{"footnotes":""},"class_list":["post-878","page","type-page","status-publish","hentry"],"_links":{"self":[{"href":"https:\/\/blogg.folkuniversitetet.nu\/fuendi\/wp-json\/wp\/v2\/pages\/878","targetHints":{"allow":["GET"]}}],"collection":[{"href":"https:\/\/blogg.folkuniversitetet.nu\/fuendi\/wp-json\/wp\/v2\/pages"}],"about":[{"href":"https:\/\/blogg.folkuniversitetet.nu\/fuendi\/wp-json\/wp\/v2\/types\/page"}],"author":[{"embeddable":true,"href":"https:\/\/blogg.folkuniversitetet.nu\/fuendi\/wp-json\/wp\/v2\/users\/787"}],"replies":[{"embeddable":true,"href":"https:\/\/blogg.folkuniversitetet.nu\/fuendi\/wp-json\/wp\/v2\/comments?post=878"}],"version-history":[{"count":3,"href":"https:\/\/blogg.folkuniversitetet.nu\/fuendi\/wp-json\/wp\/v2\/pages\/878\/revisions"}],"predecessor-version":[{"id":882,"href":"https:\/\/blogg.folkuniversitetet.nu\/fuendi\/wp-json\/wp\/v2\/pages\/878\/revisions\/882"}],"wp:attachment":[{"href":"https:\/\/blogg.folkuniversitetet.nu\/fuendi\/wp-json\/wp\/v2\/media?parent=878"}],"curies":[{"name":"wp","href":"https:\/\/api.w.org\/{rel}","templated":true}]}}