{"id":874,"date":"2020-10-31T18:33:03","date_gmt":"2020-10-31T17:33:03","guid":{"rendered":"http:\/\/blogg.folkuniversitetet.nu\/fuendi\/?page_id=874"},"modified":"2020-10-31T18:33:03","modified_gmt":"2020-10-31T17:33:03","slug":"clase-del-21-de-octubre","status":"publish","type":"page","link":"https:\/\/blogg.folkuniversitetet.nu\/fuendi\/clase-del-21-de-octubre\/","title":{"rendered":"Clase del 21 de octubre"},"content":{"rendered":"<h5>Verbos con diptongo<\/h5>\n<p><strong>o\u00a0 \u00a0<\/strong><strong>\u21d2<\/strong> <strong>\u00a0<\/strong><strong> ue<\/strong><strong>\u00a0<\/strong><\/p>\n<p>P<strong>o<\/strong>der.<\/p>\n<p>Yo\u00a0 \u00a0 \u00a0p<strong>ue<\/strong>do\u00a0 \u00a0 \u00a0\/\u00a0 \u00a0 \u00a0t\u00fa\u00a0 \u00a0 \u00a0 p<strong>ue<\/strong>des\u2026..<\/p>\n<p>Nosotros\u00a0 \u00a0 \u00a0podemos<\/p>\n<p>Vosotros\u00a0 \u00a0 \u00a0 pod\u00e9is<\/p>\n<p>&nbsp;<\/p>\n<p><strong>u\u00a0 <\/strong><strong>\u21d2<\/strong><strong>\u00a0<\/strong><strong> ue<\/strong><\/p>\n<p>jugar<\/p>\n<p>Yo\u00a0\u00a0\u00a0\u00a0\u00a0 juego<\/p>\n<p>Nosotros jugamos<\/p>\n<p>Vosotros jug\u00e1is<\/p>\n<p>&nbsp;<\/p>\n<p><strong>e\u00a0 <\/strong><strong>\u21d2<\/strong><strong>\u00a0<\/strong><strong> ie<\/strong><\/p>\n<p>Sentir<\/p>\n<p>Yo\u00a0 \u00a0 \u00a0 s<strong>ie<\/strong>nto<\/p>\n<p>Nosotros\u00a0 \u00a0 \u00a0 sentimos<\/p>\n<p>Vosostros\u00a0 \u00a0 \u00a0sent\u00eds<\/p>\n<p>&nbsp;<\/p>\n<h5>Frases importantes para expresar\u00a0 irritaci\u00f3n<\/h5>\n<p>\u00a1Por favor! = Sn\u00e4lla! \/ Men sn\u00e4lla du!<\/p>\n<p>Tienes que&#8230; = Du m\u00e5ste&#8230;<\/p>\n<p>Siempre lo mismo = Alltid samma sak<\/p>\n<p>Estoy harto, -a de esto \/ de + infinitivo = Jag \u00e4r tr\u00f6tt p\u00e5 det h\u00e4r<\/p>\n<p>&nbsp;<\/p>\n<p>\u00a1Anda! = Oj!<\/p>\n<p>\u00a1Madre m\u00eda! \/ \u00a1Dios m\u00edo! = Herregud!<\/p>\n<p>Perd\u00f3name, es que\u2026 = F\u00f6rl\u00e5t mig, det \u00e4r s\u00e5 att&#8230;<\/p>\n<p>&nbsp;<\/p>\n<h5>pensar \/ creer que<\/h5>\n<p>pensar \/ creer\u00a0 = att tycka<\/p>\n<p>Pienso que\u2026.\u00a0 \u00a0 \u00a0 \u00a0 \u00a0 \u00a0 \u00a0 \u00a0 \u00a0 \u00a0 \u00a0 \u00a0 \u00a0 \u00a0 \u00a0Creo que\u2026.\u00a0\u00a0\u00a0\u00a0\u00a0 + oraci\u00f3n completa o infinitivo<\/p>\n<p>Piensas que\u2026\u00a0 \u00a0 \u00a0 \u00a0 \u00a0 \u00a0 \u00a0 \u00a0 \u00a0 \u00a0 \u00a0 \u00a0 \u00a0 \u00a0 \u00a0 Crees que\u2026<\/p>\n<p>&nbsp;<\/p>\n<p><strong>Ejemplos:<\/strong><\/p>\n<p>Pienso \/ creo que \/ Pensamos \/ Creemos que\u00a0una cita rom\u00e1ntica\u00a0es m\u00e1s importante que\u00a0un examen.<\/p>\n<p>Pienso que estudiar es m\u00e1s importante que ver televisi\u00f3n.<\/p>\n<p>Eva y Jakob piensan lo mismo\u00a0 \u00a0\/\u00a0 \u00a0 Eva y Jakob\u00a0<strong>no<\/strong>\u00a0piensan lo mismo.<\/p>\n<p>&nbsp;<\/p>\n<h5><span style=\"color: #ff0000\">TAREA:<\/span><\/h5>\n<ul>\n<li>Ejercicio 6a, p. 47.<\/li>\n<li>Prepararse para hacer el ejercicio 7, p. 47, la pr\u00f3xima clase.<\/li>\n<\/ul>\n","protected":false},"excerpt":{"rendered":"<p>Verbos con diptongo o\u00a0 \u00a0\u21d2 \u00a0 ue\u00a0 Poder. Yo\u00a0 \u00a0 \u00a0puedo\u00a0 \u00a0 \u00a0\/\u00a0 \u00a0 \u00a0t\u00fa\u00a0 \u00a0 \u00a0 puedes\u2026.. Nosotros\u00a0 \u00a0 \u00a0podemos Vosotros\u00a0 \u00a0 \u00a0 pod\u00e9is &nbsp; u\u00a0 \u21d2\u00a0 ue jugar Yo\u00a0\u00a0\u00a0\u00a0\u00a0 juego Nosotros jugamos Vosotros jug\u00e1is &nbsp; e\u00a0 \u21d2\u00a0 ie Sentir Yo\u00a0 \u00a0 \u00a0 siento Nosotros\u00a0 \u00a0 \u00a0 sentimos Vosostros\u00a0 \u00a0 \u00a0sent\u00eds &nbsp; Frases importantes &hellip; <a href=\"https:\/\/blogg.folkuniversitetet.nu\/fuendi\/clase-del-21-de-octubre\/\" class=\"more-link\">Forts\u00e4tt l\u00e4sa <span class=\"screen-reader-text\">Clase del 21 de octubre<\/span> <span class=\"meta-nav\">&rarr;<\/span><\/a><\/p>\n","protected":false},"author":787,"featured_media":0,"parent":0,"menu_order":0,"comment_status":"closed","ping_status":"closed","template":"","meta":{"footnotes":""},"class_list":["post-874","page","type-page","status-publish","hentry"],"_links":{"self":[{"href":"https:\/\/blogg.folkuniversitetet.nu\/fuendi\/wp-json\/wp\/v2\/pages\/874","targetHints":{"allow":["GET"]}}],"collection":[{"href":"https:\/\/blogg.folkuniversitetet.nu\/fuendi\/wp-json\/wp\/v2\/pages"}],"about":[{"href":"https:\/\/blogg.folkuniversitetet.nu\/fuendi\/wp-json\/wp\/v2\/types\/page"}],"author":[{"embeddable":true,"href":"https:\/\/blogg.folkuniversitetet.nu\/fuendi\/wp-json\/wp\/v2\/users\/787"}],"replies":[{"embeddable":true,"href":"https:\/\/blogg.folkuniversitetet.nu\/fuendi\/wp-json\/wp\/v2\/comments?post=874"}],"version-history":[{"count":2,"href":"https:\/\/blogg.folkuniversitetet.nu\/fuendi\/wp-json\/wp\/v2\/pages\/874\/revisions"}],"predecessor-version":[{"id":877,"href":"https:\/\/blogg.folkuniversitetet.nu\/fuendi\/wp-json\/wp\/v2\/pages\/874\/revisions\/877"}],"wp:attachment":[{"href":"https:\/\/blogg.folkuniversitetet.nu\/fuendi\/wp-json\/wp\/v2\/media?parent=874"}],"curies":[{"name":"wp","href":"https:\/\/api.w.org\/{rel}","templated":true}]}}