{"id":869,"date":"2020-10-31T16:24:42","date_gmt":"2020-10-31T15:24:42","guid":{"rendered":"http:\/\/blogg.folkuniversitetet.nu\/fuendi\/?page_id=869"},"modified":"2020-10-31T16:26:54","modified_gmt":"2020-10-31T15:26:54","slug":"clase-del-29-de-octubre","status":"publish","type":"page","link":"https:\/\/blogg.folkuniversitetet.nu\/fuendi\/clase-del-29-de-octubre\/","title":{"rendered":"Clase del 29 de octubre"},"content":{"rendered":"<h5>Encantar, gustar, no gustar nada<\/h5>\n<p>&#8211; A m\u00ed me gusta \/ me encanta&#8230;\u00a0 \u00a0 \u00a0 \u00bfY a ti?<\/p>\n<ul>\n<li>A m\u00ed tambi\u00e9n.<\/li>\n<li>A m\u00ed no.<\/li>\n<\/ul>\n<p>&#8211; A m\u00ed no me gusta \/ no me gusta nada&#8230;\u00a0 \u00a0 \u00a0\u00bfY a ti?<\/p>\n<ul>\n<li>A m\u00ed tampoco.<\/li>\n<li>A m\u00ed s\u00ed.<\/li>\n<\/ul>\n<p>&nbsp;<\/p>\n<h5>Adjetivos<\/h5>\n<p>Es \u00fatil (anv\u00e4ndbar) aprender los adjetivos con su ant\u00f3nimo (motsats). Por ejemplo:<\/p>\n<p>peque\u00f1o\u00a0 \/\u00a0 grande<\/p>\n<p>interesante\u00a0 \u00a0\/\u00a0 \u00a0aburrido<\/p>\n<p>nuevo\u00a0 \u00a0\/\u00a0 \u00a0 \u00a0viejo<\/p>\n<p>tradicional\u00a0 \u00a0\/\u00a0 moderno<\/p>\n<p>&nbsp;<\/p>\n<h5>Pret\u00e9rito perfecto<\/h5>\n<p><iframe loading=\"lazy\" title=\"Del 1 - Da\u030atid i spanskan, tidsformen perfekt.\" width=\"604\" height=\"453\" src=\"https:\/\/www.youtube.com\/embed\/iLDmFaA80OY?feature=oembed\" frameborder=\"0\" allow=\"accelerometer; autoplay; clipboard-write; encrypted-media; gyroscope; picture-in-picture; web-share\" referrerpolicy=\"strict-origin-when-cross-origin\" allowfullscreen><\/iframe><\/p>\n<p>&nbsp;<\/p>\n<h5>Conversar<\/h5>\n<p>\u00bfQu\u00e9 <strong>has hecho<\/strong> este verano?<\/p>\n<p>\u00bfQu\u00e9 <strong>has hecho<\/strong> esta semana?<\/p>\n<p>&nbsp;<\/p>\n<p>Ejemplos:<\/p>\n<p>Este verano <strong>he ido<\/strong> a la playa, <strong>he salido<\/strong> con mis amigos y <strong>he visitado<\/strong> a mi madre muchas veces.<\/p>\n<p>Mi marido y yo <strong>hemos viajado<\/strong> al campo este verano.<\/p>\n<p>Este verano <strong>he viajado<\/strong> a Inglaterra con mi esposo.<\/p>\n<p>Este verano <strong>hemos caminado<\/strong> mucho por Estocolmo.<\/p>\n<p>Esta semana <strong>he comido<\/strong> pasta de frijoles y pollo.<\/p>\n<p>&nbsp;<\/p>\n<h5>Apuntes:<\/h5>\n<p>el cielo = himmel<\/p>\n<p>un rato \/ un momento = stund<\/p>\n<p>el correo = post<\/p>\n<p>el correo electr\u00f3nico = mejl<\/p>\n<p>la direcci\u00f3n de correo electr\u00f3nico = e-post<\/p>\n<p>hornear = att baka<\/p>\n<p>&nbsp;<\/p>\n<p>temer = att vara r\u00e4dd<\/p>\n<p>Tengo miedo =\u00a0 Jag \u00e4r r\u00e4dd<\/p>\n<p>el miedo = r\u00e4dsla<\/p>\n<p>Tengo miedo de volar \/ Temo volar = Jag \u00e4r r\u00e4dd f\u00f6r att flyga<\/p>\n<p>&nbsp;<\/p>\n<p>Soy al\u00e9rgica <strong>a<\/strong> los gatos \/ al polen \/ al polvo = Jag \u00e4r alergisk <strong>mot<\/strong> katter \/ polen \/ damm<\/p>\n<p>&nbsp;<\/p>\n<p>Estoy de acuerdo = Jag h\u00e5ller med<\/p>\n<p>No estoy de acuerdo =\u00a0 Jag h\u00e5ller inte med<\/p>\n<p>&nbsp;<\/p>\n<p>acostar(<strong>se<\/strong>) = g\u00e5 och l\u00e4gga <strong>sig<\/strong><\/p>\n<p><strong>Me<\/strong> acuesto muy tarde (Jag g\u00e5r och l\u00e4gger <strong>mig<\/strong> v\u00e4ldigt sent)\u00a0 \u00a0\u21d2 Om man b\u00f6jer verbet, placerar man det reflexiva pronomen innan verbet.<\/p>\n<p>Me gusta acostar<strong>me<\/strong> tarde (Jag gillar att g\u00e5 och l\u00e4gga mig sent)\u00a0 \u00a0\u21d2\u00a0 Vid verbet gustar, encantar och andra s\u00e5dana verb, m\u00e5ste\u00a0 man placera det reflexiva pronomen tilsammans med verbet i grundform.<\/p>\n<p>oler\u00a0 \/ue\/\u00a0 \u00a0= att lukta\u00a0 \u21d2 <strong>hue<\/strong>lo \/ <strong>hue<\/strong>les \/ <strong>hue<\/strong>le \/ olemos \/ ol\u00e9is \/ <strong>hue<\/strong>len<\/p>\n<p>&nbsp;<\/p>\n<h5><span style=\"color: #ff0000\">TAREA:<\/span><\/h5>\n<ol>\n<li>Repasar los adjetivos y el pret\u00e9rito perfecto.<\/li>\n<li>Leer las p\u00e1ginas 84-87.<\/li>\n<\/ol>\n","protected":false},"excerpt":{"rendered":"<p>Encantar, gustar, no gustar nada &#8211; A m\u00ed me gusta \/ me encanta&#8230;\u00a0 \u00a0 \u00a0 \u00bfY a ti? A m\u00ed tambi\u00e9n. A m\u00ed no. &#8211; A m\u00ed no me gusta \/ no me gusta nada&#8230;\u00a0 \u00a0 \u00a0\u00bfY a ti? A m\u00ed tampoco. A m\u00ed s\u00ed. &nbsp; Adjetivos Es \u00fatil (anv\u00e4ndbar) aprender los adjetivos con su &hellip; <a href=\"https:\/\/blogg.folkuniversitetet.nu\/fuendi\/clase-del-29-de-octubre\/\" class=\"more-link\">Forts\u00e4tt l\u00e4sa <span class=\"screen-reader-text\">Clase del 29 de octubre<\/span> <span class=\"meta-nav\">&rarr;<\/span><\/a><\/p>\n","protected":false},"author":787,"featured_media":0,"parent":0,"menu_order":0,"comment_status":"closed","ping_status":"closed","template":"","meta":{"footnotes":""},"class_list":["post-869","page","type-page","status-publish","hentry"],"_links":{"self":[{"href":"https:\/\/blogg.folkuniversitetet.nu\/fuendi\/wp-json\/wp\/v2\/pages\/869","targetHints":{"allow":["GET"]}}],"collection":[{"href":"https:\/\/blogg.folkuniversitetet.nu\/fuendi\/wp-json\/wp\/v2\/pages"}],"about":[{"href":"https:\/\/blogg.folkuniversitetet.nu\/fuendi\/wp-json\/wp\/v2\/types\/page"}],"author":[{"embeddable":true,"href":"https:\/\/blogg.folkuniversitetet.nu\/fuendi\/wp-json\/wp\/v2\/users\/787"}],"replies":[{"embeddable":true,"href":"https:\/\/blogg.folkuniversitetet.nu\/fuendi\/wp-json\/wp\/v2\/comments?post=869"}],"version-history":[{"count":2,"href":"https:\/\/blogg.folkuniversitetet.nu\/fuendi\/wp-json\/wp\/v2\/pages\/869\/revisions"}],"predecessor-version":[{"id":872,"href":"https:\/\/blogg.folkuniversitetet.nu\/fuendi\/wp-json\/wp\/v2\/pages\/869\/revisions\/872"}],"wp:attachment":[{"href":"https:\/\/blogg.folkuniversitetet.nu\/fuendi\/wp-json\/wp\/v2\/media?parent=869"}],"curies":[{"name":"wp","href":"https:\/\/api.w.org\/{rel}","templated":true}]}}