{"id":864,"date":"2020-10-28T12:38:55","date_gmt":"2020-10-28T11:38:55","guid":{"rendered":"http:\/\/blogg.folkuniversitetet.nu\/fuendi\/?page_id=864"},"modified":"2020-10-28T13:17:12","modified_gmt":"2020-10-28T12:17:12","slug":"clase-del-27-de-octubre","status":"publish","type":"page","link":"https:\/\/blogg.folkuniversitetet.nu\/fuendi\/clase-del-27-de-octubre\/","title":{"rendered":"Clase del 27 de octubre"},"content":{"rendered":"<h5>Querer = att vilja<\/h5>\n<p>Querer + <span style=\"color: #ff0000\">verbo infinitivo<\/span>\u00a0 =\u00a0 Quiero <span style=\"color: #ff0000\">salir<\/span> (g\u00e5 ut) con mis amigos.<\/p>\n<p>Querer + <span style=\"color: #ff0000\">sustantivo<\/span>\u00a0 = Quiero <span style=\"color: #ff0000\"><span style=\"color: #000000\">una<\/span> manzana<\/span>.<\/p>\n<p>&nbsp;<\/p>\n<p>Yo quiero\u00a0\u00a0\u00a0\u00a0 T\u00fa quieres\u00a0\u00a0\u00a0\u00a0 \u2026<\/p>\n<p>&nbsp;<\/p>\n<p>Ejemplos:<\/p>\n<p>\u2013 \u00bfQu\u00e9 desea?\u00a0\u00a0 \u2013 Quiero \/ quisiera una cerveza, por favor.<\/p>\n<p>\u2013 \u00bfQu\u00e9 quieres hacer el fin de semana? \u2013 Quiero ir a la playa.<\/p>\n<p>&nbsp;<\/p>\n<h5>Un d\u00eda en mi vida (vocabulario)<\/h5>\n<p><a href=\"http:\/\/blogg.folkuniversitetet.nu\/fuendi\/files\/2019\/10\/Un-d\u00eda-en-mi-vida-vocabulario-corregido.pdf\">Un d\u00eda en mi vida, vocabulario<\/a>\u00a0 \u21d0\u00a0 PDF aqu\u00ed<\/p>\n<p>&nbsp;<\/p>\n<h5>llevar (algo)\u00a0 \u00a0 \u00a0\/\u00a0 \u00a0 \u00a0 \u00a0llevar a (alguien)<\/h5>\n<p><strong>llevar (algo) =\u00a0 b\u00e4ra, ha p\u00e5 sig<\/strong><\/p>\n<p>Pedro siempre lleva libros en la mochila.<\/p>\n<p>Ana lleva pantalones negros y una camisa blanca.<\/p>\n<p><strong>llevar a (alguien) a (un lugar)\u00a0 = f\u00f6ra, k\u00f6ra, leda<\/strong><\/p>\n<p>A las 7 de la ma\u00f1ana <strong>llevo a<\/strong> mis hijos <strong>a<\/strong> la escuela.<\/p>\n<p>&nbsp;<\/p>\n<h5>Verbos con diptongo\u00a0 \u00a0 e \u21d2 ie\u00a0 \u00a0\/\u00a0 \u00a0 o \u21d2 ue\u00a0 \u00a0 \u00a0\/\u00a0 jugar \u21d2 u \u21d2 ue<\/h5>\n<p><iframe loading=\"lazy\" title=\"Diftongerade verb p\u00e5 spanska\" width=\"604\" height=\"340\" src=\"https:\/\/www.youtube.com\/embed\/kSFcMR-psGA?feature=oembed\" frameborder=\"0\" allow=\"accelerometer; autoplay; clipboard-write; encrypted-media; gyroscope; picture-in-picture; web-share\" referrerpolicy=\"strict-origin-when-cross-origin\" allowfullscreen><\/iframe><\/p>\n<p>Ejemplos:<\/p>\n<p>A las siete emp<strong>ie<\/strong>za la primera clase del d\u00eda.<\/p>\n<p>J<strong>ue<\/strong>go con mis hermanas.<\/p>\n<p>Me d<strong>ue<\/strong>rmo a las ocho y media de la noche.<\/p>\n<p>&nbsp;<\/p>\n<h5>Verbos reflexivos\u00a0 en espa\u00f1ol<\/h5>\n<div dir=\"auto\">Observa: Man anv\u00e4nder ett reflexivt verb n\u00e4r n\u00e5gon g\u00f6r n\u00e5got med sig sj\u00e4lv. Reflexiva verb slutar p\u00e5 -se. Reflexiva pronomen s\u00e4tts f\u00f6re verbet.<\/div>\n<div dir=\"auto\"><\/div>\n<div dir=\"auto\">Compara (Komparera):<\/div>\n<div dir=\"auto\"><span style=\"color: #ff0000\">me<\/span>\u00a0peino\u00a0 \u00a0=\u00a0 \u00a0jag kammar\u00a0<span style=\"color: #ff0000\">mig<\/span><\/div>\n<div dir=\"auto\"><span style=\"color: #ff0000\">te<\/span>\u00a0peinas\u00a0 \u00a0 =\u00a0 \u00a0du kammar\u00a0<span style=\"color: #ff0000\">dig<\/span><\/div>\n<div dir=\"auto\"><\/div>\n<div dir=\"auto\">Ejemplo:\u00a0 \u00a0Llamar(se).<\/div>\n<div dir=\"auto\">(yo)\u00a0\u00a0<strong>Me<\/strong>\u00a0llamo Diana.<\/div>\n<div dir=\"auto\">(t\u00fa)\u00a0\u00a0<strong>Te<\/strong>\u00a0llamas Eva.<\/div>\n<div dir=\"auto\">(t\u00fa)\u00a0 \u2013 \u00bfC\u00f3mo\u00a0<strong>te<\/strong>\u00a0llamas?<\/div>\n<div dir=\"auto\">(yo) \u2013\u00a0<strong>Me<\/strong>\u00a0llamo Fredrik.<\/div>\n<div dir=\"auto\">(ellos) \u2013\u00a0<strong>Se<\/strong>\u00a0llaman Diana y Diego.<\/div>\n<div dir=\"auto\">(\u00e9l) \u2013 \u00bfC\u00f3mo\u00a0<strong>se<\/strong>\u00a0llama tu esposo?<\/div>\n<div dir=\"auto\">(\u00e9l) \u2013\u00a0<strong>Se<\/strong>\u00a0llama Antonio.<\/div>\n<div dir=\"auto\"><\/div>\n<div dir=\"auto\">\n<h5>Pronombres reflexivos<\/h5>\n<div dir=\"auto\">yo\u00a0 \u00a0 \u00a0\u00a0<strong>me<\/strong><\/div>\n<div dir=\"auto\">t\u00fa\u00a0 \u00a0 \u00a0\u00a0<strong>te<\/strong><\/div>\n<div dir=\"auto\">\u00e9l, ella, usted, ustedes, ellos, ellas\u00a0\u00a0<strong>\u00a0 \u00a0 se<\/strong><\/div>\n<div dir=\"auto\">nosotros\u00a0 \u00a0 \u00a0 \u00a0\u00a0<strong>nos<\/strong><\/div>\n<div dir=\"auto\">vosotros\u00a0 \u00a0 \u00a0 \u00a0\u00a0<strong>os<\/strong><\/div>\n<\/div>\n<p>&nbsp;<\/p>\n<h5>Para conversar la pr\u00f3xima clase: \u00bfQu\u00e9 haces normalmente cada d\u00eda?<\/h5>\n<ul>\n<li>\u00bfA qu\u00e9 hora te levantas?<\/li>\n<li>\u00bfA qu\u00e9 hora desayunas?<\/li>\n<li>\u00bfC\u00f3mo vas al trabajo\/a la escuela normalmente?<\/li>\n<li>\u00bfA qu\u00e9 hora empiezas a trabajar\/estudiar?<\/li>\n<li>\u00bfA qu\u00e9 hora almuerzas?<\/li>\n<li>\u00bfA qu\u00e9 hora terminas de trabajar\/estudiar?<\/li>\n<li>\u00bfQu\u00e9 haces por la noche normalmente?<\/li>\n<li>\u00bfA qu\u00e9 hora desayunas cenas?<\/li>\n<li>\u00bfA qu\u00e9 hora te duermes?<\/li>\n<\/ul>\n<p>&nbsp;<\/p>\n<ul>\n<li>Me levanto a las\u2026<\/li>\n<li>Desayuno a las\u2026<\/li>\n<li>Voy al trabajo \/ a la escuela \/ a la universidad\u00a0 \u00a0 \u00a0 a las\u2026<\/li>\n<li>Empiezo a las\u2026<\/li>\n<li>Almuerzo a las\u2026<\/li>\n<li>Termino a las\u2026<\/li>\n<li>Vuelvo a casa a las\u2026<\/li>\n<li>Ceno a las \u2026<\/li>\n<li>Me duermo a las \u2026<\/li>\n<\/ul>\n<p>&nbsp;<\/p>\n<h5><span style=\"color: #ff0000\">TAREA:<\/span><\/h5>\n<ul>\n<li>Leer otra vez las p\u00e1ginas 82 y 83.<\/li>\n<li>Estudiar las p\u00e1ginas 84 y 85 (\u00bfA qu\u00e9 hora?).<\/li>\n<li>Ejercicio 4, p. 87. Traducir y estudiar los alimentos (matvarorna) de la p. 87.<\/li>\n<li>Ejercicio 5a, p. 87.<\/li>\n<\/ul>\n","protected":false},"excerpt":{"rendered":"<p>Querer = att vilja Querer + verbo infinitivo\u00a0 =\u00a0 Quiero salir (g\u00e5 ut) con mis amigos. Querer + sustantivo\u00a0 = Quiero una manzana. &nbsp; Yo quiero\u00a0\u00a0\u00a0\u00a0 T\u00fa quieres\u00a0\u00a0\u00a0\u00a0 \u2026 &nbsp; Ejemplos: \u2013 \u00bfQu\u00e9 desea?\u00a0\u00a0 \u2013 Quiero \/ quisiera una cerveza, por favor. \u2013 \u00bfQu\u00e9 quieres hacer el fin de semana? \u2013 Quiero ir a la &hellip; <a href=\"https:\/\/blogg.folkuniversitetet.nu\/fuendi\/clase-del-27-de-octubre\/\" class=\"more-link\">Forts\u00e4tt l\u00e4sa <span class=\"screen-reader-text\">Clase del 27 de octubre<\/span> <span class=\"meta-nav\">&rarr;<\/span><\/a><\/p>\n","protected":false},"author":787,"featured_media":0,"parent":0,"menu_order":0,"comment_status":"closed","ping_status":"closed","template":"","meta":{"footnotes":""},"class_list":["post-864","page","type-page","status-publish","hentry"],"_links":{"self":[{"href":"https:\/\/blogg.folkuniversitetet.nu\/fuendi\/wp-json\/wp\/v2\/pages\/864","targetHints":{"allow":["GET"]}}],"collection":[{"href":"https:\/\/blogg.folkuniversitetet.nu\/fuendi\/wp-json\/wp\/v2\/pages"}],"about":[{"href":"https:\/\/blogg.folkuniversitetet.nu\/fuendi\/wp-json\/wp\/v2\/types\/page"}],"author":[{"embeddable":true,"href":"https:\/\/blogg.folkuniversitetet.nu\/fuendi\/wp-json\/wp\/v2\/users\/787"}],"replies":[{"embeddable":true,"href":"https:\/\/blogg.folkuniversitetet.nu\/fuendi\/wp-json\/wp\/v2\/comments?post=864"}],"version-history":[{"count":3,"href":"https:\/\/blogg.folkuniversitetet.nu\/fuendi\/wp-json\/wp\/v2\/pages\/864\/revisions"}],"predecessor-version":[{"id":868,"href":"https:\/\/blogg.folkuniversitetet.nu\/fuendi\/wp-json\/wp\/v2\/pages\/864\/revisions\/868"}],"wp:attachment":[{"href":"https:\/\/blogg.folkuniversitetet.nu\/fuendi\/wp-json\/wp\/v2\/media?parent=864"}],"curies":[{"name":"wp","href":"https:\/\/api.w.org\/{rel}","templated":true}]}}