{"id":859,"date":"2020-10-28T08:06:48","date_gmt":"2020-10-28T07:06:48","guid":{"rendered":"http:\/\/blogg.folkuniversitetet.nu\/fuendi\/?page_id=859"},"modified":"2020-10-28T09:56:00","modified_gmt":"2020-10-28T08:56:00","slug":"clase-del-26-de-octubre","status":"publish","type":"page","link":"https:\/\/blogg.folkuniversitetet.nu\/fuendi\/clase-del-26-de-octubre\/","title":{"rendered":"Clase del 26 de octubre"},"content":{"rendered":"<h5>Un d\u00eda en la vida de Carin<\/h5>\n<p><strong>Palabras y verbos \u00fatiles:<\/strong><\/p>\n<p>Carin<\/p>\n<p>soltera<\/p>\n<p>gato<\/p>\n<p>tener<\/p>\n<p>vivir<\/p>\n<p>un apartamento de una habitaci\u00f3n (2 r.o.k.)<\/p>\n<p>ser<\/p>\n<p>de<\/p>\n<p>trabajar<\/p>\n<p>en<\/p>\n<p>ir<\/p>\n<p>coche<\/p>\n<p>almorzar\u00a0 \/ comer<\/p>\n<p>comedor<\/p>\n<p>estudiante<\/p>\n<p>regresar \/ volver<\/p>\n<p>caballo<\/p>\n<p>llamar (se)<\/p>\n<p>montar a caballo<\/p>\n<p>hora<\/p>\n<p>ver<\/p>\n<p>noticia<\/p>\n<p>televisi\u00f3n<\/p>\n<p>dormir(se)<\/p>\n<p>&nbsp;<\/p>\n<h5><span style=\"color: #ff0000\">TAREA:<\/span><\/h5>\n<ul>\n<li>Ejercicio 1, p. 86.<\/li>\n<li>Ejercicio 3, p. 87.<\/li>\n<li>Ejecicios 6, 7 y 8, p. 88.<\/li>\n<li>Ejercicios 11, p. 89.<\/li>\n<li>Leer las p\u00e1ginas 90 y 91, y estudiar el vocabulario.<\/li>\n<\/ul>\n","protected":false},"excerpt":{"rendered":"<p>Un d\u00eda en la vida de Carin Palabras y verbos \u00fatiles: Carin soltera gato tener vivir un apartamento de una habitaci\u00f3n (2 r.o.k.) ser de trabajar en ir coche almorzar\u00a0 \/ comer comedor estudiante regresar \/ volver caballo llamar (se) montar a caballo hora ver noticia televisi\u00f3n dormir(se) &nbsp; TAREA: Ejercicio 1, p. 86. Ejercicio &hellip; <a href=\"https:\/\/blogg.folkuniversitetet.nu\/fuendi\/clase-del-26-de-octubre\/\" class=\"more-link\">Forts\u00e4tt l\u00e4sa <span class=\"screen-reader-text\">Clase del 26 de octubre<\/span> <span class=\"meta-nav\">&rarr;<\/span><\/a><\/p>\n","protected":false},"author":787,"featured_media":0,"parent":0,"menu_order":0,"comment_status":"closed","ping_status":"closed","template":"","meta":{"footnotes":""},"class_list":["post-859","page","type-page","status-publish","hentry"],"_links":{"self":[{"href":"https:\/\/blogg.folkuniversitetet.nu\/fuendi\/wp-json\/wp\/v2\/pages\/859","targetHints":{"allow":["GET"]}}],"collection":[{"href":"https:\/\/blogg.folkuniversitetet.nu\/fuendi\/wp-json\/wp\/v2\/pages"}],"about":[{"href":"https:\/\/blogg.folkuniversitetet.nu\/fuendi\/wp-json\/wp\/v2\/types\/page"}],"author":[{"embeddable":true,"href":"https:\/\/blogg.folkuniversitetet.nu\/fuendi\/wp-json\/wp\/v2\/users\/787"}],"replies":[{"embeddable":true,"href":"https:\/\/blogg.folkuniversitetet.nu\/fuendi\/wp-json\/wp\/v2\/comments?post=859"}],"version-history":[{"count":3,"href":"https:\/\/blogg.folkuniversitetet.nu\/fuendi\/wp-json\/wp\/v2\/pages\/859\/revisions"}],"predecessor-version":[{"id":863,"href":"https:\/\/blogg.folkuniversitetet.nu\/fuendi\/wp-json\/wp\/v2\/pages\/859\/revisions\/863"}],"wp:attachment":[{"href":"https:\/\/blogg.folkuniversitetet.nu\/fuendi\/wp-json\/wp\/v2\/media?parent=859"}],"curies":[{"name":"wp","href":"https:\/\/api.w.org\/{rel}","templated":true}]}}