{"id":821,"date":"2020-10-20T07:40:49","date_gmt":"2020-10-20T05:40:49","guid":{"rendered":"http:\/\/blogg.folkuniversitetet.nu\/fuendi\/?page_id=821"},"modified":"2020-10-20T08:12:54","modified_gmt":"2020-10-20T06:12:54","slug":"clase-del-19-de-octubre","status":"publish","type":"page","link":"https:\/\/blogg.folkuniversitetet.nu\/fuendi\/clase-del-19-de-octubre\/","title":{"rendered":"Clase del 19 de octubre"},"content":{"rendered":"<h5>Un d\u00eda en mi vida<\/h5>\n<p>Vocabulario (PDF) aqu\u00ed \u21d2\u21d2\u21d2\u00a0 <a href=\"http:\/\/blogg.folkuniversitetet.nu\/fuendi\/files\/2019\/10\/Un-d\u00eda-en-mi-vida-vocabulario-corregido.pdf\">Un d\u00eda en mi vida<\/a><\/p>\n<p><span style=\"color: #ff0000\">Observa:<\/span><\/p>\n<table style=\"height: 650px\" width=\"603\">\n<tbody>\n<tr>\n<td width=\"294\">YO<\/td>\n<td width=\"294\">\u00c9L, ELLA, USTED<\/td>\n<\/tr>\n<tr>\n<td width=\"294\">Me levanto a las\u2026<\/p>\n<p>Desayuno a las\u2026<\/p>\n<p>Voy al trabajo en \/ a<\/p>\n<p>Empiezo a las\u2026<\/p>\n<p>Almuerzo a las\u2026<\/p>\n<p>Termino a las\u2026<\/p>\n<p>Vuelvo a casa a las\u2026<\/p>\n<p>Ceno a las\u2026<\/p>\n<p>Me duermo a las\u2026<\/td>\n<td width=\"294\">&nbsp;<\/p>\n<p>Se levanta a las\u2026<\/p>\n<p>Desayuna a las\u2026<\/p>\n<p>Va al trabajo en \/ a<\/p>\n<p>Empieza a las\u2026<\/p>\n<p>Almuerza a las\u2026<\/p>\n<p>Termina a las\u2026<\/p>\n<p>Vuelve a casa a las\u2026<\/p>\n<p>Cena a las\u2026<\/p>\n<p>Se duerme a las\u2026<\/p>\n<p>&nbsp;<\/td>\n<\/tr>\n<\/tbody>\n<\/table>\n<h5>Conversar sobre comidas<\/h5>\n<p>Ejemplo:<\/p>\n<p>A &#8211; \u00bfA qu\u00e9 hora desayunas?<\/p>\n<p>B &#8211; Desayuno a las siete de la ma\u00f1ana.<\/p>\n<p>A &#8211; Yo tambi\u00e9n.<\/p>\n<p>eller<\/p>\n<p>A &#8211; Yo no. Yo desayuno m\u00e1s tarde, como a las 9.<\/p>\n<p>&nbsp;<\/p>\n<p><span style=\"color: #ff0000\">Anv\u00e4nd fraserna:<\/span><\/p>\n<p>&#8211; Yo tambi\u00e9n (om du g\u00f6r samma sak)<\/p>\n<p>&#8211; Yo no (om du inte g\u00f6r samma sak) och s\u00e4g vad du g\u00f6r.<\/p>\n<p>&nbsp;<\/p>\n<p>Ejemplo con el verbo gustar:<\/p>\n<p>A &#8211; \u00bfQu\u00e9 te gusta cenar?<\/p>\n<p>B &#8211; Me gusta cenar pescado y verduras.<\/p>\n<p>A &#8211; A m\u00ed tambi\u00e9n.<\/p>\n<p>eller<\/p>\n<p>A- A m\u00ed no. Yo prefiero cenar carne, papas y un buen vino tinto.<\/p>\n<p>&nbsp;<\/p>\n<p><span style=\"color: #ff0000\">Anv\u00e4nd fraserna:<\/span><\/p>\n<p>&#8211; A m\u00ed tambi\u00e9n (om du tycker om samma sak).<\/p>\n<p>&#8211; A m\u00ed no (om du inte tycker om samma sak) och s\u00e4g vad du tycker om.<\/p>\n<p>&nbsp;<\/p>\n<h5>Medios de transporte<\/h5>\n<p>Ir\u00a0 <span style=\"color: #ff0000\">EN<\/span>\u00a0 coche \/ bus \/ bicicleta \/ moto \/ avi\u00f3n \/ tren \/ metro \/ barco&#8230;<\/p>\n<p>PERO:<\/p>\n<p>Ir <span style=\"color: #ff0000\">A<\/span> pie<\/p>\n<p>Ir <span style=\"color: #ff0000\">A<\/span> caballo<\/p>\n<p>&nbsp;<\/p>\n<h5>Futuro:\u00a0 IR A + INFINITIVO<\/h5>\n<p><iframe loading=\"lazy\" title=\"Del 1 - Futurum med verbet IR\" width=\"604\" height=\"453\" src=\"https:\/\/www.youtube.com\/embed\/OdWnTa8gJoE?feature=oembed\" frameborder=\"0\" allow=\"accelerometer; autoplay; clipboard-write; encrypted-media; gyroscope; picture-in-picture; web-share\" referrerpolicy=\"strict-origin-when-cross-origin\" allowfullscreen><\/iframe><\/p>\n<p>Ejercicios aqu\u00ed \u21d2\u21d2\u21d2 \u00a0\u00a0<a href=\"http:\/\/blogg.folkuniversitetet.nu\/fuendi\/files\/2019\/11\/EJERCICIOS-FUTURO-ir-a-infinitivo.pdf\">EJERCICIOS FUTURO ir a + infinitivo<\/a><\/p>\n<h5>Vestir(se) y poner(se) &#8211; skilnad<\/h5>\n<p>vestir(se) = kl\u00e4 p\u00e5 sig \/ kl\u00e4 sig.<\/p>\n<p>Ejemplo:\u00a0 Despu\u00e9s de desayunar, <span style=\"color: #ff0000\">me visto<\/span> y me voy al prabajo.<\/p>\n<p>poner(se) = ta p\u00e5 sig kl\u00e4der.<\/p>\n<p>Ejemplo: Despu\u00e9s de desayunar, <span style=\"color: #ff0000\">me pongo<\/span> la camisa, los pantalones y los zapatos, y me voy al trabajo.<\/p>\n<p>&nbsp;<\/p>\n<h5><span style=\"color: #ff0000\">TAREA:<\/span><\/h5>\n<ul>\n<li>Escribir \u201cUn d\u00eda en mi vida\u201d (5-8 l\u00edneas, en una hoja suelta). Usar el vocabulario \u21d1.<\/li>\n<li>Leer las p\u00e1ginas 90 y 91, y estudiar el vocabulario.<\/li>\n<\/ul>\n<p>&nbsp;<\/p>\n","protected":false},"excerpt":{"rendered":"<p>Un d\u00eda en mi vida Vocabulario (PDF) aqu\u00ed \u21d2\u21d2\u21d2\u00a0 Un d\u00eda en mi vida Observa: YO \u00c9L, ELLA, USTED Me levanto a las\u2026 Desayuno a las\u2026 Voy al trabajo en \/ a Empiezo a las\u2026 Almuerzo a las\u2026 Termino a las\u2026 Vuelvo a casa a las\u2026 Ceno a las\u2026 Me duermo a las\u2026 &nbsp; Se &hellip; <a href=\"https:\/\/blogg.folkuniversitetet.nu\/fuendi\/clase-del-19-de-octubre\/\" class=\"more-link\">Forts\u00e4tt l\u00e4sa <span class=\"screen-reader-text\">Clase del 19 de octubre<\/span> <span class=\"meta-nav\">&rarr;<\/span><\/a><\/p>\n","protected":false},"author":787,"featured_media":0,"parent":0,"menu_order":0,"comment_status":"closed","ping_status":"closed","template":"","meta":{"footnotes":""},"class_list":["post-821","page","type-page","status-publish","hentry"],"_links":{"self":[{"href":"https:\/\/blogg.folkuniversitetet.nu\/fuendi\/wp-json\/wp\/v2\/pages\/821","targetHints":{"allow":["GET"]}}],"collection":[{"href":"https:\/\/blogg.folkuniversitetet.nu\/fuendi\/wp-json\/wp\/v2\/pages"}],"about":[{"href":"https:\/\/blogg.folkuniversitetet.nu\/fuendi\/wp-json\/wp\/v2\/types\/page"}],"author":[{"embeddable":true,"href":"https:\/\/blogg.folkuniversitetet.nu\/fuendi\/wp-json\/wp\/v2\/users\/787"}],"replies":[{"embeddable":true,"href":"https:\/\/blogg.folkuniversitetet.nu\/fuendi\/wp-json\/wp\/v2\/comments?post=821"}],"version-history":[{"count":5,"href":"https:\/\/blogg.folkuniversitetet.nu\/fuendi\/wp-json\/wp\/v2\/pages\/821\/revisions"}],"predecessor-version":[{"id":827,"href":"https:\/\/blogg.folkuniversitetet.nu\/fuendi\/wp-json\/wp\/v2\/pages\/821\/revisions\/827"}],"wp:attachment":[{"href":"https:\/\/blogg.folkuniversitetet.nu\/fuendi\/wp-json\/wp\/v2\/media?parent=821"}],"curies":[{"name":"wp","href":"https:\/\/api.w.org\/{rel}","templated":true}]}}