{"id":815,"date":"2020-10-16T12:09:37","date_gmt":"2020-10-16T10:09:37","guid":{"rendered":"http:\/\/blogg.folkuniversitetet.nu\/fuendi\/?page_id=815"},"modified":"2020-10-16T12:11:27","modified_gmt":"2020-10-16T10:11:27","slug":"clase-del-15-de-octubre-2","status":"publish","type":"page","link":"https:\/\/blogg.folkuniversitetet.nu\/fuendi\/clase-del-15-de-octubre-2\/","title":{"rendered":"Clase del 15 de octubre"},"content":{"rendered":"<h5>Expresar irritaci\u00f3n<\/h5>\n<p>Ejemplo del primer caso, Ejercicio 7, p\u00e1gina 47:<\/p>\n<p>A\u00a0 &#8211; \u00a1Hola, XXXX !<\/p>\n<p>B\u00a0 &#8211; Por favor,\u00a0 XXXXX ! \u00bfD\u00f3nde has estado? Quedamos a las 8, y son las 8 y 20. He esperado 20 minutos aqu\u00ed sola y hace mucho fr\u00edo. Estoy harta de esto.<\/p>\n<p>A\u00a0 &#8211; Perd\u00f3name, tuve que trabajar hasta tarde hoy.<\/p>\n<p>B &#8211; Siempre lo mismo. Tienes que llamarme o escribirme si vas a llegar tarde.<\/p>\n<p>A\u00a0 &#8211; S\u00ed, s\u00ed, tienes raz\u00f3n, lo siento. Hoy yo invito, \u00bfvale?<\/p>\n<p>&nbsp;<\/p>\n<p><strong>Vocabulario para el caso 1:<\/strong><\/p>\n<p>Hace fr\u00edo<\/p>\n<p>tener fr\u00edo<\/p>\n<p>afuera<\/p>\n<p>quedar<\/p>\n<p>tarde<\/p>\n<p>sin<\/p>\n<p>escribir un mensaje<\/p>\n<p>llamar (por tel\u00e9fono)<\/p>\n<p>&nbsp;<\/p>\n<p><strong>Vocabulario para el caso 2:<\/strong><\/p>\n<p>Comprar algo a alguien<\/p>\n<p>jam\u00f3n<\/p>\n<p>olvidar<\/p>\n<p>con<\/p>\n<p>tan<\/p>\n<p>barato<\/p>\n<p>la reacci\u00f3n<\/p>\n<p>abrir<\/p>\n<p>la caja<\/p>\n<p>&nbsp;<\/p>\n<h5>Escribir un SMS<\/h5>\n<p>Escribir un SMS para avisar a tu jefe que vas a llegar tarde al trabajo.<\/p>\n<p>Explica:<\/p>\n<p>&#8211; \u00bfPor qu\u00e9 vas a llegar tarde?<\/p>\n<p>&#8211; \u00bfA qu\u00e9 hora vas a llegar?<\/p>\n<p><strong>Modelo:<\/strong><\/p>\n<p>Hola, XXXX<\/p>\n<p>Lo siento, pero&#8230;\u00a0\u00a0\u00a0\u00a0\u00a0\u00a0\u00a0\u00a0\u00a0\u00a0\u00a0\u00a0\u00a0\u00a0\u00a0\u00a0\u00a0\u00a0\u00a0\u00a0\u00a0\u00a0 porque&#8230;&#8230;\u00a0\u00a0\u00a0\u00a0\u00a0\u00a0\u00a0\u00a0\u00a0\u00a0\u00a0 .\u00a0 Voy a llegar a las&#8230;.<\/p>\n<p>Hasta luego \/\u00a0 Hasta ahora<\/p>\n<p>XXXX<\/p>\n<p>&nbsp;<\/p>\n<h5><span style=\"color: #ff0000\">TAREA:<\/span><\/h5>\n<ol>\n<li>Ejercicio 2, p. 56, con ayuda del vocabulario (expresiones de tiempo II) de la p\u00e1gina 55.<\/li>\n<li>Ejercicio 5, p. 58.<\/li>\n<li>Ejercicio 8a, p. 59, y prepararse para hacer el ejercicio 8b, p. 59 la pr\u00f3xima clase.<\/li>\n<\/ol>\n","protected":false},"excerpt":{"rendered":"<p>Expresar irritaci\u00f3n Ejemplo del primer caso, Ejercicio 7, p\u00e1gina 47: A\u00a0 &#8211; \u00a1Hola, XXXX ! B\u00a0 &#8211; Por favor,\u00a0 XXXXX ! \u00bfD\u00f3nde has estado? Quedamos a las 8, y son las 8 y 20. He esperado 20 minutos aqu\u00ed sola y hace mucho fr\u00edo. Estoy harta de esto. A\u00a0 &#8211; Perd\u00f3name, tuve que trabajar hasta &hellip; <a href=\"https:\/\/blogg.folkuniversitetet.nu\/fuendi\/clase-del-15-de-octubre-2\/\" class=\"more-link\">Forts\u00e4tt l\u00e4sa <span class=\"screen-reader-text\">Clase del 15 de octubre<\/span> <span class=\"meta-nav\">&rarr;<\/span><\/a><\/p>\n","protected":false},"author":787,"featured_media":0,"parent":0,"menu_order":0,"comment_status":"closed","ping_status":"closed","template":"","meta":{"footnotes":""},"class_list":["post-815","page","type-page","status-publish","hentry"],"_links":{"self":[{"href":"https:\/\/blogg.folkuniversitetet.nu\/fuendi\/wp-json\/wp\/v2\/pages\/815","targetHints":{"allow":["GET"]}}],"collection":[{"href":"https:\/\/blogg.folkuniversitetet.nu\/fuendi\/wp-json\/wp\/v2\/pages"}],"about":[{"href":"https:\/\/blogg.folkuniversitetet.nu\/fuendi\/wp-json\/wp\/v2\/types\/page"}],"author":[{"embeddable":true,"href":"https:\/\/blogg.folkuniversitetet.nu\/fuendi\/wp-json\/wp\/v2\/users\/787"}],"replies":[{"embeddable":true,"href":"https:\/\/blogg.folkuniversitetet.nu\/fuendi\/wp-json\/wp\/v2\/comments?post=815"}],"version-history":[{"count":2,"href":"https:\/\/blogg.folkuniversitetet.nu\/fuendi\/wp-json\/wp\/v2\/pages\/815\/revisions"}],"predecessor-version":[{"id":818,"href":"https:\/\/blogg.folkuniversitetet.nu\/fuendi\/wp-json\/wp\/v2\/pages\/815\/revisions\/818"}],"wp:attachment":[{"href":"https:\/\/blogg.folkuniversitetet.nu\/fuendi\/wp-json\/wp\/v2\/media?parent=815"}],"curies":[{"name":"wp","href":"https:\/\/api.w.org\/{rel}","templated":true}]}}