{"id":802,"date":"2020-10-14T22:43:00","date_gmt":"2020-10-14T20:43:00","guid":{"rendered":"http:\/\/blogg.folkuniversitetet.nu\/fuendi\/?page_id=802"},"modified":"2020-10-14T23:17:18","modified_gmt":"2020-10-14T21:17:18","slug":"clase-del-14-de-octubre","status":"publish","type":"page","link":"https:\/\/blogg.folkuniversitetet.nu\/fuendi\/clase-del-14-de-octubre\/","title":{"rendered":"Clase del 14 de octubre"},"content":{"rendered":"<h5>Algunas<strong> preguntas para conversar<\/strong><\/h5>\n<ul>\n<li><span style=\"font-weight: 400\">\u00bfCu\u00e1ntos son en tu casa? \/ \u00bfCu\u00e1ntas personas viven en tu casa?<\/span><\/li>\n<li><span style=\"font-weight: 400\">\u00bfC\u00f3mo es tu trabajo?<\/span><\/li>\n<li><span style=\"font-weight: 400\">\u00bfQu\u00e9 es lo m\u00e1s importante para ti?<\/span><\/li>\n<li><span style=\"font-weight: 400\">\u00bfQu\u00e9 sue\u00f1os tienes para el futuro?<\/span><\/li>\n<\/ul>\n<p>&nbsp;<\/p>\n<h5>Verbos reflexivos<\/h5>\n<p><span style=\"color: #ff0000\">Observera<\/span>: man anv\u00e4nder ett reflexivt verb f\u00f6r att s\u00e4ga att n\u00e5gon g\u00f6r n\u00e5got med sig sj\u00e4lv, till exempel:<\/p>\n<p>afeitarse\u00a0 \u00a0=\u00a0 att raka sig<\/p>\n<p>peinarse\u00a0 \u00a0=\u00a0 \u00a0att kamma sig<\/p>\n<p>maquillarse\u00a0 \u00a0=\u00a0 \u00a0att sminka sig<\/p>\n<p>De spanska reflexiva verben slutar p\u00e5 -se i grundform.<\/p>\n<p>Hur anv\u00e4nder man dem?<\/p>\n<p>Om man vill anv\u00e4nda verbet &#8221;afeitarse&#8221;, till exempel, g\u00f6r man s\u00e5 h\u00e4r:<\/p>\n<p>1. Ta bort -se, s\u00e5 afeitarse blir afeitar.<\/p>\n<p>2. B\u00f6ja verb som vanligt efter subjektet:<\/p>\n<p>(yo) afeito<\/p>\n<p>3. Anv\u00e4nda det reflexiva pronomen som st\u00e4mmer och placera det f\u00f6re verbet:<\/p>\n<p>(yo) Me afeito<\/p>\n<p><strong>Reflexiva pronomen:<\/strong><\/p>\n<ul>\n<li>Yo\u00a0 \u00a0 \u00a0 \u00a0 \u00a0 \u00a0 \u00a0 \u00a0 <strong>me<\/strong><\/li>\n<li>T\u00fa\u00a0 \u00a0 \u00a0 \u00a0 \u00a0 \u00a0 \u00a0 \u00a0 \u00a0<strong>te<\/strong><\/li>\n<li>\u00c9l, ella, usted, ustedes, ellos, ellas\u00a0 \u00a0 \u00a0 \u00a0 <strong>se<\/strong><\/li>\n<li>Nosotros\u00a0 \u00a0<strong>nos<\/strong><\/li>\n<li>Vosotros\u00a0 \u00a0<strong>os<\/strong><\/li>\n<\/ul>\n<p><span style=\"color: #ff0000\">Observera<\/span>: man placerar de reflexiva pronomina alltid innan verben:<\/p>\n<p>Me afeito (presens).<\/p>\n<p>Me he afeitado (perfekt).<\/p>\n<p><span style=\"color: #ff0000\">Men<\/span> i vissa tillf\u00e4lle, kan man placera reflexiva pronomen b\u00e5de innan och efter verbet:<\/p>\n<p><span style=\"font-weight: 400\">1. Querer + infinitivo\u00a0 \u00a0 \u00a0 \u00a0 \u00a0 \u00a0 \u00a0 <\/span><span style=\"font-weight: 400\">\u00a0 \u00a0<strong>Me<\/strong> quiero afeitar<\/span><span style=\"font-weight: 400\">.<\/span><\/p>\n<p><span style=\"font-weight: 400\">\u00a0 \u00a0 \u00a0 \u00a0 \u00a0 \u00a0 \u00a0 \u00a0 \u00a0 \u00a0 \u00a0 \u00a0 \u00a0 \u00a0 \u00a0 \u00a0 \u00a0 \u00a0 \u00a0 \u00a0 \u00a0 \u00a0 \u00a0 \u00a0 \u00a0 \u00a0 \u00a0 \u00a0 \u00a0 Quiero afeitar<strong>me<\/strong><\/span><span style=\"font-weight: 400\">.<\/span><\/p>\n<p>&nbsp;<\/p>\n<p><span style=\"font-weight: 400\">\u00a0\u00a0\u00a0 <\/span><span style=\"font-weight: 400\">\u00a0\u00a0\u00a0 <\/span><span style=\"font-weight: 400\">\u00a0\u00a0\u00a0 <\/span><span style=\"font-weight: 400\">\u00a0\u00a0\u00a0 <\/span><span style=\"font-weight: 400\">\u00a0 \u00a0 \u00a0 \u00a0 \u00a0 \u00a0 \u00a0 \u00a0 \u00a0 \u00a0 \u00a0 \u00a0 \u00a0 \u00a0 \u00a0 \u00a0 \u00a0 \u00a0 \u00a0 \u00a0 \u00a0 <\/span><b>Me<\/b><span style=\"font-weight: 400\"> quiero quedar en casa.<\/span><\/p>\n<p><span style=\"font-weight: 400\">\u00a0\u00a0\u00a0 <\/span><span style=\"font-weight: 400\">\u00a0\u00a0\u00a0 <\/span><span style=\"font-weight: 400\">\u00a0\u00a0\u00a0 <\/span><span style=\"font-weight: 400\">\u00a0\u00a0\u00a0 <\/span><span style=\"font-weight: 400\">\u00a0 \u00a0 \u00a0 \u00a0 \u00a0 \u00a0 \u00a0 \u00a0 \u00a0 \u00a0 \u00a0 \u00a0 \u00a0 \u00a0 \u00a0 \u00a0 \u00a0 \u00a0 \u00a0 \u00a0 \u00a0 <\/span><span style=\"font-weight: 400\">Quiero quedar<\/span><b>me<\/b><span style=\"font-weight: 400\"> en casa.<\/span><\/p>\n<p>&nbsp;<\/p>\n<p><span style=\"font-weight: 400\">Tener que + infinitivo<\/span><span style=\"font-weight: 400\">\u00a0\u00a0\u00a0 <\/span><span style=\"font-weight: 400\">\u00a0\u00a0\u00a0 <\/span><b>Me<\/b><span style=\"font-weight: 400\"> tengo que ir.<\/span><\/p>\n<p><span style=\"font-weight: 400\">\u00a0\u00a0\u00a0 <\/span><span style=\"font-weight: 400\">\u00a0\u00a0\u00a0 <\/span><span style=\"font-weight: 400\">\u00a0\u00a0\u00a0 <\/span><span style=\"font-weight: 400\">\u00a0\u00a0\u00a0 <\/span><span style=\"font-weight: 400\">\u00a0 \u00a0 \u00a0 \u00a0 \u00a0 \u00a0 \u00a0 \u00a0 \u00a0 \u00a0 \u00a0 \u00a0 \u00a0 \u00a0 \u00a0 \u00a0 \u00a0 \u00a0<\/span><span style=\"font-weight: 400\">Tengo que ir<\/span><b>me<\/b><span style=\"font-weight: 400\">.<\/span><\/p>\n<p>&nbsp;<\/p>\n<p><span style=\"font-weight: 400\">Poder + infinitivo<\/span><span style=\"font-weight: 400\">\u00a0\u00a0\u00a0 <\/span><span style=\"font-weight: 400\">\u00a0\u00a0\u00a0 <\/span><span style=\"font-weight: 400\">\u00a0\u00a0\u00a0 <\/span><span style=\"font-weight: 400\">\u00bf<\/span><b>Nos<\/b><span style=\"font-weight: 400\"> podemos ver ma\u00f1ana temprano?<\/span><\/p>\n<p><span style=\"font-weight: 400\">\u00a0\u00a0\u00a0 <\/span><span style=\"font-weight: 400\">\u00a0\u00a0\u00a0 <\/span><span style=\"font-weight: 400\">\u00a0\u00a0\u00a0 <\/span><span style=\"font-weight: 400\">\u00a0\u00a0\u00a0 <\/span><span style=\"font-weight: 400\">\u00a0 \u00a0 \u00a0 \u00a0 \u00a0 \u00a0 \u00a0 \u00a0 \u00a0 \u00a0 \u00a0 \u00a0 \u00a0 \u00a0 \u00a0 \u00a0<\/span><span style=\"font-weight: 400\">\u00bfPodemos ver<\/span><b>nos<\/b><span style=\"font-weight: 400\"> ma\u00f1ana temprano?<\/span><\/p>\n<p>&nbsp;<\/p>\n<p><span style=\"font-weight: 400\">Ir a + infinitivo (futuro)<\/span><span style=\"font-weight: 400\">\u00a0\u00a0\u00a0 <\/span><span style=\"font-weight: 400\">\u00a0\u00a0\u00a0 <\/span><b>Me<\/b><span style=\"font-weight: 400\"> voy a ver hoy con mis amigos.<\/span><\/p>\n<p><span style=\"font-weight: 400\">\u00a0\u00a0\u00a0 <\/span><span style=\"font-weight: 400\">\u00a0\u00a0\u00a0 <\/span><span style=\"font-weight: 400\">\u00a0\u00a0\u00a0 <\/span><span style=\"font-weight: 400\">\u00a0\u00a0\u00a0 <\/span><span style=\"font-weight: 400\">\u00a0 \u00a0 \u00a0 \u00a0 \u00a0 \u00a0 \u00a0 \u00a0 \u00a0 \u00a0 \u00a0 \u00a0 \u00a0 \u00a0 \u00a0 \u00a0 \u00a0 \u00a0 \u00a0 \u00a0<\/span><span style=\"font-weight: 400\">Voy a ver<\/span><b>me<\/b><span style=\"font-weight: 400\"> hoy con mis amigos.<\/span><span style=\"font-weight: 400\">\u00a0\u00a0\u00a0 <\/span><\/p>\n<p><span style=\"font-weight: 400\">\u00a0<\/span><\/p>\n<h5>Poner y ponerse<\/h5>\n<p>poner = st\u00e4lla, l\u00e4gga, s\u00e4tta<\/p>\n<p><b>Pongo<\/b><span style=\"font-weight: 400\"> los libros sobre la mesa.<\/span><\/p>\n<p>ponerse = ta p\u00e5 sig (kl\u00e4der)<\/p>\n<p><b>Me pongo<\/b><span style=\"font-weight: 400\"> la ropa.<\/span><\/p>\n<p>&nbsp;<\/p>\n<p><span style=\"font-weight: 400\">Hoy <\/span><b>me <\/b>voy a poner<span style=\"font-weight: 400\"> el gorro porque hace fr\u00edo.<\/span><\/p>\n<p><span style=\"font-weight: 400\">Hoy voy a poner<\/span><b>me<\/b><span style=\"font-weight: 400\"> el gorro porque hace fr\u00edo.<\/span><\/p>\n<p>&nbsp;<\/p>\n<h5><span style=\"font-weight: 400;color: #ff0000\">TAREA:<\/span><\/h5>\n<ol>\n<li><span style=\"font-weight: 400\">Leer el texto &#8221;Una ma\u00f1ana con prisas&#8221;, p. 39 y 40, y estudiar el vocabulario.\u00a0<\/span><\/li>\n<li><span style=\"font-weight: 400\">Repasar la hora, p. 41.\u00a0<\/span><\/li>\n<li>Repasar la p\u00e1gina 42\u00a0 (verbos y pronombres reflexivos).\u00a0 Hacer estos ejercicios (actividades):\u00a0 https:\/\/www.spanishunicorn.com\/verbos-reflexivos-regulares-ejercicios\/<\/li>\n<li><span style=\"font-weight: 400\">Ejercicio 2, p. 45.<\/span><\/li>\n<li><span style=\"font-weight: 400\">Ejercicio 5, p. 47.<\/span><\/li>\n<\/ol>\n","protected":false},"excerpt":{"rendered":"<p>Algunas preguntas para conversar \u00bfCu\u00e1ntos son en tu casa? \/ \u00bfCu\u00e1ntas personas viven en tu casa? \u00bfC\u00f3mo es tu trabajo? \u00bfQu\u00e9 es lo m\u00e1s importante para ti? \u00bfQu\u00e9 sue\u00f1os tienes para el futuro? &nbsp; Verbos reflexivos Observera: man anv\u00e4nder ett reflexivt verb f\u00f6r att s\u00e4ga att n\u00e5gon g\u00f6r n\u00e5got med sig sj\u00e4lv, till exempel: afeitarse\u00a0 &hellip; <a href=\"https:\/\/blogg.folkuniversitetet.nu\/fuendi\/clase-del-14-de-octubre\/\" class=\"more-link\">Forts\u00e4tt l\u00e4sa <span class=\"screen-reader-text\">Clase del 14 de octubre<\/span> <span class=\"meta-nav\">&rarr;<\/span><\/a><\/p>\n","protected":false},"author":787,"featured_media":0,"parent":0,"menu_order":0,"comment_status":"closed","ping_status":"closed","template":"","meta":{"footnotes":""},"class_list":["post-802","page","type-page","status-publish","hentry"],"_links":{"self":[{"href":"https:\/\/blogg.folkuniversitetet.nu\/fuendi\/wp-json\/wp\/v2\/pages\/802","targetHints":{"allow":["GET"]}}],"collection":[{"href":"https:\/\/blogg.folkuniversitetet.nu\/fuendi\/wp-json\/wp\/v2\/pages"}],"about":[{"href":"https:\/\/blogg.folkuniversitetet.nu\/fuendi\/wp-json\/wp\/v2\/types\/page"}],"author":[{"embeddable":true,"href":"https:\/\/blogg.folkuniversitetet.nu\/fuendi\/wp-json\/wp\/v2\/users\/787"}],"replies":[{"embeddable":true,"href":"https:\/\/blogg.folkuniversitetet.nu\/fuendi\/wp-json\/wp\/v2\/comments?post=802"}],"version-history":[{"count":5,"href":"https:\/\/blogg.folkuniversitetet.nu\/fuendi\/wp-json\/wp\/v2\/pages\/802\/revisions"}],"predecessor-version":[{"id":808,"href":"https:\/\/blogg.folkuniversitetet.nu\/fuendi\/wp-json\/wp\/v2\/pages\/802\/revisions\/808"}],"wp:attachment":[{"href":"https:\/\/blogg.folkuniversitetet.nu\/fuendi\/wp-json\/wp\/v2\/media?parent=802"}],"curies":[{"name":"wp","href":"https:\/\/api.w.org\/{rel}","templated":true}]}}