{"id":8,"date":"2019-09-24T15:30:51","date_gmt":"2019-09-24T13:30:51","guid":{"rendered":"http:\/\/blogg.folkuniversitetet.nu\/fuendi\/?page_id=8"},"modified":"2020-06-15T13:12:49","modified_gmt":"2020-06-15T11:12:49","slug":"enlaces-lankar","status":"publish","type":"page","link":"https:\/\/blogg.folkuniversitetet.nu\/fuendi\/enlaces-lankar\/","title":{"rendered":"Enlaces &#8211; L\u00e4nkar"},"content":{"rendered":"<p><a href=\"https:\/\/dle.rae.es\/?id=DgIqVCc\">Diccionario de la Real Academia Espa\u00f1ola<\/a><\/p>\n<p><a href=\"https:\/\/elpais.com\/\">Diario El Pa\u00eds de Espa\u00f1a<\/a><\/p>\n<p><a href=\"https:\/\/www.abc.es\/\">Diario ABC de Espa\u00f1a<\/a><\/p>\n<p><a href=\"https:\/\/sv.bab.la\/verb\/spansk\/\">Portal bab.la, para conjugar verbos<\/a><\/p>\n<p><a href=\"https:\/\/www.youtube.com\/results?search_query=extra+espa%C3%B1ol\">Serie &#8221;Extra en espa\u00f1ol&#8221;<\/a><\/p>\n<p><iframe loading=\"lazy\" title=\"Adivina la palabra de hoy (001)\" width=\"604\" height=\"453\" src=\"https:\/\/www.youtube.com\/embed\/AviFdT1TjpA?list=PLE99F2050A0634AB7\" frameborder=\"0\" allow=\"accelerometer; autoplay; clipboard-write; encrypted-media; gyroscope; picture-in-picture; web-share\" referrerpolicy=\"strict-origin-when-cross-origin\" allowfullscreen><\/iframe><\/p>\n<p>&nbsp;<\/p>\n<p>&nbsp;<\/p>\n","protected":false},"excerpt":{"rendered":"<p>Diccionario de la Real Academia Espa\u00f1ola Diario El Pa\u00eds de Espa\u00f1a Diario ABC de Espa\u00f1a Portal bab.la, para conjugar verbos Serie &#8221;Extra en espa\u00f1ol&#8221; &nbsp; &nbsp;<\/p>\n","protected":false},"author":787,"featured_media":0,"parent":0,"menu_order":0,"comment_status":"closed","ping_status":"closed","template":"","meta":{"footnotes":""},"class_list":["post-8","page","type-page","status-publish","hentry"],"_links":{"self":[{"href":"https:\/\/blogg.folkuniversitetet.nu\/fuendi\/wp-json\/wp\/v2\/pages\/8","targetHints":{"allow":["GET"]}}],"collection":[{"href":"https:\/\/blogg.folkuniversitetet.nu\/fuendi\/wp-json\/wp\/v2\/pages"}],"about":[{"href":"https:\/\/blogg.folkuniversitetet.nu\/fuendi\/wp-json\/wp\/v2\/types\/page"}],"author":[{"embeddable":true,"href":"https:\/\/blogg.folkuniversitetet.nu\/fuendi\/wp-json\/wp\/v2\/users\/787"}],"replies":[{"embeddable":true,"href":"https:\/\/blogg.folkuniversitetet.nu\/fuendi\/wp-json\/wp\/v2\/comments?post=8"}],"version-history":[{"count":11,"href":"https:\/\/blogg.folkuniversitetet.nu\/fuendi\/wp-json\/wp\/v2\/pages\/8\/revisions"}],"predecessor-version":[{"id":646,"href":"https:\/\/blogg.folkuniversitetet.nu\/fuendi\/wp-json\/wp\/v2\/pages\/8\/revisions\/646"}],"wp:attachment":[{"href":"https:\/\/blogg.folkuniversitetet.nu\/fuendi\/wp-json\/wp\/v2\/media?parent=8"}],"curies":[{"name":"wp","href":"https:\/\/api.w.org\/{rel}","templated":true}]}}