{"id":799,"date":"2020-10-13T22:10:29","date_gmt":"2020-10-13T20:10:29","guid":{"rendered":"http:\/\/blogg.folkuniversitetet.nu\/fuendi\/?page_id=799"},"modified":"2020-10-13T22:10:29","modified_gmt":"2020-10-13T20:10:29","slug":"clase-del-13-de-octubre","status":"publish","type":"page","link":"https:\/\/blogg.folkuniversitetet.nu\/fuendi\/clase-del-13-de-octubre\/","title":{"rendered":"Clase del 13 de octubre"},"content":{"rendered":"<h5>Palabras importantes para ordenar en un caf\u00e9 o restaurante<\/h5>\n<p>ordenar \/ pedir \/ tomar\u00a0 = best\u00e4lla<\/p>\n<p>comer = \u00e4ta<\/p>\n<p>beber \/ tomar = dricka<\/p>\n<p>&nbsp;<\/p>\n<p>querer = vilja \u00a0\u00a0\u00a0\u00a0\u00a0 querer una cosa<\/p>\n<p>Ejemplo: (yo) Quiero una manzana<\/p>\n<p>querer hacer algo<\/p>\n<p>Ejemplo: (yo) Quiero beber\/tomar una copa de vino<\/p>\n<p>&nbsp;<\/p>\n<p>Quiero (jag vill ha) un bocadillo de queso.<\/p>\n<p>Quisiera (jag skulle vilja ha \/ I would like) un helado de chocolate<\/p>\n<p>&nbsp;<\/p>\n<p>invitar = bjuda\u00a0\u00a0\u00a0\u00a0\u00a0\u00a0 Ejemplo: Yo invito hoy.<\/p>\n<p>O\u00edr = h\u00f6ra\u00a0\u00a0\u00a0\u00a0 Oiga (usted)\u00a0\u00a0 Oye (t\u00fa)<\/p>\n<p>1,50 \u20ac = 1 euro con cincuenta c\u00e9ntimos\u00a0 \/\u00a0 uno con cincuenta\u00a0 \/ uno cincuenta<\/p>\n<p>&nbsp;<\/p>\n<p>barato = billig<\/p>\n<p>caro= dyr<\/p>\n<p>&nbsp;<\/p>\n<p>ca\u00f1a \/ vaso = glas<\/p>\n<p>botella = flaska<\/p>\n<p>copa = vinglas<\/p>\n<p>&nbsp;<\/p>\n<p>propina = dricks \/ drickspengar<\/p>\n<p>vuelto \/ cambio = v\u00e4xel<\/p>\n<p><strong>Frases importantes:<\/strong><\/p>\n<ul>\n<li>\u00a1Perd\u00f3n, camarero!<\/li>\n<li>Buenos d\u00edas \/ tardes \/ noches.<\/li>\n<li>\u00bfQu\u00e9 desean? \/ \u00bfQu\u00e9 van a ordenar \/ pedir \/ tomar? (ustedes)<\/li>\n<li>\u00bfQu\u00e9 desea? \/ \u00bfQu\u00e9 va a ordenar \/ pedir \/ tomar? (usted)<\/li>\n<li>Quiero \/ Quisiera\u2026. \/\u00a0\u00a0\u00a0 Para m\u00ed\u2026<\/li>\n<li>\u00bfQu\u00e9 lleva + nombre? \/\u00a0\u00a0 \u00bfQu\u00e9 es + nombre?<\/li>\n<\/ul>\n<p>&nbsp;<\/p>\n<ul>\n<li>\u00bfAlgo m\u00e1s?<\/li>\n<li>S\u00ed, un helado de chocolate \/\u00a0\u00a0\u00a0\u00a0 No, gracias, es todo.<\/li>\n<li>Vuelvo enseguida.<\/li>\n<\/ul>\n<p>&nbsp;<\/p>\n<ul>\n<li>La cuenta, por favor.<\/li>\n<li>\u00bfPuedo \/ podemos pagar con tarjeta?<\/li>\n<li>S\u00ed, claro \/\u00a0\u00a0 No, lo siento, en efectivo, por favor.<\/li>\n<\/ul>\n<p>&nbsp;<\/p>\n<h5>Vocabulario \u2013 nombres geogr\u00e1ficos\u00a0 \u00a0\u00a0<em>Vocabul\u00e4r \u2013 geografiska namn<\/em><\/h5>\n<p>pa\u00eds, un pa\u00eds, el pa\u00eds, los pa\u00edses\u00a0\u00a0\u00a0\u00a0\u00a0\u00a0\u00a0\u00a0\u00a0\u00a0 \u00a0\u00a0 \u00a0\u00a0\u00a0\u00a0\u00a0land, ett land, landet<\/p>\n<p>ciudad, una, la, las ciudades\u00a0\u00a0\u00a0\u00a0\u00a0\u00a0\u00a0\u00a0\u00a0\u00a0\u00a0\u00a0\u00a0\u00a0\u00a0\u00a0 \u00a0\u00a0\u00a0\u00a0\u00a0\u00a0stad<\/p>\n<p>capital, una, la\u00a0 \u00a0 \u00a0 \u00a0 \u00a0 \u00a0 \u00a0 \u00a0 \u00a0 \u00a0 \u00a0 \u00a0 \u00a0 \u00a0 \u00a0 \u00a0 \u00a0 \u00a0 \u00a0 \u00a0 \u00a0 \u00a0 \u00a0 \u00a0 \u00a0 \u00a0huvudstad<\/p>\n<p>mar, un, el\u00a0 \u00a0 \u00a0 \u00a0 \u00a0 \u00a0 \u00a0 \u00a0 \u00a0 \u00a0 \u00a0 \u00a0 \u00a0 \u00a0 \u00a0 \u00a0 \u00a0 \u00a0 \u00a0 \u00a0 \u00a0 \u00a0 \u00a0 \u00a0 \u00a0 \u00a0 \u00a0 \u00a0 \u00a0 \u00a0hav<\/p>\n<p>oc\u00e9ano, un, el\u00a0 \u00a0 \u00a0 \u00a0 \u00a0 \u00a0 \u00a0 \u00a0 \u00a0 \u00a0 \u00a0 \u00a0 \u00a0 \u00a0 \u00a0 \u00a0 \u00a0 \u00a0 \u00a0 \u00a0 \u00a0 \u00a0 \u00a0 \u00a0 \u00a0 \u00a0ocean<\/p>\n<p>costa, una, la\u00a0 \u00a0 \u00a0 \u00a0 \u00a0 \u00a0 \u00a0 \u00a0 \u00a0 \u00a0 \u00a0 \u00a0 \u00a0 \u00a0 \u00a0 \u00a0 \u00a0 \u00a0 \u00a0 \u00a0 \u00a0 \u00a0 \u00a0 \u00a0 \u00a0 \u00a0 \u00a0kust<\/p>\n<p>playa, una, la\u00a0 \u00a0 \u00a0 \u00a0 \u00a0 \u00a0 \u00a0 \u00a0 \u00a0 \u00a0 \u00a0 \u00a0 \u00a0 \u00a0 \u00a0 \u00a0 \u00a0 \u00a0 \u00a0 \u00a0 \u00a0 \u00a0 \u00a0 \u00a0 \u00a0 \u00a0 strand<\/p>\n<p>estrecho, un, el\u00a0 \u00a0 \u00a0 \u00a0 \u00a0 \u00a0 \u00a0 \u00a0 \u00a0 \u00a0 \u00a0 \u00a0 \u00a0 \u00a0 \u00a0 \u00a0 \u00a0 \u00a0 \u00a0 \u00a0 \u00a0 \u00a0 \u00a0 \u00a0 sund<\/p>\n<p>la monta\u00f1a, monta\u00f1as \/ monta\u00f1oso\u00a0 \u00a0 \u00a0 \u00a0 \u00a0 berg<\/p>\n<p>lago, un, el\u00a0 \u00a0 \u00a0 \u00a0 \u00a0 \u00a0 \u00a0 \u00a0 \u00a0 \u00a0 \u00a0 \u00a0 \u00a0 \u00a0 \u00a0 \u00a0 \u00a0 \u00a0 \u00a0 \u00a0 \u00a0 \u00a0 \u00a0 \u00a0 \u00a0 \u00a0 \u00a0 sj\u00f6<\/p>\n<p>bosque, un, el\u00a0 \u00a0 \u00a0 \u00a0 \u00a0 \u00a0 \u00a0 \u00a0 \u00a0 \u00a0 \u00a0 \u00a0 \u00a0 \u00a0 \u00a0 \u00a0 \u00a0 \u00a0 \u00a0 \u00a0 \u00a0 \u00a0 \u00a0 skog<\/p>\n<p>r\u00edo, un, el\u00a0 \u00a0 \u00a0 \u00a0 \u00a0 \u00a0 \u00a0 \u00a0 \u00a0 \u00a0 \u00a0 \u00a0 \u00a0 \u00a0 \u00a0 \u00a0 \u00a0 \u00a0 \u00a0 \u00a0 \u00a0 \u00a0 \u00a0 \u00a0 \u00a0 \u00a0 \u00a0 \u00a0flod<\/p>\n<p>&nbsp;<\/p>\n<h5><strong>Preguntas \u00fatiles para describir una ciudad o pa\u00eds<\/strong><\/h5>\n<p>\u00bfD\u00f3nde est\u00e1 Espa\u00f1a?<\/p>\n<p>\u00bfCon qu\u00e9 pa\u00edses limita Espa\u00f1a?<\/p>\n<p>\u00bfCu\u00e1ntos habitantes tiene Espa\u00f1a?<\/p>\n<p>\u00bfCu\u00e1l es la capital de Espa\u00f1a?<\/p>\n<p>\u00bfC\u00f3mo es Espa\u00f1a? \/ \u00bfC\u00f3mo es la naturaleza en Espa\u00f1a?<\/p>\n<p>&nbsp;<\/p>\n<h5>Sobre el ejercicio 10, p. 66:\u00a0 Por favor, \u00bfd\u00f3nde est\u00e1\u2026.?<\/h5>\n<p>Hace sol y mucho calor.<\/p>\n<p>tomar el sol\u00a0 \/\u00a0\u00a0 tomar sol\u00a0\u00a0 = sola<\/p>\n<p>plano = karta<\/p>\n<p>Perdone, buscamos el museo Picasso, \u00bfsabe usted d\u00f3nde est\u00e1?<\/p>\n<p>Por favor, \u00bfd\u00f3nde est\u00e1\u2026?<\/p>\n<h5>El tiempo &#8211; V\u00e4dret<\/h5>\n<p><iframe loading=\"lazy\" title=\"Aprender espa\u00f1ol: Clima y tiempo atmosf\u00e9rico \u2600\ud83c\udf27\ud83c\udf21(nivel b\u00e1sico)\" width=\"604\" height=\"340\" src=\"https:\/\/www.youtube.com\/embed\/0sflpAtdTmY?feature=oembed\" frameborder=\"0\" allow=\"accelerometer; autoplay; clipboard-write; encrypted-media; gyroscope; picture-in-picture; web-share\" referrerpolicy=\"strict-origin-when-cross-origin\" allowfullscreen><\/iframe><\/p>\n<p>&nbsp;<\/p>\n<h5><span style=\"color: #ff0000\">TAREA:<\/span><\/h5>\n<ol>\n<li>Leer de nuevo las p\u00e1ginas 68, 69 y 70, y estudiar el vocabulario.<\/li>\n<li>Escribir un texto sobre una ciudad o pa\u00eds que les guste (pueden contestar las preguntas \u00fatiles para describir una ciudad o pa\u00eds \u21d1\u21d1\u21d1).<\/li>\n<li>Ver el video sobre el clima y estudiar el vocabulario. Estudiar tambi\u00e9n la p\u00e1gina 73.<\/li>\n<\/ol>\n","protected":false},"excerpt":{"rendered":"<p>Palabras importantes para ordenar en un caf\u00e9 o restaurante ordenar \/ pedir \/ tomar\u00a0 = best\u00e4lla comer = \u00e4ta beber \/ tomar = dricka &nbsp; querer = vilja \u00a0\u00a0\u00a0\u00a0\u00a0 querer una cosa Ejemplo: (yo) Quiero una manzana querer hacer algo Ejemplo: (yo) Quiero beber\/tomar una copa de vino &nbsp; Quiero (jag vill ha) un bocadillo &hellip; <a href=\"https:\/\/blogg.folkuniversitetet.nu\/fuendi\/clase-del-13-de-octubre\/\" class=\"more-link\">Forts\u00e4tt l\u00e4sa <span class=\"screen-reader-text\">Clase del 13 de octubre<\/span> <span class=\"meta-nav\">&rarr;<\/span><\/a><\/p>\n","protected":false},"author":787,"featured_media":0,"parent":0,"menu_order":0,"comment_status":"closed","ping_status":"closed","template":"","meta":{"footnotes":""},"class_list":["post-799","page","type-page","status-publish","hentry"],"_links":{"self":[{"href":"https:\/\/blogg.folkuniversitetet.nu\/fuendi\/wp-json\/wp\/v2\/pages\/799","targetHints":{"allow":["GET"]}}],"collection":[{"href":"https:\/\/blogg.folkuniversitetet.nu\/fuendi\/wp-json\/wp\/v2\/pages"}],"about":[{"href":"https:\/\/blogg.folkuniversitetet.nu\/fuendi\/wp-json\/wp\/v2\/types\/page"}],"author":[{"embeddable":true,"href":"https:\/\/blogg.folkuniversitetet.nu\/fuendi\/wp-json\/wp\/v2\/users\/787"}],"replies":[{"embeddable":true,"href":"https:\/\/blogg.folkuniversitetet.nu\/fuendi\/wp-json\/wp\/v2\/comments?post=799"}],"version-history":[{"count":1,"href":"https:\/\/blogg.folkuniversitetet.nu\/fuendi\/wp-json\/wp\/v2\/pages\/799\/revisions"}],"predecessor-version":[{"id":801,"href":"https:\/\/blogg.folkuniversitetet.nu\/fuendi\/wp-json\/wp\/v2\/pages\/799\/revisions\/801"}],"wp:attachment":[{"href":"https:\/\/blogg.folkuniversitetet.nu\/fuendi\/wp-json\/wp\/v2\/media?parent=799"}],"curies":[{"name":"wp","href":"https:\/\/api.w.org\/{rel}","templated":true}]}}