{"id":791,"date":"2020-10-10T20:26:51","date_gmt":"2020-10-10T18:26:51","guid":{"rendered":"http:\/\/blogg.folkuniversitetet.nu\/fuendi\/?page_id=791"},"modified":"2020-10-10T20:26:51","modified_gmt":"2020-10-10T18:26:51","slug":"clase-del-6-de-octubre","status":"publish","type":"page","link":"https:\/\/blogg.folkuniversitetet.nu\/fuendi\/clase-del-6-de-octubre\/","title":{"rendered":"Clase del 6 de octubre"},"content":{"rendered":"<h5>Ordenar \/ pedir\u00a0 en un bar<\/h5>\n<p><iframe loading=\"lazy\" title=\"C\u00f3mo pedir en un bar\" width=\"604\" height=\"340\" src=\"https:\/\/www.youtube.com\/embed\/aQFt0bmcJmI?feature=oembed\" frameborder=\"0\" allow=\"accelerometer; autoplay; clipboard-write; encrypted-media; gyroscope; picture-in-picture; web-share\" referrerpolicy=\"strict-origin-when-cross-origin\" allowfullscreen><\/iframe><\/p>\n<p>&nbsp;<\/p>\n<h5><span style=\"color: #ff0000\">TAREA:<\/span><\/h5>\n<ol>\n<li>Leer las p\u00e1ginas 68, 69 y 70, y estudiar el vocabulario.<\/li>\n<li>Repasar los n\u00fameros (r\u00e4kneord) de la p\u00e1gina 35.<\/li>\n<\/ol>\n","protected":false},"excerpt":{"rendered":"<p>Ordenar \/ pedir\u00a0 en un bar &nbsp; TAREA: Leer las p\u00e1ginas 68, 69 y 70, y estudiar el vocabulario. Repasar los n\u00fameros (r\u00e4kneord) de la p\u00e1gina 35.<\/p>\n","protected":false},"author":787,"featured_media":0,"parent":0,"menu_order":0,"comment_status":"closed","ping_status":"closed","template":"","meta":{"footnotes":""},"class_list":["post-791","page","type-page","status-publish","hentry"],"_links":{"self":[{"href":"https:\/\/blogg.folkuniversitetet.nu\/fuendi\/wp-json\/wp\/v2\/pages\/791","targetHints":{"allow":["GET"]}}],"collection":[{"href":"https:\/\/blogg.folkuniversitetet.nu\/fuendi\/wp-json\/wp\/v2\/pages"}],"about":[{"href":"https:\/\/blogg.folkuniversitetet.nu\/fuendi\/wp-json\/wp\/v2\/types\/page"}],"author":[{"embeddable":true,"href":"https:\/\/blogg.folkuniversitetet.nu\/fuendi\/wp-json\/wp\/v2\/users\/787"}],"replies":[{"embeddable":true,"href":"https:\/\/blogg.folkuniversitetet.nu\/fuendi\/wp-json\/wp\/v2\/comments?post=791"}],"version-history":[{"count":1,"href":"https:\/\/blogg.folkuniversitetet.nu\/fuendi\/wp-json\/wp\/v2\/pages\/791\/revisions"}],"predecessor-version":[{"id":793,"href":"https:\/\/blogg.folkuniversitetet.nu\/fuendi\/wp-json\/wp\/v2\/pages\/791\/revisions\/793"}],"wp:attachment":[{"href":"https:\/\/blogg.folkuniversitetet.nu\/fuendi\/wp-json\/wp\/v2\/media?parent=791"}],"curies":[{"name":"wp","href":"https:\/\/api.w.org\/{rel}","templated":true}]}}