{"id":778,"date":"2020-10-10T17:54:27","date_gmt":"2020-10-10T15:54:27","guid":{"rendered":"http:\/\/blogg.folkuniversitetet.nu\/fuendi\/?page_id=778"},"modified":"2020-10-14T23:33:25","modified_gmt":"2020-10-14T21:33:25","slug":"clase-del-8-de-octubre-2","status":"publish","type":"page","link":"https:\/\/blogg.folkuniversitetet.nu\/fuendi\/clase-del-8-de-octubre-2\/","title":{"rendered":"Clase del 8 de octubre"},"content":{"rendered":"<h5>Verbos con diptongo<\/h5>\n<div dir=\"auto\"><\/div>\n<div dir=\"auto\"><strong>o\u00a0 \u00a0\u21d2 \u00a0 ue\u00a0<\/strong><\/div>\n<div dir=\"auto\">P<strong>o<\/strong>der.<\/div>\n<div dir=\"auto\"><\/div>\n<div dir=\"auto\">Yo\u00a0 \u00a0 \u00a0p<strong>ue<\/strong>do\u00a0 \u00a0 \u00a0\/\u00a0 \u00a0 \u00a0t\u00fa\u00a0 \u00a0 \u00a0 p<strong>ue<\/strong>des&#8230;..<\/div>\n<div dir=\"auto\"><\/div>\n<div dir=\"auto\">Nosotros\u00a0 \u00a0 \u00a0podemos<\/div>\n<div dir=\"auto\">Vosotros\u00a0 \u00a0 \u00a0 pod\u00e9is<\/div>\n<div dir=\"auto\"><\/div>\n<div dir=\"auto\"><strong>e\u00a0 \u21d2\u00a0 ie<\/strong><\/div>\n<div dir=\"auto\">Sentir<\/div>\n<div dir=\"auto\"><\/div>\n<div dir=\"auto\">Yo\u00a0 \u00a0 \u00a0 s<strong>ie<\/strong>nto<\/div>\n<div dir=\"auto\"><\/div>\n<div dir=\"auto\">Nosotros\u00a0 \u00a0 \u00a0 sentimos<\/div>\n<div dir=\"auto\">Vosostros\u00a0 \u00a0 \u00a0sent\u00eds<\/div>\n<div dir=\"auto\"><\/div>\n<h5>Pronombres reflexivos<\/h5>\n<div dir=\"auto\">yo\u00a0 \u00a0 \u00a0 <strong>me<\/strong><\/div>\n<div dir=\"auto\">t\u00fa\u00a0 \u00a0 \u00a0 <strong>te<\/strong><\/div>\n<div dir=\"auto\">\u00e9l, ella, usted, ustedes, ellos, ellas\u00a0 <strong>\u00a0 \u00a0 se<\/strong><\/div>\n<div dir=\"auto\">nosotros\u00a0 \u00a0 \u00a0 \u00a0 <strong>nos<\/strong><\/div>\n<div dir=\"auto\">vosotros\u00a0 \u00a0 \u00a0 \u00a0 <strong>os<\/strong><\/div>\n<div dir=\"auto\"><\/div>\n<h5>Verbos reflexivos<\/h5>\n<div dir=\"auto\"><span style=\"color: #ff0000\">Observa<\/span>: Man anv\u00e4nder ett reflexivt verb n\u00e4r n\u00e5gon g\u00f6r n\u00e5got med sig sj\u00e4lv. Reflexiva pronomen s\u00e4tts f\u00f6re verbet.<\/div>\n<div dir=\"auto\"><\/div>\n<div dir=\"auto\">Compara:<\/div>\n<div dir=\"auto\"><span style=\"color: #ff0000\">me<\/span> peino\u00a0 \u00a0=\u00a0 \u00a0jag kammar <span style=\"color: #ff0000\">mig<\/span><\/div>\n<div dir=\"auto\"><span style=\"color: #ff0000\">te<\/span> peinas\u00a0 \u00a0 =\u00a0 \u00a0du kammar <span style=\"color: #ff0000\">dig<\/span><\/div>\n<div dir=\"auto\"><\/div>\n<div dir=\"auto\">Ejemplo:\u00a0 \u00a0Llamar(se).<\/div>\n<div dir=\"auto\">(yo)\u00a0 <strong>Me<\/strong> llamo Diana.<\/div>\n<div dir=\"auto\">(t\u00fa)\u00a0 <strong>Te<\/strong> llamas Eva.<\/div>\n<div dir=\"auto\">(t\u00fa)\u00a0 &#8211; \u00bfC\u00f3mo <strong>te<\/strong> llamas?<\/div>\n<div dir=\"auto\">(yo) &#8211; <strong>Me<\/strong> llamo Fredrik.<\/div>\n<div dir=\"auto\">(ellos) &#8211; <strong>Se<\/strong> llaman Diana y Diego.<\/div>\n<div dir=\"auto\">(\u00e9l) &#8211; \u00bfC\u00f3mo <strong>se<\/strong> llama tu esposo?<\/div>\n<div dir=\"auto\">(\u00e9l) &#8211; <strong>Se<\/strong> llama Antonio.<\/div>\n<div dir=\"auto\"><\/div>\n<h5>Ver(se)\u00a0 \u00a0 \u00a0 \u00a0 \u00a0 y\u00a0 \u00a0 \u00a0 \u00a0 \u00a0 ver(se) <span style=\"color: #ff0000\"><strong>con<\/strong><\/span><\/h5>\n<div dir=\"auto\">Ver(se) = tr\u00e4ffas<\/div>\n<div dir=\"auto\">(nosotras) Mi hija y yo nos vemos todos los s\u00e1bados.<\/div>\n<div dir=\"auto\">(nosotros)<strong> Nos vemos<\/strong> la pr\u00f3xima semana.<\/div>\n<div dir=\"auto\"><\/div>\n<div dir=\"auto\">Ver(se) <span style=\"color: #ff0000\">con<\/span> (alguien) = tr\u00e4ffa<\/div>\n<div dir=\"auto\"><strong>Me veo <span style=\"color: #ff0000\">con<\/span><\/strong> mi hija todos los s\u00e1bados.<\/div>\n<div dir=\"auto\"><strong>Me voy a ver <span style=\"color: #ff0000\">con<\/span><\/strong> mi esposo a las 8 de la noche en un restaurante.<\/div>\n<div dir=\"auto\">Ayer <strong>me he visto <span style=\"color: #ff0000\">con<\/span><\/strong> con una amiga.<\/div>\n<p>&nbsp;<\/p>\n<h5>Para hablar sobre rutinas<\/h5>\n<p>\u00bfQu\u00e9 haces por la ma\u00f1ana?<\/p>\n<p>\u00bfQu\u00e9 haces por la tarde?<\/p>\n<p>\u00bfQu\u00e9 haces por la noche?<\/p>\n<p>Ejemplo:<\/p>\n<p>Por la ma\u00f1ana me despierto, me ducho, me lavo los dientes, me visto, desayuno y me voy al trabajo \/ la escuela \/ la universidad.<\/p>\n<h5>\u00bfQu\u00e9 es m\u00e1s importante?<\/h5>\n<p>pensar \/ creer\u00a0 = att tycka<\/p>\n<p>Pienso que&#8230;.\u00a0 \u00a0 \u00a0 \u00a0 \u00a0 \u00a0 \u00a0 \u00a0 \u00a0 \u00a0 \u00a0 \u00a0 \u00a0 \u00a0 \u00a0Creo que&#8230;.<\/p>\n<p>Piensas que&#8230;\u00a0 \u00a0 \u00a0 \u00a0 \u00a0 \u00a0 \u00a0 \u00a0 \u00a0 \u00a0 \u00a0 \u00a0 \u00a0 \u00a0 \u00a0 Crees que&#8230;<\/p>\n<p>Ejemplo:<\/p>\n<p><span style=\"color: #ff0000\">Pienso \/ creo que<\/span><span style=\"color: #000000\"> una cita rom\u00e1ntica <\/span><span style=\"color: #ff0000\">es m\u00e1s importante que<\/span> un examen.<\/p>\n<p>Eva y Jakob piensan lo mismo\u00a0 \u00a0\/\u00a0 \u00a0 Eva y Jakob <strong>no<\/strong> piensan lo mismo.<\/p>\n<p>&nbsp;<\/p>\n<h5>Apuntes sobre el ejercicio 4 de la p\u00e1gina 46<\/h5>\n<p>Lo siento mucho, pero&#8230;<\/p>\n<p>Quer\u00eda hablar contigo sobre tu examen.<\/p>\n<p>\u00bfPodemos vernos en mi despacho a las once y media?<\/p>\n<p>Antonio no\u00a0 va a llegar a tiempo a clase porque el perro no est\u00e1 en casa.<\/p>\n<p>El perro ha desaparecido.<\/p>\n<p>El perro se llama Coco.<\/p>\n<p>Voy a <strong>coger \/ tomar<\/strong> el autob\u00fas de las diez menos cuarto.<\/p>\n<p>&nbsp;<\/p>\n<h5><span style=\"color: #ff0000\">TAREA:<\/span><\/h5>\n<ul>\n<li>Repasar las expresiones de tiempo I, p. 45.<\/li>\n<li>Ejercicio 6a, p. 47.<\/li>\n<li>Prepararse para hacer los ejercicios 6c y 7, p. 47, la pr\u00f3xima clase.<\/li>\n<\/ul>\n","protected":false},"excerpt":{"rendered":"<p>Verbos con diptongo o\u00a0 \u00a0\u21d2 \u00a0 ue\u00a0 Poder. Yo\u00a0 \u00a0 \u00a0puedo\u00a0 \u00a0 \u00a0\/\u00a0 \u00a0 \u00a0t\u00fa\u00a0 \u00a0 \u00a0 puedes&#8230;.. Nosotros\u00a0 \u00a0 \u00a0podemos Vosotros\u00a0 \u00a0 \u00a0 pod\u00e9is e\u00a0 \u21d2\u00a0 ie Sentir Yo\u00a0 \u00a0 \u00a0 siento Nosotros\u00a0 \u00a0 \u00a0 sentimos Vosostros\u00a0 \u00a0 \u00a0sent\u00eds Pronombres reflexivos yo\u00a0 \u00a0 \u00a0 me t\u00fa\u00a0 \u00a0 \u00a0 te \u00e9l, ella, usted, ustedes, ellos, &hellip; <a href=\"https:\/\/blogg.folkuniversitetet.nu\/fuendi\/clase-del-8-de-octubre-2\/\" class=\"more-link\">Forts\u00e4tt l\u00e4sa <span class=\"screen-reader-text\">Clase del 8 de octubre<\/span> <span class=\"meta-nav\">&rarr;<\/span><\/a><\/p>\n","protected":false},"author":787,"featured_media":0,"parent":0,"menu_order":0,"comment_status":"closed","ping_status":"closed","template":"","meta":{"footnotes":""},"class_list":["post-778","page","type-page","status-publish","hentry"],"_links":{"self":[{"href":"https:\/\/blogg.folkuniversitetet.nu\/fuendi\/wp-json\/wp\/v2\/pages\/778","targetHints":{"allow":["GET"]}}],"collection":[{"href":"https:\/\/blogg.folkuniversitetet.nu\/fuendi\/wp-json\/wp\/v2\/pages"}],"about":[{"href":"https:\/\/blogg.folkuniversitetet.nu\/fuendi\/wp-json\/wp\/v2\/types\/page"}],"author":[{"embeddable":true,"href":"https:\/\/blogg.folkuniversitetet.nu\/fuendi\/wp-json\/wp\/v2\/users\/787"}],"replies":[{"embeddable":true,"href":"https:\/\/blogg.folkuniversitetet.nu\/fuendi\/wp-json\/wp\/v2\/comments?post=778"}],"version-history":[{"count":3,"href":"https:\/\/blogg.folkuniversitetet.nu\/fuendi\/wp-json\/wp\/v2\/pages\/778\/revisions"}],"predecessor-version":[{"id":810,"href":"https:\/\/blogg.folkuniversitetet.nu\/fuendi\/wp-json\/wp\/v2\/pages\/778\/revisions\/810"}],"wp:attachment":[{"href":"https:\/\/blogg.folkuniversitetet.nu\/fuendi\/wp-json\/wp\/v2\/media?parent=778"}],"curies":[{"name":"wp","href":"https:\/\/api.w.org\/{rel}","templated":true}]}}