{"id":768,"date":"2020-10-08T15:12:47","date_gmt":"2020-10-08T13:12:47","guid":{"rendered":"http:\/\/blogg.folkuniversitetet.nu\/fuendi\/?page_id=768"},"modified":"2020-10-08T15:12:47","modified_gmt":"2020-10-08T13:12:47","slug":"clase-del-8-de-octubre","status":"publish","type":"page","link":"https:\/\/blogg.folkuniversitetet.nu\/fuendi\/clase-del-8-de-octubre\/","title":{"rendered":"Clase del 8 de octubre"},"content":{"rendered":"<h5>Apuntes<\/h5>\n<p>jugar a (algo)\u00a0 \u21d2\u00a0 Juego al f\u00fatbol.<\/p>\n<p>interesar\u00a0 (algo)\u00a0 \u21d2\u00a0 \u00a0Me interesa el f\u00fatbol.<\/p>\n<p>interesado en (algo)\u00a0 \u21d2\u00a0 Estoy interesado en el f\u00fatbol.<\/p>\n<p>&nbsp;<\/p>\n<p>practicar \/ entrenar (algo)<\/p>\n<p>Quiero practicar mi espa\u00f1ol.<\/p>\n<p>Tengo que practicar m\u00e1s para mejorar mi espa\u00f1ol.<\/p>\n<p>Tengo que entrenar mucho para jugar mejor\u00a0 \u21d2\u00a0<span style=\"color: #ff0000\"> Observa<\/span>: m\u00e1s usado para hablar de deportes.<\/p>\n<p>&nbsp;<\/p>\n<p>ya no vive \/ viven\u00a0 =\u00a0 est\u00e1 muerto, -a\u00a0 \u00a0\/\u00a0 \u00a0est\u00e1n muertos, -as<\/p>\n<p>ya = redan \/ nu<\/p>\n<p>ahora = nu<\/p>\n<p>ahijado, -a, -os, -as\u00a0 =\u00a0 gudson \/ gudbarn<\/p>\n<p>&nbsp;<\/p>\n<p><span style=\"color: #ff0000\">Observa<\/span>:<\/p>\n<p>pariente \/ familiar = sl\u00e4kting<\/p>\n<p>familia = familj \/ sl\u00e4kt \/ k\u00e4rnfamilj<\/p>\n<p>familia nuclear = el padre, la madre y los hijos solamente = k\u00e4rnfamilj<\/p>\n<p>&nbsp;<\/p>\n<p>&#8211; \u00bfD\u00f3nde vive el abuelo de Luis?\u00a0 \u00a0 &#8211; El abuelo vive con su familia \/ con ellos\u00a0 \/ en la casa de su hija<\/p>\n<p>que &#8211; qui\u00a0 \u21d2\u00a0 uttalas som ke &#8211; ki<\/p>\n<p>&nbsp;<\/p>\n<p>rebeca (cuello redondo) = kofta<\/p>\n<p>c\u00e1rdigan (cuello en V) = kofta<\/p>\n<p>&nbsp;<\/p>\n<p>pasteler\u00eda = konditori<\/p>\n<p>pasteler\u00eda = bakverk = el trabajo de hacer tortas, pasteles, pastelillos dulces.<\/p>\n<p>pastel = torta = tarta<\/p>\n<p>pastelillo = pastel peque\u00f1o dulce<\/p>\n<p>mazarin, mararines = mazarin, mazariner<\/p>\n<p>&nbsp;<\/p>\n<h5>Familia<\/h5>\n<p>Usamos mucho los vervos tener, llamarse, estar, ser y vivir cuando hablamos de nuestra familia. Recuerda:<\/p>\n<table>\n<tbody>\n<tr>\n<td width=\"75\">&nbsp;<\/td>\n<td width=\"104\">TENER<\/td>\n<td width=\"94\">LLAMARSE<\/td>\n<td width=\"66\">SER<\/td>\n<td width=\"85\">ESTAR<\/td>\n<td width=\"76\">VIVIR<\/td>\n<\/tr>\n<tr>\n<td width=\"75\">Yo<\/td>\n<td width=\"104\">tengo<\/td>\n<td width=\"94\">me llamo<\/td>\n<td width=\"66\">soy<\/td>\n<td width=\"85\">estoy<\/td>\n<td width=\"76\">vivo<\/td>\n<\/tr>\n<tr>\n<td width=\"75\">T\u00fa<\/td>\n<td width=\"104\">tienes<\/td>\n<td width=\"94\">te llamas<\/td>\n<td width=\"66\">eres<\/td>\n<td width=\"85\">est\u00e1s<\/td>\n<td width=\"76\">vives<\/td>\n<\/tr>\n<tr>\n<td width=\"75\">\u00c9l, ella<\/td>\n<td width=\"104\">tiene<\/td>\n<td width=\"94\">se llama<\/td>\n<td width=\"66\">es<\/td>\n<td width=\"85\">est\u00e1<\/td>\n<td width=\"76\">vive<\/td>\n<\/tr>\n<tr>\n<td width=\"75\">Ellos, ellas<\/td>\n<td width=\"104\">tienen<\/td>\n<td width=\"94\">se llaman<\/td>\n<td width=\"66\">son<\/td>\n<td width=\"85\">est\u00e1n<\/td>\n<td width=\"76\">viven<\/td>\n<\/tr>\n<\/tbody>\n<\/table>\n<p>&nbsp;<\/p>\n<h5>Para expresar el futuro<\/h5>\n<p>ir a + infinitivo\u00a0 \u21d2\u00a0 \u00a0Esta tarde voy a jugar al f\u00fatbol.<\/p>\n<p><strong>IR<\/strong><\/p>\n<p>yo\u00a0 \u00a0 \u00a0 \u00a0 \u00a0 \u00a0 \u00a0 \u00a0 \u00a0 \u00a0 \u00a0 \u00a0 \u00a0 \u00a0 \u00a0 \u00a0 voy<\/p>\n<p>t\u00fa\u00a0 \u00a0 \u00a0 \u00a0 \u00a0 \u00a0 \u00a0 \u00a0 \u00a0 \u00a0 \u00a0 \u00a0 \u00a0 \u00a0 \u00a0 \u00a0 \u00a0vas<\/p>\n<p>\u00e9l, ella, usted\u00a0 \u00a0 \u00a0 \u00a0 \u00a0 va<\/p>\n<p>nosotros\u00a0 \u00a0 \u00a0 \u00a0 \u00a0 \u00a0 \u00a0 \u00a0 \u00a0 \u00a0vamos<\/p>\n<p>vosotros\u00a0 \u00a0 \u00a0 \u00a0 \u00a0 \u00a0 \u00a0 \u00a0 \u00a0 \u00a0vais<\/p>\n<p>ustedes\u00a0 \u00a0 \u00a0 \u00a0 \u00a0 \u00a0 \u00a0 \u00a0 \u00a0 \u00a0 van<\/p>\n<p>ellos, ellas\u00a0 \u00a0 \u00a0 \u00a0 \u00a0 \u00a0 \u00a0 \u00a0van<\/p>\n<p><strong>Preguntas<\/strong>:<\/p>\n<p>\u00bfQu\u00e9 vas a hacer esta noche?<\/p>\n<p>\u00bfQu\u00e9 vas a hacer el fin de semana?<\/p>\n<p>\u00bfA d\u00f3nde vas a viajar el pr\u00f3ximo verano?<\/p>\n<p>\u00bfQu\u00e9 vas a cenar hoy?<\/p>\n<p>&nbsp;<\/p>\n<h5><span style=\"color: #ff0000\">TAREA:<\/span><\/h5>\n<ul>\n<li>Ejercicios 5 y 6, p. 64.<\/li>\n<li>Ejercicios \u00a07a y 7b, p. 65.<\/li>\n<li>Ejercicios 9a y 9b, p. 67.<\/li>\n<li>Ejercicios 10a y 10b, p. 68.<\/li>\n<li>Ejercicio 11, p. 68.<\/li>\n<\/ul>\n","protected":false},"excerpt":{"rendered":"<p>Apuntes jugar a (algo)\u00a0 \u21d2\u00a0 Juego al f\u00fatbol. interesar\u00a0 (algo)\u00a0 \u21d2\u00a0 \u00a0Me interesa el f\u00fatbol. interesado en (algo)\u00a0 \u21d2\u00a0 Estoy interesado en el f\u00fatbol. &nbsp; practicar \/ entrenar (algo) Quiero practicar mi espa\u00f1ol. Tengo que practicar m\u00e1s para mejorar mi espa\u00f1ol. Tengo que entrenar mucho para jugar mejor\u00a0 \u21d2\u00a0 Observa: m\u00e1s usado para hablar de &hellip; <a href=\"https:\/\/blogg.folkuniversitetet.nu\/fuendi\/clase-del-8-de-octubre\/\" class=\"more-link\">Forts\u00e4tt l\u00e4sa <span class=\"screen-reader-text\">Clase del 8 de octubre<\/span> <span class=\"meta-nav\">&rarr;<\/span><\/a><\/p>\n","protected":false},"author":787,"featured_media":0,"parent":0,"menu_order":0,"comment_status":"closed","ping_status":"closed","template":"","meta":{"footnotes":""},"class_list":["post-768","page","type-page","status-publish","hentry"],"_links":{"self":[{"href":"https:\/\/blogg.folkuniversitetet.nu\/fuendi\/wp-json\/wp\/v2\/pages\/768","targetHints":{"allow":["GET"]}}],"collection":[{"href":"https:\/\/blogg.folkuniversitetet.nu\/fuendi\/wp-json\/wp\/v2\/pages"}],"about":[{"href":"https:\/\/blogg.folkuniversitetet.nu\/fuendi\/wp-json\/wp\/v2\/types\/page"}],"author":[{"embeddable":true,"href":"https:\/\/blogg.folkuniversitetet.nu\/fuendi\/wp-json\/wp\/v2\/users\/787"}],"replies":[{"embeddable":true,"href":"https:\/\/blogg.folkuniversitetet.nu\/fuendi\/wp-json\/wp\/v2\/comments?post=768"}],"version-history":[{"count":1,"href":"https:\/\/blogg.folkuniversitetet.nu\/fuendi\/wp-json\/wp\/v2\/pages\/768\/revisions"}],"predecessor-version":[{"id":770,"href":"https:\/\/blogg.folkuniversitetet.nu\/fuendi\/wp-json\/wp\/v2\/pages\/768\/revisions\/770"}],"wp:attachment":[{"href":"https:\/\/blogg.folkuniversitetet.nu\/fuendi\/wp-json\/wp\/v2\/media?parent=768"}],"curies":[{"name":"wp","href":"https:\/\/api.w.org\/{rel}","templated":true}]}}