{"id":752,"date":"2020-10-04T17:03:34","date_gmt":"2020-10-04T15:03:34","guid":{"rendered":"http:\/\/blogg.folkuniversitetet.nu\/fuendi\/?page_id=752"},"modified":"2020-10-04T18:11:36","modified_gmt":"2020-10-04T16:11:36","slug":"clase-del-30-de-septiembre","status":"publish","type":"page","link":"https:\/\/blogg.folkuniversitetet.nu\/fuendi\/clase-del-30-de-septiembre\/","title":{"rendered":"Clase del 30 de septiembre"},"content":{"rendered":"<h5>Me encanta, me gusta, me aburre y otros verbos similares<\/h5>\n<p><a href=\"http:\/\/blogg.folkuniversitetet.nu\/fuendi\/files\/2020\/09\/2GUSTAR-ENCANTAR-INTERESAR-ABURRIR-PARECER.pdf\">GUSTAR, ENCANTAR, INTERESAR, ABURRIR, PARECER \u00a0 <\/a>\u21d0 PDF aqu\u00ed<\/p>\n<p>&nbsp;<\/p>\n<h5>todos (pronombre)\u00a0 = alla<\/h5>\n<p>Ejemplos:<\/p>\n<p>A todos (nosotros) nos encanta el vino tinto.<\/p>\n<p>A todos (ellos, ustedes) les gusta la m\u00fasica.<\/p>\n<p>A todos (vosotros) os gusta la m\u00fasica.<\/p>\n<p>&nbsp;<\/p>\n<h5>Pronombres personales<\/h5>\n<p><a href=\"http:\/\/blogg.folkuniversitetet.nu\/fuendi\/files\/2019\/10\/PRONOMBRES-PERSONALES.pdf\">TABLA DE PRONOMBRES PERSONALES<\/a>\u00a0 \u21d0 Aqu\u00ed<\/p>\n<p><iframe loading=\"lazy\" title=\"Grundl\u00e4ggande grammatik: direkt objekt och indirekt objekt\" width=\"604\" height=\"340\" src=\"https:\/\/www.youtube.com\/embed\/8w9IUSY6R8g?feature=oembed\" frameborder=\"0\" allow=\"accelerometer; autoplay; clipboard-write; encrypted-media; gyroscope; picture-in-picture; web-share\" referrerpolicy=\"strict-origin-when-cross-origin\" allowfullscreen><\/iframe><\/p>\n<p><strong>Pronombres persolanes objeto directo <span style=\"color: #ff0000\">lo, la, los, las<\/span><\/strong><\/p>\n<p>Ejemplo:<\/p>\n<p>Jacob toma <strong><span style=\"color: #ff0000\">caf\u00e9<\/span><\/strong><span style=\"color: #ff0000\"><span style=\"color: #000000\">.<\/span><\/span><\/p>\n<p>Jacob <strong><span style=\"color: #ff0000\">lo<\/span><\/strong> toma.<\/p>\n<p>tomar = beber = dricka<\/p>\n<p>Ejemplo:<\/p>\n<p>Cliente:\u00a0 \u00a0 \u00a0 \u00a0 \u00a0 \u00a0 &#8211; <span style=\"color: #ff0000\">La cuenta<\/span>, por favor.<\/p>\n<p>Camarero:\u00a0 \u00a0 \u00a0 &#8211; <span style=\"color: #ff0000\">La<\/span> traigo enseguida.<\/p>\n<p><a href=\"http:\/\/blogg.folkuniversitetet.nu\/fuendi\/files\/2020\/05\/Ejercicios-Pronombres-personales-objeto.pdf\">Ejercicios-Pronombres personales objeto \u00a0<\/a>\u21d0 Aqu\u00ed\u00a0 (los que hicimos juntos en la clase).<\/p>\n<p>&nbsp;<\/p>\n<h5>Otros apuntes (<em>anteckningar<\/em>)<\/h5>\n<p>sobornar (v)<\/p>\n<p>el soborno (s)<\/p>\n<p>&nbsp;<\/p>\n<p>\u00a1Hola a todos! = Hej allihopa!<\/p>\n<p>&nbsp;<\/p>\n<p>re\u00edr(se) (v)\u00a0 \u00a0 \u00a0 \u00a0 \u00a0 me r\u00edo, te r\u00edes, se r\u00ede, nos re\u00edmos&#8230;<\/p>\n<p>Me r\u00edo.\u00a0 \u00a0 \/\u00a0 \u00a0 \u00a0Me r\u00edo <strong>de<\/strong> sus chistes.\u00a0 \u00a0 \u00a0 \u00a0 \u00a0\/\u00a0 \u00a0 \u00a0 \u00a0 \u00a0Me r\u00edo <strong>por<\/strong> cualquier cosa.<\/p>\n<p>la risa (s)<\/p>\n<p>la carcajada (s)<\/p>\n<p>reir a carcajadas (v)<\/p>\n<p>sonre\u00edr (v)\u00a0 \u00a0 \u00a0 \u00a0 \u00a0 \u00a0yo sonr\u00edo, t\u00fa sonr\u00edes, \u00e9l \/ ella sonr\u00ede&#8230;.<\/p>\n<p>sonre\u00edr(se)\u00a0 \u00a0 \u00a0 \u00a0 \u00a0 me sonr\u00edo, te sonr\u00edes, \u00e9l \/ ella se sonr\u00ede&#8230;<\/p>\n<p>la sonrisa (s)<\/p>\n<p>&nbsp;<\/p>\n<p>Estoy muy agradecida porque tengo trabajo a pesar del coronavirus.<\/p>\n<p>&nbsp;<\/p>\n<p>elegir (v) =\u00a0 eli<span style=\"color: #000000\"><strong>j<\/strong><\/span>o, eliges, elige, eligen&#8230;..<\/p>\n<p>escoger (v) = esco<span style=\"color: #000000\"><strong>j<\/strong><\/span>o, escoges, escoge, escogen&#8230;<\/p>\n<p>&nbsp;<\/p>\n<p>Yo odio las ara\u00f1as.<\/p>\n<p>odiar (v)<\/p>\n<p>&nbsp;<\/p>\n<h5>Pronunciaci\u00f3n:\u00a0 J y G<\/h5>\n<p><iframe loading=\"lazy\" title=\"Spanish pronunciation: J &amp; G\" width=\"604\" height=\"340\" src=\"https:\/\/www.youtube.com\/embed\/kNRLEXaJfs8?feature=oembed\" frameborder=\"0\" allow=\"accelerometer; autoplay; clipboard-write; encrypted-media; gyroscope; picture-in-picture; web-share\" referrerpolicy=\"strict-origin-when-cross-origin\" allowfullscreen><\/iframe><\/p>\n<h5>Pronunciaci\u00f3n:\u00a0 C, S, Z<\/h5>\n<p><iframe loading=\"lazy\" title=\"Spanish pronunciation: C &amp; Z\" width=\"604\" height=\"340\" src=\"https:\/\/www.youtube.com\/embed\/Xg525KvZxi0?start=127&#038;feature=oembed\" frameborder=\"0\" allow=\"accelerometer; autoplay; clipboard-write; encrypted-media; gyroscope; picture-in-picture; web-share\" referrerpolicy=\"strict-origin-when-cross-origin\" allowfullscreen><\/iframe><\/p>\n<p>&nbsp;<\/p>\n<h5><span style=\"color: #ff0000\">TAREA:<\/span><\/h5>\n<ol>\n<li>Ejercicio 6, p. 21.<\/li>\n<li>Ejercicio 10, p. 22.<\/li>\n<li>Ejercicio 12, p. 23: Escribir una carta. Sigue las instrucciones y escribe una carta en un papel suelto (p\u00e5 ett l\u00f6st papper).<\/li>\n<li>Leer los textos de las p\u00e1ginas 24, 25, 26 y 27, y estudiar el vocabulario.<\/li>\n<\/ol>\n","protected":false},"excerpt":{"rendered":"<p>Me encanta, me gusta, me aburre y otros verbos similares GUSTAR, ENCANTAR, INTERESAR, ABURRIR, PARECER \u00a0 \u21d0 PDF aqu\u00ed &nbsp; todos (pronombre)\u00a0 = alla Ejemplos: A todos (nosotros) nos encanta el vino tinto. A todos (ellos, ustedes) les gusta la m\u00fasica. A todos (vosotros) os gusta la m\u00fasica. &nbsp; Pronombres personales TABLA DE PRONOMBRES PERSONALES\u00a0 &hellip; <a href=\"https:\/\/blogg.folkuniversitetet.nu\/fuendi\/clase-del-30-de-septiembre\/\" class=\"more-link\">Forts\u00e4tt l\u00e4sa <span class=\"screen-reader-text\">Clase del 30 de septiembre<\/span> <span class=\"meta-nav\">&rarr;<\/span><\/a><\/p>\n","protected":false},"author":787,"featured_media":0,"parent":0,"menu_order":0,"comment_status":"closed","ping_status":"closed","template":"","meta":{"footnotes":""},"class_list":["post-752","page","type-page","status-publish","hentry"],"_links":{"self":[{"href":"https:\/\/blogg.folkuniversitetet.nu\/fuendi\/wp-json\/wp\/v2\/pages\/752","targetHints":{"allow":["GET"]}}],"collection":[{"href":"https:\/\/blogg.folkuniversitetet.nu\/fuendi\/wp-json\/wp\/v2\/pages"}],"about":[{"href":"https:\/\/blogg.folkuniversitetet.nu\/fuendi\/wp-json\/wp\/v2\/types\/page"}],"author":[{"embeddable":true,"href":"https:\/\/blogg.folkuniversitetet.nu\/fuendi\/wp-json\/wp\/v2\/users\/787"}],"replies":[{"embeddable":true,"href":"https:\/\/blogg.folkuniversitetet.nu\/fuendi\/wp-json\/wp\/v2\/comments?post=752"}],"version-history":[{"count":6,"href":"https:\/\/blogg.folkuniversitetet.nu\/fuendi\/wp-json\/wp\/v2\/pages\/752\/revisions"}],"predecessor-version":[{"id":759,"href":"https:\/\/blogg.folkuniversitetet.nu\/fuendi\/wp-json\/wp\/v2\/pages\/752\/revisions\/759"}],"wp:attachment":[{"href":"https:\/\/blogg.folkuniversitetet.nu\/fuendi\/wp-json\/wp\/v2\/media?parent=752"}],"curies":[{"name":"wp","href":"https:\/\/api.w.org\/{rel}","templated":true}]}}