{"id":749,"date":"2020-10-02T07:17:56","date_gmt":"2020-10-02T05:17:56","guid":{"rendered":"http:\/\/blogg.folkuniversitetet.nu\/fuendi\/?page_id=749"},"modified":"2020-10-02T07:17:56","modified_gmt":"2020-10-02T05:17:56","slug":"clase-del-29-de-septiembre","status":"publish","type":"page","link":"https:\/\/blogg.folkuniversitetet.nu\/fuendi\/clase-del-29-de-septiembre\/","title":{"rendered":"Clase del 29 de septiembre"},"content":{"rendered":"<h5>Preguntas \u00fatiles para describir una foto<\/h5>\n<p>&nbsp;<\/p>\n<p>\u00bfQu\u00e9 hay en la foto?\u00a0 \u00a0 \u00a0 \u00a0 \u00a0 \u00a0 \u00a0 \u00a0 \u00a0 \u00a0 \u00a0 \u00a0 \u00a0 \u00a0 \u00a0 \u00a0 \u00a0 \u00a0Vad finns p\u00e5 bilden?<\/p>\n<p>\u00bfQui\u00e9n o quienes est\u00e1n en la foto?\u00a0 \u00a0\u00a0 Vem \/ Vilka ar p\u00e5 bilden?<\/p>\n<p>\u00bfQu\u00e9 hace?\u00a0 \/\u00a0 \u00bfQu\u00e9 hacen?\u00a0 \u00a0 \u00a0 \u00a0 \u00a0 \u00a0 \u00a0 \u00a0 \u00a0 \u00a0 Vad g\u00f6r han\/hon\/de?<\/p>\n<p>&nbsp;<\/p>\n<p>Consejo \/ R\u00e5d:\u00a0 Ir de lo general a lo espec\u00edfico \/ G\u00e5 from det generella\u00a0 till det specifika.<\/p>\n<p>&nbsp;<\/p>\n<p>Ejemplo, p. 32:<\/p>\n<p>&nbsp;<\/p>\n<p>En la foto hay una iglesia, varias personas, un hombre sentado y una bicicleta.<\/p>\n<p>&nbsp;<\/p>\n<p>iglesia = kyrka<\/p>\n<p>una persona \/ varias personas = en person \/ flera personer<\/p>\n<p>un hombre sentado = en man som sitter<\/p>\n<p>bicicleta = cykel<\/p>\n<p>&nbsp;<\/p>\n<p>Ejemplo p. 21:<\/p>\n<p>&nbsp;<\/p>\n<p>En la foto hay un chico sentado en su moto \/ motocicleta. Tambi\u00e9n hay edificios, una calle y varios coches.<\/p>\n<p>&nbsp;<\/p>\n<p>moto = motorcykel<\/p>\n<p>un chico sentado en su moto =\u00a0 en kille som sitter p\u00e5 sin motorcykel<\/p>\n<p>edificios = byggnader<\/p>\n<p>un coche \/ varios coches = en bil \/ flera bilar<\/p>\n<p>calle = v\u00e4g<\/p>\n<p>&nbsp;<\/p>\n<h5><span style=\"color: #ff0000\">TAREA:<\/span><\/h5>\n<p>Ejercicio 1, p. 64 (en una hoja suelta \/ p\u00e5 ett l\u00f6st papper).<\/p>\n<p>Ejercicio 5, p. 64.<\/p>\n<p>Ejercicio 7, p. 65.<\/p>\n<p>Ejercicio 8, p. 66.<\/p>\n<p>Estudiar el men\u00fa del Caf\u00e9 Viena, p. 65, y prepararse para (f\u00f6rbereda sig f\u00f6r) hacer el ejercicio 9, p. 66, la pr\u00f3xima semana (n\u00e4sta vecka).<\/p>\n","protected":false},"excerpt":{"rendered":"<p>Preguntas \u00fatiles para describir una foto &nbsp; \u00bfQu\u00e9 hay en la foto?\u00a0 \u00a0 \u00a0 \u00a0 \u00a0 \u00a0 \u00a0 \u00a0 \u00a0 \u00a0 \u00a0 \u00a0 \u00a0 \u00a0 \u00a0 \u00a0 \u00a0 \u00a0Vad finns p\u00e5 bilden? \u00bfQui\u00e9n o quienes est\u00e1n en la foto?\u00a0 \u00a0\u00a0 Vem \/ Vilka ar p\u00e5 bilden? \u00bfQu\u00e9 hace?\u00a0 \/\u00a0 \u00bfQu\u00e9 hacen?\u00a0 \u00a0 \u00a0 \u00a0 \u00a0 &hellip; <a href=\"https:\/\/blogg.folkuniversitetet.nu\/fuendi\/clase-del-29-de-septiembre\/\" class=\"more-link\">Forts\u00e4tt l\u00e4sa <span class=\"screen-reader-text\">Clase del 29 de septiembre<\/span> <span class=\"meta-nav\">&rarr;<\/span><\/a><\/p>\n","protected":false},"author":787,"featured_media":0,"parent":0,"menu_order":0,"comment_status":"closed","ping_status":"closed","template":"","meta":{"footnotes":""},"class_list":["post-749","page","type-page","status-publish","hentry"],"_links":{"self":[{"href":"https:\/\/blogg.folkuniversitetet.nu\/fuendi\/wp-json\/wp\/v2\/pages\/749","targetHints":{"allow":["GET"]}}],"collection":[{"href":"https:\/\/blogg.folkuniversitetet.nu\/fuendi\/wp-json\/wp\/v2\/pages"}],"about":[{"href":"https:\/\/blogg.folkuniversitetet.nu\/fuendi\/wp-json\/wp\/v2\/types\/page"}],"author":[{"embeddable":true,"href":"https:\/\/blogg.folkuniversitetet.nu\/fuendi\/wp-json\/wp\/v2\/users\/787"}],"replies":[{"embeddable":true,"href":"https:\/\/blogg.folkuniversitetet.nu\/fuendi\/wp-json\/wp\/v2\/comments?post=749"}],"version-history":[{"count":1,"href":"https:\/\/blogg.folkuniversitetet.nu\/fuendi\/wp-json\/wp\/v2\/pages\/749\/revisions"}],"predecessor-version":[{"id":751,"href":"https:\/\/blogg.folkuniversitetet.nu\/fuendi\/wp-json\/wp\/v2\/pages\/749\/revisions\/751"}],"wp:attachment":[{"href":"https:\/\/blogg.folkuniversitetet.nu\/fuendi\/wp-json\/wp\/v2\/media?parent=749"}],"curies":[{"name":"wp","href":"https:\/\/api.w.org\/{rel}","templated":true}]}}