{"id":722,"date":"2020-09-23T21:33:09","date_gmt":"2020-09-23T19:33:09","guid":{"rendered":"http:\/\/blogg.folkuniversitetet.nu\/fuendi\/?page_id=722"},"modified":"2020-09-23T21:33:34","modified_gmt":"2020-09-23T19:33:34","slug":"clase-del-21-de-septiembre","status":"publish","type":"page","link":"https:\/\/blogg.folkuniversitetet.nu\/fuendi\/clase-del-21-de-septiembre\/","title":{"rendered":"Clase del 21 de septiembre"},"content":{"rendered":"<h5>\u00bfC\u00f3mo est\u00e1s?<\/h5>\n<ul>\n<li>Muy bien.<\/li>\n<li>Bien.<\/li>\n<li>M\u00e1s o menos.\u00a0 \u00a0 \u21d2 Tengo mucho trabajo \/ Estoy un poco cansado<\/li>\n<li>Mal.<\/li>\n<li>Muy mal.<\/li>\n<\/ul>\n<h5>Pronunciaci\u00f3n (Uttal):\u00a0 C y Z<\/h5>\n<p><iframe loading=\"lazy\" title=\"Spanish pronunciation: C &amp; Z\" width=\"604\" height=\"340\" src=\"https:\/\/www.youtube.com\/embed\/Xg525KvZxi0?feature=oembed\" frameborder=\"0\" allow=\"accelerometer; autoplay; clipboard-write; encrypted-media; gyroscope; picture-in-picture; web-share\" referrerpolicy=\"strict-origin-when-cross-origin\" allowfullscreen><\/iframe><\/p>\n<h5>Pronunciaci\u00f3n (Uttal):\u00a0 G y J<\/h5>\n<p><iframe loading=\"lazy\" title=\"Spanish pronunciation: J &amp; G\" width=\"604\" height=\"340\" src=\"https:\/\/www.youtube.com\/embed\/kNRLEXaJfs8?start=470&#038;feature=oembed\" frameborder=\"0\" allow=\"accelerometer; autoplay; clipboard-write; encrypted-media; gyroscope; picture-in-picture; web-share\" referrerpolicy=\"strict-origin-when-cross-origin\" allowfullscreen><\/iframe><\/p>\n<h5>Vocabulario \u2013 nombres geogr\u00e1ficos\u00a0 \u00a0\u00a0<em>Vocabul\u00e4r \u2013 geografiska namn<\/em><\/h5>\n<p>pa\u00eds, un pa\u00eds, el pa\u00eds, los pa\u00edses\u00a0\u00a0\u00a0\u00a0\u00a0\u00a0\u00a0\u00a0\u00a0\u00a0 land, ett land, landet<\/p>\n<p>ciudad, una, la, las ciudades\u00a0\u00a0\u00a0\u00a0\u00a0\u00a0\u00a0\u00a0\u00a0\u00a0\u00a0\u00a0\u00a0\u00a0\u00a0\u00a0 stad<\/p>\n<p>capital, una, la\u00a0 \u00a0 \u00a0 \u00a0 \u00a0 \u00a0 \u00a0 \u00a0 \u00a0 \u00a0 \u00a0 \u00a0 \u00a0 \u00a0 \u00a0 \u00a0 \u00a0 \u00a0 \u00a0 \u00a0 \u00a0 \u00a0 \u00a0huvudstad<\/p>\n<p>mar, un, el\u00a0 \u00a0 \u00a0 \u00a0 \u00a0 \u00a0 \u00a0 \u00a0 \u00a0 \u00a0 \u00a0 \u00a0 \u00a0 \u00a0 \u00a0 \u00a0 \u00a0 \u00a0 \u00a0 \u00a0 \u00a0 \u00a0 \u00a0 \u00a0 \u00a0 \u00a0 \u00a0 hav<\/p>\n<p>oc\u00e9ano, un, el\u00a0 \u00a0 \u00a0 \u00a0 \u00a0 \u00a0 \u00a0 \u00a0 \u00a0 \u00a0 \u00a0 \u00a0 \u00a0 \u00a0 \u00a0 \u00a0 \u00a0 \u00a0 \u00a0 \u00a0 \u00a0 \u00a0 \u00a0 \u00a0ocean<\/p>\n<p>costa, una, la\u00a0 \u00a0 \u00a0 \u00a0 \u00a0 \u00a0 \u00a0 \u00a0 \u00a0 \u00a0 \u00a0 \u00a0 \u00a0 \u00a0 \u00a0 \u00a0 \u00a0 \u00a0 \u00a0 \u00a0 \u00a0 \u00a0 \u00a0 \u00a0 \u00a0kust<\/p>\n<p>playa, una, la\u00a0 \u00a0 \u00a0 \u00a0 \u00a0 \u00a0 \u00a0 \u00a0 \u00a0 \u00a0 \u00a0 \u00a0 \u00a0 \u00a0 \u00a0 \u00a0 \u00a0 \u00a0 \u00a0 \u00a0 \u00a0 \u00a0 \u00a0 \u00a0 \u00a0strand<\/p>\n<p>estrecho, un, el\u00a0 \u00a0 \u00a0 \u00a0 \u00a0 \u00a0 \u00a0 \u00a0 \u00a0 \u00a0 \u00a0 \u00a0 \u00a0 \u00a0 \u00a0 \u00a0 \u00a0 \u00a0 \u00a0 \u00a0 \u00a0 \u00a0 \u00a0sund<\/p>\n<p>monta\u00f1a, monta\u00f1as \/ monta\u00f1oso\u00a0\u00a0\u00a0\u00a0\u00a0\u00a0\u00a0\u00a0 berg<\/p>\n<p>lago, un, el\u00a0 \u00a0 \u00a0 \u00a0 \u00a0 \u00a0 \u00a0 \u00a0 \u00a0 \u00a0 \u00a0 \u00a0 \u00a0 \u00a0 \u00a0 \u00a0 \u00a0 \u00a0 \u00a0 \u00a0 \u00a0 \u00a0 \u00a0 \u00a0 \u00a0 \u00a0 \u00a0 sj\u00f6<\/p>\n<p>bosque, un, el\u00a0 \u00a0 \u00a0 \u00a0 \u00a0 \u00a0 \u00a0 \u00a0 \u00a0 \u00a0 \u00a0 \u00a0 \u00a0 \u00a0 \u00a0 \u00a0 \u00a0 \u00a0 \u00a0 \u00a0 \u00a0 \u00a0 \u00a0 skog<\/p>\n<p>r\u00edo, un, el\u00a0 \u00a0 \u00a0 \u00a0 \u00a0 \u00a0 \u00a0 \u00a0 \u00a0 \u00a0 \u00a0 \u00a0 \u00a0 \u00a0 \u00a0 \u00a0 \u00a0 \u00a0 \u00a0 \u00a0 \u00a0 \u00a0 \u00a0 \u00a0 \u00a0 \u00a0 \u00a0 \u00a0flod<\/p>\n<h5>Preguntas \u00fatiles para describir una ciudad o pa\u00eds<\/h5>\n<p>\u00bfD\u00f3nde est\u00e1 Espa\u00f1a?<\/p>\n<p>\u00bfCon qu\u00e9 pa\u00edses limita Espa\u00f1a?<\/p>\n<p>\u00bfCu\u00e1ntos habitantes tiene Espa\u00f1a?<\/p>\n<p>\u00bfCu\u00e1l es la capital de Espa\u00f1a?<\/p>\n<p>\u00bfC\u00f3mo es Espa\u00f1a? \/ \u00bfC\u00f3mo es la naturaleza en Espa\u00f1a?<\/p>\n<p>&nbsp;<\/p>\n<h5><strong><span style=\"color: #ff0000\">TAREA:<\/span><\/strong><\/h5>\n<ol>\n<li>Leer de nuevo las p\u00e1ginas 68, 69 y 70, y estudiar el vocabulario.<\/li>\n<li>Escribir un texto sobre una ciudad o pa\u00eds que les guste (pueden contestar las preguntas \u00fatiles para describir una ciudad o pa\u00eds \u21d1\u21d1\u21d1).<\/li>\n<li>Repasar los n\u00fameros (r\u00e4kneord) de la p\u00e1gina 35.<\/li>\n<\/ol>\n","protected":false},"excerpt":{"rendered":"<p>\u00bfC\u00f3mo est\u00e1s? Muy bien. Bien. M\u00e1s o menos.\u00a0 \u00a0 \u21d2 Tengo mucho trabajo \/ Estoy un poco cansado Mal. Muy mal. Pronunciaci\u00f3n (Uttal):\u00a0 C y Z Pronunciaci\u00f3n (Uttal):\u00a0 G y J Vocabulario \u2013 nombres geogr\u00e1ficos\u00a0 \u00a0\u00a0Vocabul\u00e4r \u2013 geografiska namn pa\u00eds, un pa\u00eds, el pa\u00eds, los pa\u00edses\u00a0\u00a0\u00a0\u00a0\u00a0\u00a0\u00a0\u00a0\u00a0\u00a0 land, ett land, landet ciudad, una, la, las ciudades\u00a0\u00a0\u00a0\u00a0\u00a0\u00a0\u00a0\u00a0\u00a0\u00a0\u00a0\u00a0\u00a0\u00a0\u00a0\u00a0 &hellip; <a href=\"https:\/\/blogg.folkuniversitetet.nu\/fuendi\/clase-del-21-de-septiembre\/\" class=\"more-link\">Forts\u00e4tt l\u00e4sa <span class=\"screen-reader-text\">Clase del 21 de septiembre<\/span> <span class=\"meta-nav\">&rarr;<\/span><\/a><\/p>\n","protected":false},"author":787,"featured_media":0,"parent":0,"menu_order":0,"comment_status":"closed","ping_status":"closed","template":"","meta":{"footnotes":""},"class_list":["post-722","page","type-page","status-publish","hentry"],"_links":{"self":[{"href":"https:\/\/blogg.folkuniversitetet.nu\/fuendi\/wp-json\/wp\/v2\/pages\/722","targetHints":{"allow":["GET"]}}],"collection":[{"href":"https:\/\/blogg.folkuniversitetet.nu\/fuendi\/wp-json\/wp\/v2\/pages"}],"about":[{"href":"https:\/\/blogg.folkuniversitetet.nu\/fuendi\/wp-json\/wp\/v2\/types\/page"}],"author":[{"embeddable":true,"href":"https:\/\/blogg.folkuniversitetet.nu\/fuendi\/wp-json\/wp\/v2\/users\/787"}],"replies":[{"embeddable":true,"href":"https:\/\/blogg.folkuniversitetet.nu\/fuendi\/wp-json\/wp\/v2\/comments?post=722"}],"version-history":[{"count":1,"href":"https:\/\/blogg.folkuniversitetet.nu\/fuendi\/wp-json\/wp\/v2\/pages\/722\/revisions"}],"predecessor-version":[{"id":724,"href":"https:\/\/blogg.folkuniversitetet.nu\/fuendi\/wp-json\/wp\/v2\/pages\/722\/revisions\/724"}],"wp:attachment":[{"href":"https:\/\/blogg.folkuniversitetet.nu\/fuendi\/wp-json\/wp\/v2\/media?parent=722"}],"curies":[{"name":"wp","href":"https:\/\/api.w.org\/{rel}","templated":true}]}}