{"id":708,"date":"2020-09-21T11:45:07","date_gmt":"2020-09-21T09:45:07","guid":{"rendered":"http:\/\/blogg.folkuniversitetet.nu\/fuendi\/?page_id=708"},"modified":"2020-09-21T12:23:47","modified_gmt":"2020-09-21T10:23:47","slug":"clase-del-17-de-septiembre-2","status":"publish","type":"page","link":"https:\/\/blogg.folkuniversitetet.nu\/fuendi\/clase-del-17-de-septiembre-2\/","title":{"rendered":"Clase del 17 de septiembre"},"content":{"rendered":"<h5><strong><span style=\"color: #ff0000\">Para quienes no pudieron venir a la clase &#8211; F\u00f6r de som inte kunde komma p\u00e5 lektionen<\/span><\/strong><\/h5>\n<p><span style=\"color: #000000\">Vi gick igenom: <\/span><\/p>\n<ol>\n<li>Ejercicio 3a y 3b, p. 20.<\/li>\n<li>Ejercicio 4a, 4b y 4c, p. 20.<\/li>\n<li>Ejercicio 9a, p. 22.<\/li>\n<li>Ejercicio 10a, p. 22.<\/li>\n<\/ol>\n<p>&nbsp;<\/p>\n<h5>Me encanta, me gusta, me aburre&#8230;.\u00a0 \u00a0\u00bfY a ti?\u00a0 (Ejercicio 3, p.20)<\/h5>\n<p><a href=\"http:\/\/blogg.folkuniversitetet.nu\/fuendi\/files\/2020\/09\/2GUSTAR-ENCANTAR-INTERESAR-ABURRIR-PARECER.pdf\">GUSTAR, ENCANTAR, INTERESAR, ABURRIR, PARECER \u00a0 \u00a0 <\/a>\u21d0 M\u00e1s informaci\u00f3n aqu\u00ed<\/p>\n<p>&nbsp;<\/p>\n<p><strong><span style=\"color: #ff0000\">TAREA:<\/span><\/strong><\/p>\n<p><span style=\"color: #000000\">1. Prepararse (f\u00f6rbereda sig) para hacer el ejercicio 9c, p. 22 en clase.\u00a0<\/span><\/p>\n<p>2. Ejercicio 12, p. 23: Escribir una carta. Sigue las instrucciones y escribe una carta en un papel suelto (p\u00e5 ett l\u00f6st papper).<\/p>\n<p>3. Leer los textos de las p\u00e1ginas 24, 25, 26 y 27, y estudiar el vocabulario.<\/p>\n<p>&nbsp;<\/p>\n","protected":false},"excerpt":{"rendered":"<p>Para quienes no pudieron venir a la clase &#8211; F\u00f6r de som inte kunde komma p\u00e5 lektionen Vi gick igenom: Ejercicio 3a y 3b, p. 20. Ejercicio 4a, 4b y 4c, p. 20. Ejercicio 9a, p. 22. Ejercicio 10a, p. 22. &nbsp; Me encanta, me gusta, me aburre&#8230;.\u00a0 \u00a0\u00bfY a ti?\u00a0 (Ejercicio 3, p.20) GUSTAR, &hellip; <a href=\"https:\/\/blogg.folkuniversitetet.nu\/fuendi\/clase-del-17-de-septiembre-2\/\" class=\"more-link\">Forts\u00e4tt l\u00e4sa <span class=\"screen-reader-text\">Clase del 17 de septiembre<\/span> <span class=\"meta-nav\">&rarr;<\/span><\/a><\/p>\n","protected":false},"author":787,"featured_media":0,"parent":0,"menu_order":0,"comment_status":"closed","ping_status":"closed","template":"","meta":{"footnotes":""},"class_list":["post-708","page","type-page","status-publish","hentry"],"_links":{"self":[{"href":"https:\/\/blogg.folkuniversitetet.nu\/fuendi\/wp-json\/wp\/v2\/pages\/708","targetHints":{"allow":["GET"]}}],"collection":[{"href":"https:\/\/blogg.folkuniversitetet.nu\/fuendi\/wp-json\/wp\/v2\/pages"}],"about":[{"href":"https:\/\/blogg.folkuniversitetet.nu\/fuendi\/wp-json\/wp\/v2\/types\/page"}],"author":[{"embeddable":true,"href":"https:\/\/blogg.folkuniversitetet.nu\/fuendi\/wp-json\/wp\/v2\/users\/787"}],"replies":[{"embeddable":true,"href":"https:\/\/blogg.folkuniversitetet.nu\/fuendi\/wp-json\/wp\/v2\/comments?post=708"}],"version-history":[{"count":3,"href":"https:\/\/blogg.folkuniversitetet.nu\/fuendi\/wp-json\/wp\/v2\/pages\/708\/revisions"}],"predecessor-version":[{"id":714,"href":"https:\/\/blogg.folkuniversitetet.nu\/fuendi\/wp-json\/wp\/v2\/pages\/708\/revisions\/714"}],"wp:attachment":[{"href":"https:\/\/blogg.folkuniversitetet.nu\/fuendi\/wp-json\/wp\/v2\/media?parent=708"}],"curies":[{"name":"wp","href":"https:\/\/api.w.org\/{rel}","templated":true}]}}