{"id":679,"date":"2020-09-14T13:51:47","date_gmt":"2020-09-14T11:51:47","guid":{"rendered":"http:\/\/blogg.folkuniversitetet.nu\/fuendi\/?page_id=679"},"modified":"2020-09-14T13:51:47","modified_gmt":"2020-09-14T11:51:47","slug":"clase-del-7-de-septiembre","status":"publish","type":"page","link":"https:\/\/blogg.folkuniversitetet.nu\/fuendi\/clase-del-7-de-septiembre\/","title":{"rendered":"Clase del 7 de septiembre"},"content":{"rendered":"<header class=\"entry-header\">\n<h5 class=\"entry-title\"><strong><span style=\"color: #ff0000\">TAREA:<\/span><\/strong><\/h5>\n<\/header>\n<div class=\"entry-content\">\n<h5>\u00a0 \u00a0 \u00a0 \u00a0 \u00a0 \u21d3\u21d3\u21d3\u00a0 Haz\u00a0CLICK\u00a0y practica los verbos regulares e irregulares:<\/h5>\n<blockquote class=\"wp-embedded-content\" data-secret=\"bJhyRqhPus\"><p><a href=\"https:\/\/www.spanishunicorn.com\/verbos-regulares-en-espanol-ejercicios\/\">Verbos regulares en espa\u00f1ol + EJERCICIOS<\/a><\/p><\/blockquote>\n<blockquote class=\"wp-embedded-content\" data-secret=\"3nLBoRGke9\"><p><a href=\"https:\/\/www.spanishunicorn.com\/ejercicios-gramatica-ser-estar-hay-tener\/\">Ser \u2013 estar \u2013 tener \u2013 haber \u2013 Ejercicios<\/a><\/p>\n<p>OBS:<\/p>\n<p>Hej allihopa!<\/p>\n<p>Jag ber er en urs\u00e4kt f\u00f6r jag publicerade bloggen idag, dvs f\u00f6rsent.\u00a0 Den h\u00e4r hemuppgiften ska vi ta tillsammans idag under lektionen. Vi ses snart!<\/p>\n<p>Mvh \/ Diana<\/p><\/blockquote>\n<\/div>\n","protected":false},"excerpt":{"rendered":"<p>TAREA: \u00a0 \u00a0 \u00a0 \u00a0 \u00a0 \u21d3\u21d3\u21d3\u00a0 Haz\u00a0CLICK\u00a0y practica los verbos regulares e irregulares: Verbos regulares en espa\u00f1ol + EJERCICIOS Ser \u2013 estar \u2013 tener \u2013 haber \u2013 Ejercicios OBS: Hej allihopa! Jag ber er en urs\u00e4kt f\u00f6r jag publicerade bloggen idag, dvs f\u00f6rsent.\u00a0 Den h\u00e4r hemuppgiften ska vi ta tillsammans idag under lektionen. Vi &hellip; <a href=\"https:\/\/blogg.folkuniversitetet.nu\/fuendi\/clase-del-7-de-septiembre\/\" class=\"more-link\">Forts\u00e4tt l\u00e4sa <span class=\"screen-reader-text\">Clase del 7 de septiembre<\/span> <span class=\"meta-nav\">&rarr;<\/span><\/a><\/p>\n","protected":false},"author":787,"featured_media":0,"parent":0,"menu_order":0,"comment_status":"closed","ping_status":"closed","template":"","meta":{"footnotes":""},"class_list":["post-679","page","type-page","status-publish","hentry"],"_links":{"self":[{"href":"https:\/\/blogg.folkuniversitetet.nu\/fuendi\/wp-json\/wp\/v2\/pages\/679","targetHints":{"allow":["GET"]}}],"collection":[{"href":"https:\/\/blogg.folkuniversitetet.nu\/fuendi\/wp-json\/wp\/v2\/pages"}],"about":[{"href":"https:\/\/blogg.folkuniversitetet.nu\/fuendi\/wp-json\/wp\/v2\/types\/page"}],"author":[{"embeddable":true,"href":"https:\/\/blogg.folkuniversitetet.nu\/fuendi\/wp-json\/wp\/v2\/users\/787"}],"replies":[{"embeddable":true,"href":"https:\/\/blogg.folkuniversitetet.nu\/fuendi\/wp-json\/wp\/v2\/comments?post=679"}],"version-history":[{"count":1,"href":"https:\/\/blogg.folkuniversitetet.nu\/fuendi\/wp-json\/wp\/v2\/pages\/679\/revisions"}],"predecessor-version":[{"id":681,"href":"https:\/\/blogg.folkuniversitetet.nu\/fuendi\/wp-json\/wp\/v2\/pages\/679\/revisions\/681"}],"wp:attachment":[{"href":"https:\/\/blogg.folkuniversitetet.nu\/fuendi\/wp-json\/wp\/v2\/media?parent=679"}],"curies":[{"name":"wp","href":"https:\/\/api.w.org\/{rel}","templated":true}]}}