{"id":669,"date":"2020-08-11T12:57:31","date_gmt":"2020-08-11T10:57:31","guid":{"rendered":"http:\/\/blogg.folkuniversitetet.nu\/fuendi\/?page_id=669"},"modified":"2020-08-11T13:09:44","modified_gmt":"2020-08-11T11:09:44","slug":"clase-del-15-de-junio","status":"publish","type":"page","link":"https:\/\/blogg.folkuniversitetet.nu\/fuendi\/clase-del-15-de-junio\/","title":{"rendered":"Clase del 22 de junio"},"content":{"rendered":"<h5><a href=\"http:\/\/blogg.folkuniversitetet.nu\/fuendi\/files\/2020\/08\/El-doble-uso-de-los-pronombres-de-objeto-directo-e-indirecto.pdf\">El doble uso de los pronombres de objeto directo e indirecto \u00a0 \u00a0<\/a>\u21d0PDF aqu\u00ed<\/h5>\n<h5>Ejemplos de uso pr\u00e1ctico:<\/h5>\n<p>Al mesonero:<\/p>\n<p>&#8211; \u00bfMe trae la cuenta por favor?<\/p>\n<p>&#8211; S\u00ed, se la traigo enseguida.<\/p>\n<p>&nbsp;<\/p>\n<p>A una amiga:<\/p>\n<p>&#8211; \u00bfTienes el n\u00famero de Julia?<\/p>\n<p>&#8211; S\u00ed lo tengo.<\/p>\n<p>&#8211; \u00bfMe lo puedes dar, por favor?<\/p>\n<p>&nbsp;<\/p>\n<p>A un compa\u00f1ero de clases, sobre una pregunta:<\/p>\n<p>&#8211; No entiendo. \u00bfMe la puedes repetir?<\/p>\n<p>&#8211; S\u00ed, claro, te la repito: \u00bfcu\u00e1ntos a\u00f1os tienes?<\/p>\n<p>&nbsp;<\/p>\n<h5><span style=\"color: #ff0000\">TAREA:<\/span><\/h5>\n<p>Les recomiendo hacer la autoevaluaci\u00f3n (sj\u00e4lvdiagnoser) de las p\u00e1ginas 182 a 185 y repasar los contenidos necesarios. Controlen los resultados en las p\u00e1ginas 196 y 197.<\/p>\n","protected":false},"excerpt":{"rendered":"<p>El doble uso de los pronombres de objeto directo e indirecto \u00a0 \u00a0\u21d0PDF aqu\u00ed Ejemplos de uso pr\u00e1ctico: Al mesonero: &#8211; \u00bfMe trae la cuenta por favor? &#8211; S\u00ed, se la traigo enseguida. &nbsp; A una amiga: &#8211; \u00bfTienes el n\u00famero de Julia? &#8211; S\u00ed lo tengo. &#8211; \u00bfMe lo puedes dar, por favor? &nbsp; &hellip; <a href=\"https:\/\/blogg.folkuniversitetet.nu\/fuendi\/clase-del-15-de-junio\/\" class=\"more-link\">Forts\u00e4tt l\u00e4sa <span class=\"screen-reader-text\">Clase del 22 de junio<\/span> <span class=\"meta-nav\">&rarr;<\/span><\/a><\/p>\n","protected":false},"author":787,"featured_media":0,"parent":0,"menu_order":0,"comment_status":"closed","ping_status":"closed","template":"","meta":{"footnotes":""},"class_list":["post-669","page","type-page","status-publish","hentry"],"_links":{"self":[{"href":"https:\/\/blogg.folkuniversitetet.nu\/fuendi\/wp-json\/wp\/v2\/pages\/669","targetHints":{"allow":["GET"]}}],"collection":[{"href":"https:\/\/blogg.folkuniversitetet.nu\/fuendi\/wp-json\/wp\/v2\/pages"}],"about":[{"href":"https:\/\/blogg.folkuniversitetet.nu\/fuendi\/wp-json\/wp\/v2\/types\/page"}],"author":[{"embeddable":true,"href":"https:\/\/blogg.folkuniversitetet.nu\/fuendi\/wp-json\/wp\/v2\/users\/787"}],"replies":[{"embeddable":true,"href":"https:\/\/blogg.folkuniversitetet.nu\/fuendi\/wp-json\/wp\/v2\/comments?post=669"}],"version-history":[{"count":3,"href":"https:\/\/blogg.folkuniversitetet.nu\/fuendi\/wp-json\/wp\/v2\/pages\/669\/revisions"}],"predecessor-version":[{"id":674,"href":"https:\/\/blogg.folkuniversitetet.nu\/fuendi\/wp-json\/wp\/v2\/pages\/669\/revisions\/674"}],"wp:attachment":[{"href":"https:\/\/blogg.folkuniversitetet.nu\/fuendi\/wp-json\/wp\/v2\/media?parent=669"}],"curies":[{"name":"wp","href":"https:\/\/api.w.org\/{rel}","templated":true}]}}