{"id":664,"date":"2020-08-11T11:52:20","date_gmt":"2020-08-11T09:52:20","guid":{"rendered":"http:\/\/blogg.folkuniversitetet.nu\/fuendi\/?page_id=664"},"modified":"2020-08-11T11:58:29","modified_gmt":"2020-08-11T09:58:29","slug":"clase-del-2-de-julio","status":"publish","type":"page","link":"https:\/\/blogg.folkuniversitetet.nu\/fuendi\/clase-del-2-de-julio\/","title":{"rendered":"Clase del 2 de julio"},"content":{"rendered":"<h5>M\u00e1s preguntas sobre el texto &#8221;Antonia M\u00e1rquez, dise\u00f1adora de zapatos&#8221;, p. 162<\/h5>\n<ul>\n<li>\u00bfTiene Antonia una tienda f\u00edsica o vende su zapatos <em>online<\/em>?<\/li>\n<li>\u00bfCu\u00e1nto cuestan los zapatos? (aviso amarillo).<\/li>\n<li>\u00bfCu\u00e1nto cuesta el env\u00edo? (aviso amarillo).<\/li>\n<li>\u00bfCu\u00e1nto tiempo tarda la entrega? (aviso amarillo).<\/li>\n<li>\u00bfC\u00f3mo se llama la tienda (aviso rosa).<\/li>\n<li>\u00bfVenden zapatos solo para mujeres (aviso rosa).<\/li>\n<li>\u00bfQu\u00e9 tipo de zapatos venden? (aviso rosa).<\/li>\n<li>\u00bfD\u00f3nde est\u00e1 la tienda? (aviso rosa).<\/li>\n<li>\u00bfPrefieres la ropa de algod\u00f3n, lino o seda?<\/li>\n<li>\u00bfPrefieres los zapatos de cuero o de goma?<\/li>\n<\/ul>\n<h5><span style=\"color: #ff0000\">TAREA:<\/span><\/h5>\n<p>Les recomiendo hacer la autoevaluaci\u00f3n (sj\u00e4lvdiagnoser) de las p\u00e1ginas 182 a 195 y repasar los contenidos necesarios. Controlen los resultados en las p\u00e1ginas 196 a 200.<\/p>\n","protected":false},"excerpt":{"rendered":"<p>M\u00e1s preguntas sobre el texto &#8221;Antonia M\u00e1rquez, dise\u00f1adora de zapatos&#8221;, p. 162 \u00bfTiene Antonia una tienda f\u00edsica o vende su zapatos online? \u00bfCu\u00e1nto cuestan los zapatos? (aviso amarillo). \u00bfCu\u00e1nto cuesta el env\u00edo? (aviso amarillo). \u00bfCu\u00e1nto tiempo tarda la entrega? (aviso amarillo). \u00bfC\u00f3mo se llama la tienda (aviso rosa). \u00bfVenden zapatos solo para mujeres (aviso rosa). &hellip; <a href=\"https:\/\/blogg.folkuniversitetet.nu\/fuendi\/clase-del-2-de-julio\/\" class=\"more-link\">Forts\u00e4tt l\u00e4sa <span class=\"screen-reader-text\">Clase del 2 de julio<\/span> <span class=\"meta-nav\">&rarr;<\/span><\/a><\/p>\n","protected":false},"author":787,"featured_media":0,"parent":0,"menu_order":0,"comment_status":"closed","ping_status":"closed","template":"","meta":{"footnotes":""},"class_list":["post-664","page","type-page","status-publish","hentry"],"_links":{"self":[{"href":"https:\/\/blogg.folkuniversitetet.nu\/fuendi\/wp-json\/wp\/v2\/pages\/664","targetHints":{"allow":["GET"]}}],"collection":[{"href":"https:\/\/blogg.folkuniversitetet.nu\/fuendi\/wp-json\/wp\/v2\/pages"}],"about":[{"href":"https:\/\/blogg.folkuniversitetet.nu\/fuendi\/wp-json\/wp\/v2\/types\/page"}],"author":[{"embeddable":true,"href":"https:\/\/blogg.folkuniversitetet.nu\/fuendi\/wp-json\/wp\/v2\/users\/787"}],"replies":[{"embeddable":true,"href":"https:\/\/blogg.folkuniversitetet.nu\/fuendi\/wp-json\/wp\/v2\/comments?post=664"}],"version-history":[{"count":3,"href":"https:\/\/blogg.folkuniversitetet.nu\/fuendi\/wp-json\/wp\/v2\/pages\/664\/revisions"}],"predecessor-version":[{"id":668,"href":"https:\/\/blogg.folkuniversitetet.nu\/fuendi\/wp-json\/wp\/v2\/pages\/664\/revisions\/668"}],"wp:attachment":[{"href":"https:\/\/blogg.folkuniversitetet.nu\/fuendi\/wp-json\/wp\/v2\/media?parent=664"}],"curies":[{"name":"wp","href":"https:\/\/api.w.org\/{rel}","templated":true}]}}