{"id":655,"date":"2020-06-25T12:00:42","date_gmt":"2020-06-25T10:00:42","guid":{"rendered":"http:\/\/blogg.folkuniversitetet.nu\/fuendi\/?page_id=655"},"modified":"2020-06-25T12:36:09","modified_gmt":"2020-06-25T10:36:09","slug":"clase-del-18-de-junio","status":"publish","type":"page","link":"https:\/\/blogg.folkuniversitetet.nu\/fuendi\/clase-del-18-de-junio\/","title":{"rendered":"Clase del 18 de junio"},"content":{"rendered":"<h5>Apuntes del chat<\/h5>\n<p>sala-comedor<br \/>\nlavander\u00eda<br \/>\ncuarto de lavado<br \/>\ncuarto de lavar ropa<br \/>\nEl Ateneo<br \/>\npr\u00e1ctico<br \/>\ncondominio<br \/>\nmaravilloso<br \/>\nmaravilla<br \/>\nmuy guapo<br \/>\nguap\u00edsimo<br \/>\ndeportivas<\/p>\n<p>prenda (de vestir) = plagg<br \/>\nbufanda<\/p>\n<p><strong>Preguntas:<\/strong><\/p>\n<ul>\n<li>\u00bfCu\u00e1nto cuesta\u2026?<\/li>\n<li>\u00bfDe qu\u00e9 color es\u2026?<\/li>\n<li>\u00bfTe gusta\/n este, esta, estos, estas\u2026.?<\/li>\n<li>\u00bfQu\u00e9 prenda te gusta m\u00e1s?<\/li>\n<li>\u00bfPuedes describir\/ lo, la?<\/li>\n<li>\u00bfQu\u00e9 prenda te gusta menos?<\/li>\n<li>\u00bfPuedes describir\/ lo, la?<\/li>\n<li>\u00bfQu\u00e9 prenda es la m\u00e1s barata?<\/li>\n<li>\u00bfQu\u00e9 prenda es la m\u00e1s cara?<\/li>\n<\/ul>\n<p>&nbsp;<\/p>\n<h5>HAY\u00a0 vs.\u00a0 EST\u00c1\/EST\u00c1N<\/h5>\n<p><span style=\"color: #ff0000\"><strong>HAY<\/strong><\/span> + un, unos\u00a0\u00a0\u00a0\u00a0 + sustantivo\u00a0\u00a0 + lugar<\/p>\n<p>una, unas<\/p>\n<p><span style=\"color: #ff0000\"> Hay<\/span>\u00a0\u00a0\u00a0\u00a0\u00a0\u00a0\u00a0\u00a0\u00a0 un\u00a0\u00a0\u00a0\u00a0\u00a0\u00a0\u00a0\u00a0\u00a0\u00a0\u00a0\u00a0\u00a0\u00a0\u00a0\u00a0\u00a0 vaso\u00a0\u00a0\u00a0\u00a0\u00a0\u00a0\u00a0\u00a0\u00a0 sobre la mesa<\/p>\n<p>&nbsp;<\/p>\n<p>el, los\u00a0\u00a0 + sustantivo\u00a0\u00a0 +\u00a0\u00a0 <strong><span style=\"color: #ff0000\">EST\u00c1<\/span><\/strong>\u00a0\u00a0\u00a0 +\u00a0\u00a0\u00a0 lugar<\/p>\n<p>la, las\u00a0 \u00a0 \u00a0 \u00a0 \u00a0 \u00a0 \u00a0 \u00a0 \u00a0 \u00a0 \u00a0 \u00a0 \u00a0 \u00a0 \u00a0 \u00a0 \u00a0<strong><span style=\"color: #ff0000\"> EST\u00c1N<\/span><\/strong><\/p>\n<p>Posesivos<\/p>\n<p>Nombres propios<\/p>\n<p>&nbsp;<\/p>\n<p>El\u00a0\u00a0\u00a0\u00a0\u00a0\u00a0\u00a0\u00a0\u00a0\u00a0\u00a0\u00a0\u00a0\u00a0\u00a0\u00a0 vaso\u00a0\u00a0\u00a0\u00a0\u00a0\u00a0\u00a0\u00a0\u00a0\u00a0\u00a0 <span style=\"color: #ff0000\">est\u00e1\u00a0\u00a0\u00a0\u00a0\u00a0\u00a0\u00a0\u00a0\u00a0\u00a0\u00a0\u00a0<\/span> sobre la mesa.<\/p>\n<p>Mis \u00a0\u00a0\u00a0\u00a0\u00a0\u00a0\u00a0\u00a0\u00a0\u00a0\u00a0 \u00a0\u00a0llaves\u00a0\u00a0\u00a0\u00a0\u00a0\u00a0\u00a0\u00a0\u00a0\u00a0 <span style=\"color: #ff0000\">est\u00e1n\u00a0\u00a0\u00a0\u00a0\u00a0\u00a0\u00a0\u00a0\u00a0\u00a0<\/span> sobre la mesa.<\/p>\n<p>Stefan\u00a0\u00a0\u00a0\u00a0\u00a0\u00a0\u00a0\u00a0\u00a0\u00a0\u00a0 <span style=\"color: #ff0000\">est\u00e1\u00a0\u00a0\u00a0\u00a0\u00a0\u00a0\u00a0\u00a0\u00a0\u00a0\u00a0\u00a0<\/span> en Argentina.<\/p>\n<p>&nbsp;<\/p>\n<h5><span style=\"color: #ff0000\">TAREA:<\/span><\/h5>\n<ul>\n<li>Ejercicios 2, 3, 4, 6 y 7, p\u00e1ginas 156 y 157.<\/li>\n<li>Prepararse para hacer el ejercicio 8, p.157, y el ejercicio 11, p. 158, la pr\u00f3xima clase.<\/li>\n<li>Practicar con las 8 fotos: \u00bfQu\u00e9 hacen ellos? \u00bfC\u00f3mo son? (describir las personas y su ropa).<\/li>\n<\/ul>\n","protected":false},"excerpt":{"rendered":"<p>Apuntes del chat sala-comedor lavander\u00eda cuarto de lavado cuarto de lavar ropa El Ateneo pr\u00e1ctico condominio maravilloso maravilla muy guapo guap\u00edsimo deportivas prenda (de vestir) = plagg bufanda Preguntas: \u00bfCu\u00e1nto cuesta\u2026? \u00bfDe qu\u00e9 color es\u2026? \u00bfTe gusta\/n este, esta, estos, estas\u2026.? \u00bfQu\u00e9 prenda te gusta m\u00e1s? \u00bfPuedes describir\/ lo, la? \u00bfQu\u00e9 prenda te gusta menos? &hellip; <a href=\"https:\/\/blogg.folkuniversitetet.nu\/fuendi\/clase-del-18-de-junio\/\" class=\"more-link\">Forts\u00e4tt l\u00e4sa <span class=\"screen-reader-text\">Clase del 18 de junio<\/span> <span class=\"meta-nav\">&rarr;<\/span><\/a><\/p>\n","protected":false},"author":787,"featured_media":0,"parent":0,"menu_order":0,"comment_status":"closed","ping_status":"closed","template":"","meta":{"footnotes":""},"class_list":["post-655","page","type-page","status-publish","hentry"],"_links":{"self":[{"href":"https:\/\/blogg.folkuniversitetet.nu\/fuendi\/wp-json\/wp\/v2\/pages\/655","targetHints":{"allow":["GET"]}}],"collection":[{"href":"https:\/\/blogg.folkuniversitetet.nu\/fuendi\/wp-json\/wp\/v2\/pages"}],"about":[{"href":"https:\/\/blogg.folkuniversitetet.nu\/fuendi\/wp-json\/wp\/v2\/types\/page"}],"author":[{"embeddable":true,"href":"https:\/\/blogg.folkuniversitetet.nu\/fuendi\/wp-json\/wp\/v2\/users\/787"}],"replies":[{"embeddable":true,"href":"https:\/\/blogg.folkuniversitetet.nu\/fuendi\/wp-json\/wp\/v2\/comments?post=655"}],"version-history":[{"count":3,"href":"https:\/\/blogg.folkuniversitetet.nu\/fuendi\/wp-json\/wp\/v2\/pages\/655\/revisions"}],"predecessor-version":[{"id":659,"href":"https:\/\/blogg.folkuniversitetet.nu\/fuendi\/wp-json\/wp\/v2\/pages\/655\/revisions\/659"}],"wp:attachment":[{"href":"https:\/\/blogg.folkuniversitetet.nu\/fuendi\/wp-json\/wp\/v2\/media?parent=655"}],"curies":[{"name":"wp","href":"https:\/\/api.w.org\/{rel}","templated":true}]}}