{"id":647,"date":"2020-06-15T14:58:35","date_gmt":"2020-06-15T12:58:35","guid":{"rendered":"http:\/\/blogg.folkuniversitetet.nu\/fuendi\/?page_id=647"},"modified":"2020-06-15T15:18:12","modified_gmt":"2020-06-15T13:18:12","slug":"clase-del-11-de-junio","status":"publish","type":"page","link":"https:\/\/blogg.folkuniversitetet.nu\/fuendi\/clase-del-11-de-junio\/","title":{"rendered":"Clase del 11 de junio"},"content":{"rendered":"<h5>Notas del chat de la clase<\/h5>\n<p>LLamo para + infinitivo<br \/>\nLLamo para hacer una cita con el m\u00e9dico<br \/>\nLLamo para reservar una habitaci\u00f3n.<br \/>\nQuisiera hablar con &#8230;.<br \/>\nN\u00famero equivocado<br \/>\ncaro<br \/>\nOrdinales: sexto, s\u00e9ptimo, octavo, noveno, d\u00e9cimo<br \/>\nSe han construido muchos hospitales \u00faltimamente en el mundo.<br \/>\nMuchos hospitales han sido construidos \u00faltimamente por los gobiernos en el mundo.<br \/>\nSe alquilan casas frente a la playa<\/p>\n<p>la oficina \/ el estudio<br \/>\nmesa de noche<br \/>\nla esquina<br \/>\nsentado, parado<br \/>\nunos con otros<br \/>\ncolgar\u00a0 \u00a0 \u00a0 \u00a0 \u00a0Ella cuelga \/ est\u00e1 colgando unas luces<br \/>\na trav\u00e9s<\/p>\n<h5>Un di\u00e1logo, p. 132<\/h5>\n<p>A\u00a0 \u00a0 S\u00ed \/ Diga \/ D\u00edgame<\/p>\n<p>B\u00a0\u00a0\u00a0\u00a0\u00a0\u00a0 Hola \/ Buenos d\u00edas \u2013 tardes \u2013 noches. \u00bfEst\u00e1 el se\u00f1or Alejandro?<\/p>\n<p>A\u00a0\u00a0\u00a0\u00a0\u00a0\u00a0 \u00bfDe parte de qui\u00e9n?<\/p>\n<p>B\u00a0\u00a0\u00a0\u00a0\u00a0\u00a0 Soy \/ Me llamo Diana Fuenmayor y <u>llamo por<\/u> un apartamento en alquiler que est\u00e1 en San Isidro.<\/p>\n<p>A\u00a0\u00a0\u00a0\u00a0\u00a0\u00a0 Un momento, por favor.<\/p>\n<p>B\u00a0\u00a0\u00a0\u00a0\u00a0\u00a0 S\u00ed \/ Diga \/ D\u00edgame<\/p>\n<p>A\u00a0\u00a0\u00a0\u00a0\u00a0\u00a0 Hola \/ Buenos d\u00edas \u2013 tardes \u2013 noches. Soy \/ Me llamo Diana Fuenmayor y <u>llamo por<\/u> un apartamento en alquiler que est\u00e1 en San Isidro.<\/p>\n<p>B\u00a0\u00a0\u00a0\u00a0\u00a0\u00a0 S\u00ed, claro. El apartamento est\u00e1 totalmente renovado. Tiene dos habitaciones, terraza y una cocina grande. Tambi\u00e9n tiene acceso a Internet y un televisor.<\/p>\n<p>A\u00a0\u00a0\u00a0\u00a0\u00a0\u00a0 \u00bfY d\u00f3nde est\u00e1\/queda el apartamento exactamente?<\/p>\n<p>B\u00a0\u00a0\u00a0\u00a0\u00a0\u00a0 Est\u00e1 en la avenida Caseros 18.<\/p>\n<p>A\u00a0\u00a0\u00a0\u00a0\u00a0\u00a0 \u00bfY cu\u00e1nto es\/cuesta el alquiler?<\/p>\n<p>B\u00a0\u00a0\u00a0\u00a0\u00a0\u00a0 Son 3400 pesos al mes.<\/p>\n<p>A\u00a0\u00a0\u00a0\u00a0\u00a0\u00a0 Ah, qu\u00e9 bien. Estoy muy interesada. \u00bfCu\u00e1ndo puedo verlo?<\/p>\n<p>B\u00a0\u00a0\u00a0\u00a0\u00a0\u00a0 A ver\u2026 Una chica ha llamado y va a ver el apartamento el s\u00e1bado. Tal vez ella va a alquilar el apartamento.<\/p>\n<p>A\u00a0\u00a0\u00a0\u00a0\u00a0\u00a0 \u00bfAh, s\u00ed? Pues\u2026 \u00bfpuedo llamar otra vez el s\u00e1bado?<\/p>\n<p>B\u00a0\u00a0\u00a0\u00a0\u00a0\u00a0 \u00a1S\u00ed, claro!<\/p>\n<p>A \u00a0\u00a0\u00a0\u00a0\u00a0 De acuerdo. Hasta el s\u00e1bado entonces. Adi\u00f3s.<\/p>\n<p>B\u00a0\u00a0\u00a0\u00a0\u00a0\u00a0 Hasta luego.<\/p>\n<p>&nbsp;<\/p>\n<h5>La habitaci\u00f3n de Alan, p. 136-137.<\/h5>\n<p><strong>M\u00e1s vocabulario:<\/strong><\/p>\n<p>caro = dyr\u00a0\u00a0 \/\u00a0\u00a0 car<strong>\u00edsimo <\/strong>= muy caro = mycket dyr \/\u00a0\u00a0\u00a0 \u00edsimo = mycket \/ -jatte<\/p>\n<p>para m\u00ed = f\u00f6r mig<\/p>\n<p>a veces = ibland<\/p>\n<p>&nbsp;<\/p>\n<p>Lleva all\u00ed 6 a\u00f1os\u00a0 =\u00a0\u00a0 Ha vivido all\u00ed 6 a\u00f1os<\/p>\n<p>llevar = ha vivido<\/p>\n<p>llevar + tiempo = algo ha ocurrido durante un tiempo y ocurre todav\u00eda.<\/p>\n<p>Llevo 5 a\u00f1os casada = He estado casada 5 a\u00f1os.<\/p>\n<p>Llevo 3 meses en Suecia = He estado en Suecia 3 meses.<\/p>\n<p>&nbsp;<\/p>\n<p>ESTAR\u00a0\u00a0\u00a0\u00a0\u00a0\u00a0\u00a0\u00a0\u00a0\u00a0\u00a0\u00a0\u00a0\u00a0\u00a0\u00a0\u00a0\u00a0\u00a0\u00a0\u00a0\u00a0\u00a0\u00a0\u00a0\u00a0\u00a0\u00a0\u00a0\u00a0\u00a0\u00a0\u00a0 SER<\/p>\n<p>Yo \u00a0\u00a0\u00a0\u00a0\u00a0\u00a0\u00a0\u00a0\u00a0\u00a0\u00a0\u00a0 \u00a0\u00a0\u00a0\u00a0\u00a0\u00a0\u00a0\u00a0 He estado\u00a0\u00a0\u00a0\u00a0\u00a0\u00a0\u00a0\u00a0\u00a0\u00a0\u00a0\u00a0\u00a0\u00a0\u00a0\u00a0\u00a0\u00a0\u00a0\u00a0\u00a0\u00a0\u00a0\u00a0\u00a0\u00a0\u00a0\u00a0 He sido<\/p>\n<p>T\u00fa\u00a0\u00a0\u00a0\u00a0\u00a0\u00a0\u00a0\u00a0\u00a0\u00a0\u00a0\u00a0\u00a0 \u00a0\u00a0\u00a0\u00a0\u00a0\u00a0\u00a0\u00a0 Has estado\u00a0\u00a0\u00a0\u00a0\u00a0\u00a0\u00a0\u00a0\u00a0\u00a0\u00a0\u00a0\u00a0\u00a0\u00a0\u00a0\u00a0\u00a0\u00a0\u00a0\u00a0\u00a0\u00a0\u00a0\u00a0\u00a0 Has sido<\/p>\n<p>\u00c9l, ella,\u00a0\u00a0\u00a0\u00a0\u00a0 \u00a0\u00a0\u00a0\u00a0\u00a0\u00a0\u00a0\u00a0 Ha estado\u00a0\u00a0\u00a0\u00a0\u00a0\u00a0\u00a0\u00a0\u00a0\u00a0\u00a0\u00a0\u00a0\u00a0\u00a0\u00a0\u00a0\u00a0\u00a0\u00a0\u00a0\u00a0\u00a0\u00a0\u00a0\u00a0\u00a0\u00a0 Ha sido<\/p>\n<p>usted<\/p>\n<p>&nbsp;<\/p>\n<p>Nosotros\u00a0\u00a0\u00a0\u00a0\u00a0\u00a0\u00a0\u00a0\u00a0\u00a0\u00a0\u00a0 Hemos estado\u00a0\u00a0\u00a0\u00a0\u00a0\u00a0\u00a0\u00a0\u00a0\u00a0\u00a0\u00a0\u00a0\u00a0\u00a0\u00a0\u00a0\u00a0\u00a0\u00a0\u00a0 Hemos sido<\/p>\n<p>Vosotros\u00a0\u00a0\u00a0\u00a0\u00a0\u00a0\u00a0\u00a0\u00a0\u00a0\u00a0\u00a0 Hab\u00e9is estado\u00a0\u00a0\u00a0\u00a0\u00a0\u00a0\u00a0\u00a0\u00a0\u00a0\u00a0\u00a0\u00a0\u00a0\u00a0\u00a0\u00a0\u00a0\u00a0\u00a0\u00a0 Hab\u00e9is sido<\/p>\n<p>Ellos, ellas,\u00a0\u00a0\u00a0\u00a0\u00a0\u00a0\u00a0\u00a0 Han estado\u00a0\u00a0\u00a0\u00a0\u00a0\u00a0\u00a0\u00a0\u00a0\u00a0\u00a0\u00a0\u00a0\u00a0\u00a0\u00a0\u00a0\u00a0\u00a0\u00a0\u00a0\u00a0\u00a0\u00a0\u00a0\u00a0 Han sido<\/p>\n<p>ustedes<\/p>\n<p>&nbsp;<\/p>\n<p>He estado casada 20 a\u00f1os \/ Llevo casada 20 a\u00f1os.<\/p>\n<p>He estado embarazada dos veces \/ Llevo dos embarazos.<\/p>\n<p>Jaime ha estado en 9 pa\u00edses.<\/p>\n<p>Hemos estado en casa de mis padres todo el d\u00eda. Ellos han estado muy contentos.<\/p>\n<p>&nbsp;<\/p>\n<p>He sido maestra 15 a\u00f1os.<\/p>\n<p>Has sido alegre toda tu vida.<\/p>\n<p>Hemos sido muy felices juntos.<\/p>\n<p>Hab\u00e9is sido buenos padres.<\/p>\n<p>&nbsp;<\/p>\n<p>acabar de + infinitivo = man har just gjort n\u00e5got<\/p>\n<p>Acabo de cerrar la puerta = Jag har just st\u00e4ngt d\u00f6rren.<\/p>\n<p>Acabo de llegar a Buenos Aires. He venido a trabajar.<\/p>\n<p>Acabamos de cenar.<\/p>\n<p>&nbsp;<\/p>\n<h5>SE = <em>indefinita pronomet MAN<\/em><\/h5>\n<p>Ejemplo:<\/p>\n<p><strong>Se<\/strong> bebe mucho vino en Francia\u00a0 = <strong>Man<\/strong> dricker mycket vin i Frankrike<\/p>\n<p>Se vende = Till salu\u00a0\u00a0\u00a0\u00a0\u00a0\u00a0\u00a0\u00a0\u00a0\u00a0\u00a0\u00a0 Se vende una casa<\/p>\n<p>Se alquila = For rent\u00a0\u00a0\u00a0\u00a0\u00a0\u00a0\u00a0\u00a0\u00a0\u00a0\u00a0 Se alquila un apartamento<\/p>\n<p>Se venden frutas<\/p>\n<p>Se alquilan casas frente a la playa.<\/p>\n<p>&nbsp;<\/p>\n<h5><span style=\"color: #ff0000\">TAREA:<\/span><\/h5>\n<ul>\n<li>Todos los ejercicios de las p\u00e1ginas 142, 143 y 144.<\/li>\n<li>Prepararse para conversar con el ejercicio 1, p\u00e1gina 142, y con el ejercicio 8, p\u00e1gina 143.<\/li>\n<li>Ejercicio 11, p. 144 (pueden escribir en Word y mostrar el texto la pr\u00f3xima clase).<\/li>\n<li>Leer el texto \u00a1Vamos de compras!, p\u00e1ginas 149-151.<\/li>\n<\/ul>\n<p>&nbsp;<\/p>\n<p>&nbsp;<\/p>\n<p>&nbsp;<\/p>\n","protected":false},"excerpt":{"rendered":"<p>Notas del chat de la clase LLamo para + infinitivo LLamo para hacer una cita con el m\u00e9dico LLamo para reservar una habitaci\u00f3n. Quisiera hablar con &#8230;. N\u00famero equivocado caro Ordinales: sexto, s\u00e9ptimo, octavo, noveno, d\u00e9cimo Se han construido muchos hospitales \u00faltimamente en el mundo. Muchos hospitales han sido construidos \u00faltimamente por los gobiernos en &hellip; <a href=\"https:\/\/blogg.folkuniversitetet.nu\/fuendi\/clase-del-11-de-junio\/\" class=\"more-link\">Forts\u00e4tt l\u00e4sa <span class=\"screen-reader-text\">Clase del 11 de junio<\/span> <span class=\"meta-nav\">&rarr;<\/span><\/a><\/p>\n","protected":false},"author":787,"featured_media":0,"parent":0,"menu_order":0,"comment_status":"closed","ping_status":"closed","template":"","meta":{"footnotes":""},"class_list":["post-647","page","type-page","status-publish","hentry"],"_links":{"self":[{"href":"https:\/\/blogg.folkuniversitetet.nu\/fuendi\/wp-json\/wp\/v2\/pages\/647","targetHints":{"allow":["GET"]}}],"collection":[{"href":"https:\/\/blogg.folkuniversitetet.nu\/fuendi\/wp-json\/wp\/v2\/pages"}],"about":[{"href":"https:\/\/blogg.folkuniversitetet.nu\/fuendi\/wp-json\/wp\/v2\/types\/page"}],"author":[{"embeddable":true,"href":"https:\/\/blogg.folkuniversitetet.nu\/fuendi\/wp-json\/wp\/v2\/users\/787"}],"replies":[{"embeddable":true,"href":"https:\/\/blogg.folkuniversitetet.nu\/fuendi\/wp-json\/wp\/v2\/comments?post=647"}],"version-history":[{"count":5,"href":"https:\/\/blogg.folkuniversitetet.nu\/fuendi\/wp-json\/wp\/v2\/pages\/647\/revisions"}],"predecessor-version":[{"id":653,"href":"https:\/\/blogg.folkuniversitetet.nu\/fuendi\/wp-json\/wp\/v2\/pages\/647\/revisions\/653"}],"wp:attachment":[{"href":"https:\/\/blogg.folkuniversitetet.nu\/fuendi\/wp-json\/wp\/v2\/media?parent=647"}],"curies":[{"name":"wp","href":"https:\/\/api.w.org\/{rel}","templated":true}]}}